{"id":1442,"date":"2026-01-20T12:08:23","date_gmt":"2026-01-20T12:08:23","guid":{"rendered":"https:\/\/bonuskongcasino.com\/app-2\/"},"modified":"2026-05-04T11:06:16","modified_gmt":"2026-05-04T10:06:16","slug":"app","status":"publish","type":"page","link":"https:\/\/liraluckplay.com\/de\/app\/","title":{"rendered":"App"},"content":{"rendered":"<h1>Liraluck Mobile Plattform<\/h1>\n<p>Sie m\u00fcssen nicht warten, bis Sie wieder zu Hause an Ihrem Computer sind, um unsere Online-Slots oder andere Titel zu spielen. Mit der Liraluck App k\u00f6nnen unsere Nutzer spielen, wann immer sie wollen, egal wo sie sich gerade befinden. Alles, was Sie ben\u00f6tigen, ist Ihr Mobiltelefon und eine stabile Internetverbindung. Die App l\u00e4uft reibungslos auf iOS und Android, sodass Spieler nicht auf bestimmte Ger\u00e4te beschr\u00e4nkt sind.<\/p>\n<div class=\"banner-wrap\" aria-label=\"Banner\"><img src=\"https:\/\/liraluckplay.com\/wp-content\/uploads\/2026\/05\/Liraluck-banner-desktop.webp\" class=\"w-100 d-none d-lg-block img-pc main-banner-img\" alt=\"Liraluck banner desktop\" fetchpriority=\"high\" decoding=\"async\"><img src=\"https:\/\/liraluckplay.com\/wp-content\/uploads\/2026\/05\/liraluck-banner-mobile.png\" class=\"w-100 d-none d-md-block d-lg-none main-banner-img\" alt=\"liraluck banner mobile\" fetchpriority=\"high\" decoding=\"async\"><img src=\"https:\/\/liraluckplay.com\/wp-content\/uploads\/2026\/05\/liraluck-banner-mobile.png\" class=\"w-100 d-md-none\" alt=\"liraluck banner mobile\" fetchpriority=\"high\" decoding=\"async\"><div class=\"banner-description\">\n<div class=\"banner-title\">Willkommensboni<\/div>\n<p class=\"banner-header-title\">1500 \u20ac<\/p>\n<div class=\"banner-header-AdditionalText\">+ 250 Freispiele<\/div>\n<button data-item=\"homepage_banner_link\" class=\"goto m-button m-gradient-border m-button--primary m-button--large banner-button btn-orange\">\n            <div class=\"m-button-content\">\n                <span>Jetzt anmelden<\/span>\n                <span><\/span>\n            <\/div>\n        <\/button>\n<\/div>\n<div class=\"WelcomePack\">\n<p><img loading=\"lazy\" decoding=\"async\" class=\"alignnone size-full wp-image-1856\" src=\"https:\/\/liraluckplay.com\/wp-content\/uploads\/2026\/05\/welcome-crown.png\" alt=\"crown\" width=\"25\" height=\"26\" \/><\/p>\n<div class=\"WelcomePack-Info\">W\u00f6chentlicher Cashback von bis zu 25 %<\/div>\n<p><img loading=\"lazy\" decoding=\"async\" class=\"alignnone size-full wp-image-1856\" src=\"https:\/\/liraluckplay.com\/wp-content\/uploads\/2026\/05\/welcome-crown.png\" alt=\"crown\" width=\"25\" height=\"26\" \/><\/p>\n<\/div>\n<\/div>\n<h2>Nutzung von Liraluck auf Mobilger\u00e4ten<\/h2>\n<p>Anstatt eine native App zu entwickeln, haben wir uns daf\u00fcr entschieden, dass eine progressive Webanwendung f\u00fcr unsere Spieler komfortabler w\u00e4re. Sie funktioniert plattform\u00fcbergreifend, sodass keine zwei separaten Programme f\u00fcr Android und iOS erforderlich sind. Liraluck Casino verwendet TLS und 256-Bit-AES-Verschl\u00fcsselung, um die Daten auf der Website zu sch\u00fctzen. Das Gleiche gilt f\u00fcr unsere PWA, wodurch sichergestellt wird, dass Ihre mobilen Sitzungen genauso sicher sind wie das Spielen vom Desktop aus.<\/p>\n<p>Die Informationen zu Ihrem Liraluck Casino Kontostand und anderen Profildetails werden mit dem Ger\u00e4t synchronisiert, das Sie beim Einloggen ausw\u00e4hlen. Auf diese Weise k\u00f6nnen Spieler Einzahlungen vornehmen und ihre Gewinne auszahlen lassen, ihre Kontoeinstellungen verwalten und die anderen Funktionen ganz einfach \u00fcber ihr Smartphone oder Tablet nutzen.<\/p>\n<p>Hier sind einige Vorteile von PWAs.<\/p>\n<table>\n<tbody>\n<tr>\n<td>Vorteil<\/td>\n<td>Details<\/td>\n<\/tr>\n<tr>\n<td>Einfach zug\u00e4nglich<\/td>\n<td>Sie m\u00fcssen die App nicht von Websites Dritter oder aus App-Stores herunterladen. Spieler k\u00f6nnen \u00fcber jeden Browser auf die Liraluck-PWA-App zugreifen und sie mit wenigen Klicks direkt von unserer Website installieren.<\/td>\n<\/tr>\n<tr>\n<td>Unterst\u00fctzung mehrerer Plattformen<\/td>\n<td>Die Liraluck App funktioniert auf Android, iOS, macOS und Windows, sodass Sie auf jedem Ger\u00e4t spielen k\u00f6nnen.<\/td>\n<\/tr>\n<tr>\n<td>Schnelles Laden und geringer Speicherbedarf<\/td>\n<td>Sie ist ressourcenschonend und beansprucht daher nur wenig Speicherplatz. Deshalb l\u00e4dt sie schnell. Au\u00dferdem ist das Lira Luck Casino so optimiert, dass es ohne Unterbrechungen funktioniert.<\/td>\n<\/tr>\n<tr>\n<td>Automatische Updates<\/td>\n<td>Unsere PWA-Anwendung ist immer auf dem neuesten Stand, da sie automatisch aktualisiert wird, sobald wir \u00c4nderungen an der Website vornehmen. Sie m\u00fcssen dies nicht manuell tun.<\/td>\n<\/tr>\n<\/tbody>\n<\/table>\n<p>Sollten Probleme mit der Anwendung auftreten oder Sie lediglich Informationen kl\u00e4ren wollen, wenden Sie sich gerne an unseren Kundensupport, um Hilfe zu erhalten. Sie k\u00f6nnen den Live-Chat nutzen, der auch in den Anwendungen verf\u00fcgbar ist, oder uns eine E-Mail senden.<\/p>\n<p><div class=\"scrollable-content-wrap my-5\"><div class=\"scrollable-content-inner\"><h2>Liraluck Android App<\/h2>\n<p>F\u00fcr Android-Nutzer gibt es keine separaten APK-Dateien, sodass Sie unser mobiles Casino einfach \u00fcber den Browser Ihres Smartphones nutzen oder die Liraluck App von der Website installieren k\u00f6nnen. So k\u00f6nnen Spieler ihr Spielerlebnis auch unterwegs genie\u00dfen. Die App ist f\u00fcr verschiedene Bildschirmtypen optimiert, und Spieler k\u00f6nnen problemlos zwischen Ger\u00e4ten wechseln. Um die Lira Luck App zu installieren und schneller auf unser mobiles Casino zuzugreifen, k\u00f6nnen Spieler die folgenden Schritte befolgen.<\/p>\n<table>\n<tbody>\n<tr>\n<td>Schritte<\/td>\n<td>Details<\/td>\n<\/tr>\n<tr>\n<td>Schritt 1<\/td>\n<td>\u00d6ffnen Sie unsere Website \u00fcber den von Ihnen verwendeten mobilen Browser.<\/td>\n<\/tr>\n<tr>\n<td>Schritt 2<\/td>\n<td>Suchen Sie die drei Punkte neben der Suchleiste.<\/td>\n<\/tr>\n<tr>\n<td>Schritt 3<\/td>\n<td>Tippen Sie auf das Symbol und w\u00e4hlen Sie die Option \u201eZum Startbildschirm hinzuf\u00fcgen\u201c.<\/td>\n<\/tr>\n<tr>\n<td>Schritt 4<\/td>\n<td>Stimmen Sie der Installation der App zu, um das Marken-Symbol auf Ihrem Startbildschirm zu erhalten.<\/td>\n<\/tr>\n<\/tbody>\n<\/table>\n<p>Bitte stellen Sie sicher, dass Sie Ihre Sitzung beenden, bevor Sie von der mobilen Version zur Desktop-Version wechseln und umgekehrt. Bei Lira Luck Casino k\u00f6nnen Spieler nur ein aktives Konto haben. Wenn Sie sich also nicht von einem Ger\u00e4t abmelden, k\u00f6nnen Sie sich nicht auf einem anderen anmelden.<\/p>\n<p><img loading=\"lazy\" decoding=\"async\" class=\"alignnone size-full wp-image-1936\" src=\"https:\/\/liraluckplay.com\/wp-content\/uploads\/2026\/05\/Liraluck-Android-App.webp\" alt=\"Liraluck Android App\" width=\"1248\" height=\"536\" srcset=\"https:\/\/liraluckplay.com\/wp-content\/uploads\/2026\/05\/Liraluck-Android-App.webp 1248w, https:\/\/liraluckplay.com\/wp-content\/uploads\/2026\/05\/Liraluck-Android-App-300x129.webp 300w, https:\/\/liraluckplay.com\/wp-content\/uploads\/2026\/05\/Liraluck-Android-App-1024x440.webp 1024w, https:\/\/liraluckplay.com\/wp-content\/uploads\/2026\/05\/Liraluck-Android-App-768x330.webp 768w\" sizes=\"(max-width: 1248px) 100vw, 1248px\" \/><\/p>\n<\/div><\/div><div style=\"clear: both\"><\/div><div class=\"d-flex justify-content-center\"><button data-item=\"decouvrez_link\" data-group=\"website_links\" class=\"goto fw-bold rounded-pill btn btn-orange\" aria-label=\"Laden Sie die Liraluck-App herunter\" >Laden Sie die Liraluck-App herunter<\/button><\/div><div class=\"scrollable-content-wrap my-5\"><div class=\"scrollable-content-inner\"><h2>Liraluck iOS App<\/h2>\n<p>Es gibt keinen Unterschied zwischen der Funktionsweise unserer App auf Android und iOS, sodass Sie die Verkn\u00fcpfung auf die gleiche Weise erstellen k\u00f6nnen. Sobald Sie fertig sind, k\u00f6nnen Sie sich bei Ihrem Lira Luck Konto anmelden und das gleiche Design und die gleichen Funktionen wie auf der Website genie\u00dfen. Einige Funktionen lassen sich auf dem Handy sogar noch einfacher nutzen. Beispielsweise k\u00f6nnen Spieler den Verifizierungsprozess abschlie\u00dfen, indem sie die erforderlichen Dokumente von ihrem iPhone oder iPad aus senden, ohne sie auf einen PC hochladen zu m\u00fcssen.<\/p>\n<p>Einige Spiele lassen sich auf dem kleineren Bildschirm zudem bequemer spielen. Bei Bedarf k\u00f6nnen sich Nutzer jederzeit auf ihrem Mobiltelefon von ihrem Konto abmelden und sich von einem Computer aus anmelden; alle Daten werden nach der Autorisierung zwischen den Ger\u00e4ten synchronisiert.<\/p>\n<p><img loading=\"lazy\" decoding=\"async\" class=\"alignnone size-full wp-image-1944\" src=\"https:\/\/liraluckplay.com\/wp-content\/uploads\/2026\/05\/Liraluck-iOS-App.webp\" alt=\"Liraluck iOS App\" width=\"1248\" height=\"536\" srcset=\"https:\/\/liraluckplay.com\/wp-content\/uploads\/2026\/05\/Liraluck-iOS-App.webp 1248w, https:\/\/liraluckplay.com\/wp-content\/uploads\/2026\/05\/Liraluck-iOS-App-300x129.webp 300w, https:\/\/liraluckplay.com\/wp-content\/uploads\/2026\/05\/Liraluck-iOS-App-1024x440.webp 1024w, https:\/\/liraluckplay.com\/wp-content\/uploads\/2026\/05\/Liraluck-iOS-App-768x330.webp 768w\" sizes=\"(max-width: 1248px) 100vw, 1248px\" \/><\/p>\n<\/div><\/div><div style=\"clear: both\"><\/div><div class=\"d-flex justify-content-center\"><button data-item=\"decouvrez_link\" data-group=\"website_links\" class=\"goto fw-bold rounded-pill btn btn-orange\" aria-label=\"Liraluck herunterladen\" >Liraluck herunterladen<\/button><\/div><div class=\"scrollable-content-wrap my-5\"><div class=\"scrollable-content-inner\"><h2>Windows- und macOS-Anwendungen<\/h2>\n<p>Spieler k\u00f6nnen unsere App auch auf ihren Computern und Laptops ausf\u00fchren, um sich ein paar Schritte zu sparen und schneller mit dem Spielen im Liraluck Casino zu beginnen. Unsere Plattform ist vollst\u00e4ndig f\u00fcr Windows und macOS optimiert, sodass Sie eine kompakte Verkn\u00fcpfung installieren k\u00f6nnen, die das Casino sofort in einem separaten Fenster \u00f6ffnet. Spieler k\u00f6nnen das Liraluck Casino aber auch einfach \u00fcber ihren Browser \u00f6ffnen; das ist reine Geschmackssache. Unsere Anwendung wird im Hintergrund aktualisiert, sodass Sie stets mit der neuesten Version der Plattform spielen.<\/p>\n<p><img loading=\"lazy\" decoding=\"async\" class=\"alignnone size-full wp-image-1952\" src=\"https:\/\/liraluckplay.com\/wp-content\/uploads\/2026\/05\/Liraluck-Desktop.webp\" alt=\"Liraluck Desktop\" width=\"1248\" height=\"536\" srcset=\"https:\/\/liraluckplay.com\/wp-content\/uploads\/2026\/05\/Liraluck-Desktop.webp 1248w, https:\/\/liraluckplay.com\/wp-content\/uploads\/2026\/05\/Liraluck-Desktop-300x129.webp 300w, https:\/\/liraluckplay.com\/wp-content\/uploads\/2026\/05\/Liraluck-Desktop-1024x440.webp 1024w, https:\/\/liraluckplay.com\/wp-content\/uploads\/2026\/05\/Liraluck-Desktop-768x330.webp 768w\" sizes=\"(max-width: 1248px) 100vw, 1248px\" \/><\/p>\n<\/div><\/div><div style=\"clear: both\"><\/div><div class=\"d-flex justify-content-center\"><button data-item=\"decouvrez_link\" data-group=\"website_links\" class=\"goto fw-bold rounded-pill btn btn-orange\" aria-label=\"Laden Sie die Liraluck-App herunter\" >Laden Sie die Liraluck-App herunter<\/button><\/div><div class=\"scrollable-content-wrap my-5\"><div class=\"scrollable-content-inner\"><h2>FAQ<\/h2>\n<h3>Wird mein Konto gel\u00f6scht, wenn ich die Lira Luck App deinstalliere?<\/h3>\n<p>Nein, Ihr Konto ist vollkommen sicher und kann nicht mit der App gel\u00f6scht werden. Die Profildaten werden auf dem Server gespeichert, w\u00e4hrend die App direkt auf Ihrem Ger\u00e4t installiert ist. Selbst wenn Sie die App neu installieren oder \u00fcber einen Browser darauf zugreifen, k\u00f6nnen Sie sich also in Ihr Liraluck Konto einloggen. Wenn Sie Ihr Profil l\u00f6schen m\u00f6chten, m\u00fcssen Sie sich an unseren Kundendienst wenden.<\/p>\n<h3>Gibt es einen Unterschied zwischen Ihrem Desktop- und Ihrem mobilen Spielekatalog?<\/h3>\n<p>Unsere App spiegelt die Funktionalit\u00e4t unserer Website wider, sodass Sie auf jedem Ger\u00e4t auf den vollst\u00e4ndigen Spielekatalog zugreifen k\u00f6nnen. Es gibt keine Unterschiede bei den Titeln, und das mobile Spielerlebnis ist ebenso fl\u00fcssig, da sich die App automatisch an Ihre Bildschirmgr\u00f6\u00dfe anpasst.<\/p>\n<h3>L\u00e4uft die PWA auch auf \u00e4lteren Ger\u00e4ten reibungslos?<\/h3>\n<p>Progressive Web-Anwendungen sind schlanker als native Apps und laufen auf einer Vielzahl von Ger\u00e4ten reibungslos. Die Liraluck Casino App ist so optimiert, dass sie selbst auf \u00e4lteren Modellen eine stabile Leistung und reaktionsschnelles Gameplay mit minimalen Ladezeiten bietet.<\/p>\n<\/div><\/div><\/p>\n","protected":false},"excerpt":{"rendered":"<p>Liraluck Mobile Plattform Sie m\u00fcssen nicht warten, bis Sie wieder zu Hause an Ihrem Computer sind, um unsere Online-Slots oder andere Titel zu spielen. Mit der Liraluck App k\u00f6nnen unsere Nutzer spielen, wann immer sie wollen, egal wo sie sich gerade befinden. Alles, was Sie ben\u00f6tigen, ist Ihr Mobiltelefon und eine stabile Internetverbindung. Die App [&hellip;]<\/p>\n","protected":false},"author":1,"featured_media":0,"parent":0,"menu_order":0,"comment_status":"closed","ping_status":"closed","template":"template-builder.php","meta":{"_acf_changed":false,"inline_featured_image":false,"footnotes":""},"class_list":["post-1442","page","type-page","status-publish","hentry"],"acf":[],"yoast_head":"<!-- This site is optimized with the Yoast SEO plugin v24.4 - https:\/\/yoast.com\/wordpress\/plugins\/seo\/ -->\n<title>Liraluck App | iOS- und Android-Plattformen<\/title>\n<meta name=\"description\" content=\"Die Liraluck-App bietet reibungsloses Casino-Gaming auf Android, iOS, Windows und macOS mit synchronisierten Konten, regelm\u00e4\u00dfigen Updates und integriertem Kundensupport f\u00fcr ein stressfreies Erlebnis.\" \/>\n<meta name=\"robots\" content=\"index, follow, max-snippet:-1, max-image-preview:large, max-video-preview:-1\" \/>\n<link rel=\"canonical\" href=\"https:\/\/liraluckplay.com\/de\/app\/\" \/>\n<meta property=\"og:locale\" content=\"de_DE\" \/>\n<meta property=\"og:type\" content=\"article\" \/>\n<meta property=\"og:title\" content=\"Liraluck App | iOS- und Android-Plattformen\" \/>\n<meta property=\"og:description\" content=\"Die Liraluck-App bietet reibungsloses Casino-Gaming auf Android, iOS, Windows und macOS mit synchronisierten Konten, regelm\u00e4\u00dfigen Updates und integriertem Kundensupport f\u00fcr ein stressfreies Erlebnis.\" \/>\n<meta property=\"og:url\" content=\"https:\/\/liraluckplay.com\/de\/app\/\" \/>\n<meta property=\"og:site_name\" content=\"liraluck\" \/>\n<meta property=\"article:modified_time\" content=\"2026-05-04T10:06:16+00:00\" \/>\n<meta name=\"twitter:card\" content=\"summary_large_image\" \/>\n<meta name=\"twitter:label1\" content=\"Gesch\u00e4tzte Lesezeit\" \/>\n\t<meta name=\"twitter:data1\" content=\"2\u00a0Minuten\" \/>\n<script type=\"application\/ld+json\" class=\"yoast-schema-graph\">{\"@context\":\"https:\/\/schema.org\",\"@graph\":[{\"@type\":\"WebPage\",\"@id\":\"https:\/\/liraluckplay.com\/de\/app\/\",\"url\":\"https:\/\/liraluckplay.com\/de\/app\/\",\"name\":\"Liraluck App | iOS- und Android-Plattformen\",\"isPartOf\":{\"@id\":\"https:\/\/liraluckplay.com\/de\/#website\"},\"datePublished\":\"2026-01-20T12:08:23+00:00\",\"dateModified\":\"2026-05-04T10:06:16+00:00\",\"description\":\"Die Liraluck-App bietet reibungsloses Casino-Gaming auf Android, iOS, Windows und macOS mit synchronisierten Konten, regelm\u00e4\u00dfigen Updates und integriertem Kundensupport f\u00fcr ein stressfreies Erlebnis.\",\"breadcrumb\":{\"@id\":\"https:\/\/liraluckplay.com\/de\/app\/#breadcrumb\"},\"inLanguage\":\"de\",\"potentialAction\":[{\"@type\":\"ReadAction\",\"target\":[\"https:\/\/liraluckplay.com\/de\/app\/\"]}]},{\"@type\":\"BreadcrumbList\",\"@id\":\"https:\/\/liraluckplay.com\/de\/app\/#breadcrumb\",\"itemListElement\":[{\"@type\":\"ListItem\",\"position\":1,\"name\":\"Liraluck\",\"item\":\"https:\/\/liraluckplay.com\/de\/\"},{\"@type\":\"ListItem\",\"position\":2,\"name\":\"App\"}]},{\"@type\":\"WebSite\",\"@id\":\"https:\/\/liraluckplay.com\/de\/#website\",\"url\":\"https:\/\/liraluckplay.com\/de\/\",\"name\":\"Liraluck\",\"description\":\"\",\"publisher\":{\"@id\":\"https:\/\/liraluckplay.com\/de\/#organization\"},\"potentialAction\":[{\"@type\":\"SearchAction\",\"target\":{\"@type\":\"EntryPoint\",\"urlTemplate\":\"https:\/\/liraluckplay.com\/de\/?s={search_term_string}\"},\"query-input\":{\"@type\":\"PropertyValueSpecification\",\"valueRequired\":true,\"valueName\":\"search_term_string\"}}],\"inLanguage\":\"de\"},{\"@type\":\"Organization\",\"@id\":\"https:\/\/liraluckplay.com\/de\/#organization\",\"name\":\"Liraluck\",\"url\":\"https:\/\/liraluckplay.com\/de\/\",\"logo\":{\"@type\":\"ImageObject\",\"inLanguage\":\"de\",\"@id\":\"https:\/\/liraluckplay.com\/de\/#\/schema\/logo\/image\/\",\"url\":\"https:\/\/liraluckplay.com\/wp-content\/uploads\/2026\/05\/logo-liraluck.png\",\"contentUrl\":\"https:\/\/liraluckplay.com\/wp-content\/uploads\/2026\/05\/logo-liraluck.png\",\"width\":150,\"height\":47,\"caption\":\"Liraluck\"},\"image\":{\"@id\":\"https:\/\/liraluckplay.com\/de\/#\/schema\/logo\/image\/\"}}]}<\/script>\n<!-- \/ Yoast SEO plugin. -->","yoast_head_json":{"title":"Liraluck App | iOS- und Android-Plattformen","description":"Die Liraluck-App bietet reibungsloses Casino-Gaming auf Android, iOS, Windows und macOS mit synchronisierten Konten, regelm\u00e4\u00dfigen Updates und integriertem Kundensupport f\u00fcr ein stressfreies Erlebnis.","robots":{"index":"index","follow":"follow","max-snippet":"max-snippet:-1","max-image-preview":"max-image-preview:large","max-video-preview":"max-video-preview:-1"},"canonical":"https:\/\/liraluckplay.com\/de\/app\/","og_locale":"de_DE","og_type":"article","og_title":"Liraluck App | iOS- und Android-Plattformen","og_description":"Die Liraluck-App bietet reibungsloses Casino-Gaming auf Android, iOS, Windows und macOS mit synchronisierten Konten, regelm\u00e4\u00dfigen Updates und integriertem Kundensupport f\u00fcr ein stressfreies Erlebnis.","og_url":"https:\/\/liraluckplay.com\/de\/app\/","og_site_name":"liraluck","article_modified_time":"2026-05-04T10:06:16+00:00","twitter_card":"summary_large_image","twitter_misc":{"Gesch\u00e4tzte Lesezeit":"2\u00a0Minuten"},"schema":{"@context":"https:\/\/schema.org","@graph":[{"@type":"WebPage","@id":"https:\/\/liraluckplay.com\/de\/app\/","url":"https:\/\/liraluckplay.com\/de\/app\/","name":"Liraluck App | iOS- und Android-Plattformen","isPartOf":{"@id":"https:\/\/liraluckplay.com\/de\/#website"},"datePublished":"2026-01-20T12:08:23+00:00","dateModified":"2026-05-04T10:06:16+00:00","description":"Die Liraluck-App bietet reibungsloses Casino-Gaming auf Android, iOS, Windows und macOS mit synchronisierten Konten, regelm\u00e4\u00dfigen Updates und integriertem Kundensupport f\u00fcr ein stressfreies Erlebnis.","breadcrumb":{"@id":"https:\/\/liraluckplay.com\/de\/app\/#breadcrumb"},"inLanguage":"de","potentialAction":[{"@type":"ReadAction","target":["https:\/\/liraluckplay.com\/de\/app\/"]}]},{"@type":"BreadcrumbList","@id":"https:\/\/liraluckplay.com\/de\/app\/#breadcrumb","itemListElement":[{"@type":"ListItem","position":1,"name":"Liraluck","item":"https:\/\/liraluckplay.com\/de\/"},{"@type":"ListItem","position":2,"name":"App"}]},{"@type":"WebSite","@id":"https:\/\/liraluckplay.com\/de\/#website","url":"https:\/\/liraluckplay.com\/de\/","name":"Liraluck","description":"","publisher":{"@id":"https:\/\/liraluckplay.com\/de\/#organization"},"potentialAction":[{"@type":"SearchAction","target":{"@type":"EntryPoint","urlTemplate":"https:\/\/liraluckplay.com\/de\/?s={search_term_string}"},"query-input":{"@type":"PropertyValueSpecification","valueRequired":true,"valueName":"search_term_string"}}],"inLanguage":"de"},{"@type":"Organization","@id":"https:\/\/liraluckplay.com\/de\/#organization","name":"Liraluck","url":"https:\/\/liraluckplay.com\/de\/","logo":{"@type":"ImageObject","inLanguage":"de","@id":"https:\/\/liraluckplay.com\/de\/#\/schema\/logo\/image\/","url":"https:\/\/liraluckplay.com\/wp-content\/uploads\/2026\/05\/logo-liraluck.png","contentUrl":"https:\/\/liraluckplay.com\/wp-content\/uploads\/2026\/05\/logo-liraluck.png","width":150,"height":47,"caption":"Liraluck"},"image":{"@id":"https:\/\/liraluckplay.com\/de\/#\/schema\/logo\/image\/"}}]}},"_links":{"self":[{"href":"https:\/\/liraluckplay.com\/de\/wp-json\/wp\/v2\/pages\/1442"}],"collection":[{"href":"https:\/\/liraluckplay.com\/de\/wp-json\/wp\/v2\/pages"}],"about":[{"href":"https:\/\/liraluckplay.com\/de\/wp-json\/wp\/v2\/types\/page"}],"author":[{"embeddable":true,"href":"https:\/\/liraluckplay.com\/de\/wp-json\/wp\/v2\/users\/1"}],"replies":[{"embeddable":true,"href":"https:\/\/liraluckplay.com\/de\/wp-json\/wp\/v2\/comments?post=1442"}],"version-history":[{"count":4,"href":"https:\/\/liraluckplay.com\/de\/wp-json\/wp\/v2\/pages\/1442\/revisions"}],"predecessor-version":[{"id":2077,"href":"https:\/\/liraluckplay.com\/de\/wp-json\/wp\/v2\/pages\/1442\/revisions\/2077"}],"wp:attachment":[{"href":"https:\/\/liraluckplay.com\/de\/wp-json\/wp\/v2\/media?parent=1442"}],"curies":[{"name":"wp","href":"https:\/\/api.w.org\/{rel}","templated":true}]}}