{"id":1483,"date":"2026-01-20T12:11:11","date_gmt":"2026-01-20T12:11:11","guid":{"rendered":"https:\/\/bonuskongcasino.com\/login-and-registration\/"},"modified":"2026-05-04T11:08:10","modified_gmt":"2026-05-04T10:08:10","slug":"anmeldung-und-registrierung","status":"publish","type":"page","link":"https:\/\/liraluckplay.com\/de\/anmeldung-und-registrierung\/","title":{"rendered":"Anmeldung und Registrierung"},"content":{"rendered":"<h1>Anmeldung und Registrierung bei Liraluck<\/h1>\n<p>Um alle Funktionen unseres Online-Casinos nutzen zu k\u00f6nnen, empfehlen wir unseren Spielern, ein Profil zu registrieren. In wenigen einfachen Schritten k\u00f6nnen Sie den Liraluck Login abschlie\u00dfen, um Ihr Konto zu verwalten und jedes Spiel aus unserer Sammlung mit echten Eins\u00e4tzen und Gewinnen zu spielen. Registrierte Nutzer erhalten zudem Zugang zu unseren gro\u00dfz\u00fcgigen Aktionen, darunter ein Willkommenspaket von bis zu 1.500 \u20ac plus 250 Freispiele.<\/p>\n<p><div class=\"banner-wrap\" aria-label=\"Banner\"><img src=\"https:\/\/liraluckplay.com\/wp-content\/uploads\/2026\/05\/Liraluck-banner-desktop.webp\" class=\"w-100 d-none d-lg-block img-pc main-banner-img\" alt=\"Liraluck banner desktop\" fetchpriority=\"high\" decoding=\"async\"><img src=\"https:\/\/liraluckplay.com\/wp-content\/uploads\/2026\/05\/liraluck-banner-mobile.png\" class=\"w-100 d-none d-md-block d-lg-none main-banner-img\" alt=\"liraluck banner mobile\" fetchpriority=\"high\" decoding=\"async\"><img src=\"https:\/\/liraluckplay.com\/wp-content\/uploads\/2026\/05\/liraluck-banner-mobile.png\" class=\"w-100 d-md-none\" alt=\"liraluck banner mobile\" fetchpriority=\"high\" decoding=\"async\"><div class=\"banner-description\">\n<div class=\"banner-title\">Willkommensboni<\/div>\n<p class=\"banner-header-title\">1500 \u20ac<\/p>\n<div class=\"banner-header-AdditionalText\">+ 250 Freispiele<\/div>\n<button data-item=\"homepage_banner_link\" class=\"goto m-button m-gradient-border m-button--primary m-button--large banner-button btn-orange\">\n            <div class=\"m-button-content\">\n                <span>Jetzt anmelden<\/span>\n                <span><\/span>\n            <\/div>\n        <\/button>\n<\/div>\n<div class=\"WelcomePack\">\n<p><img loading=\"lazy\" decoding=\"async\" class=\"alignnone size-full wp-image-1856\" src=\"https:\/\/liraluckplay.com\/wp-content\/uploads\/2026\/05\/welcome-crown.png\" alt=\"crown\" width=\"25\" height=\"26\" \/><\/p>\n<div class=\"WelcomePack-Info\">W\u00f6chentlicher Cashback von bis zu 25 %<\/div>\n<p><img loading=\"lazy\" decoding=\"async\" class=\"alignnone size-full wp-image-1856\" src=\"https:\/\/liraluckplay.com\/wp-content\/uploads\/2026\/05\/welcome-crown.png\" alt=\"crown\" width=\"25\" height=\"26\" \/><\/p>\n<\/div>\n<\/div><div class=\"scrollable-content-wrap my-5\"><div class=\"scrollable-content-inner\"><h2>Neuanmeldung bei Lira Luck<\/h2>\n<p>Ihre Sicherheit und ein positives Spielerlebnis haben f\u00fcr uns oberste Priorit\u00e4t. Bei Liraluck Casino setzen wir spezielle Anti-Bot-Systeme und eine 256-Bit-AES-Verschl\u00fcsselung ein, um Ihre pers\u00f6nlichen Daten ab dem Moment Ihrer Anmeldung zu sch\u00fctzen. Spieler d\u00fcrfen nur ein Konto besitzen und m\u00fcssen vollj\u00e4hrig sein, um sich registrieren zu k\u00f6nnen.<\/p>\n<h3>Erstellen Sie Ihr Konto<\/h3>\n<p>Um sich bei Liraluck Casino zu registrieren, m\u00fcssen Sie die Schaltfl\u00e4che \u201eAnmelden\u201c suchen und anklicken. Dadurch \u00f6ffnet sich das Formular, das Sie mit Ihren pers\u00f6nlichen Daten ausf\u00fcllen und unseren Allgemeinen Gesch\u00e4ftsbedingungen zustimmen m\u00fcssen, um den Vorgang abzuschlie\u00dfen.<\/p>\n<p>Hier sind die Informationen, die Spieler bei der Registrierung angeben m\u00fcssen.<\/p>\n<table>\n<tbody>\n<tr>\n<td>Erforderliche Daten<\/td>\n<td>Angaben<\/td>\n<\/tr>\n<tr>\n<td>E-Mail<\/td>\n<td>Sie m\u00fcssen Ihre aktive E-Mail-Adresse verkn\u00fcpfen, damit Sie sich sp\u00e4ter damit anmelden, Best\u00e4tigungs-E-Mails erhalten und bei Bedarf den Zugriff auf Ihr Konto wiederherstellen k\u00f6nnen.<\/td>\n<\/tr>\n<tr>\n<td>Passwort<\/td>\n<td>Erstellen Sie ein sicheres Passwort, idealerweise eines, das Sie noch nicht auf anderen Plattformen verwendet haben. Es muss mindestens 6 Zeichen lang sein.<\/td>\n<\/tr>\n<tr>\n<td>Name und Geburtsdatum<\/td>\n<td>Wir ben\u00f6tigen diese Angaben, um Ihre Identit\u00e4t im Rahmen unserer Know-Your-Customer-Richtlinie zu best\u00e4tigen und um zu \u00fcberpr\u00fcfen, ob Sie vollj\u00e4hrig sind. Achten Sie darauf, dass die Schreibweise korrekt ist und mit Ihren Dokumenten \u00fcbereinstimmt.<\/td>\n<\/tr>\n<tr>\n<td>Handynummer und Adresse<\/td>\n<td>Diese Informationen helfen uns ebenfalls dabei, Ihre Identit\u00e4t zu \u00fcberpr\u00fcfen, um die Sicherheit Ihres Profils zu gew\u00e4hrleisten. Liraluck empfiehlt Nutzern, die 2-Faktor-Authentifizierung (2FA) als zus\u00e4tzliche Sicherheitsma\u00dfnahme zu aktivieren.<\/td>\n<\/tr>\n<\/tbody>\n<\/table>\n<p>Nachdem Sie die Registrierung abgeschlossen haben, k\u00f6nnen Sie sich mit Ihren Zugangsdaten \u00fcber das Liraluck Anmeldeformular anmelden.<\/p>\n<p><img loading=\"lazy\" decoding=\"async\" class=\"alignnone size-full wp-image-1960\" src=\"https:\/\/liraluckplay.com\/wp-content\/uploads\/2026\/05\/Liraluck-Login.webp\" alt=\"Liraluck Login\" width=\"1248\" height=\"536\" srcset=\"https:\/\/liraluckplay.com\/wp-content\/uploads\/2026\/05\/Liraluck-Login.webp 1248w, https:\/\/liraluckplay.com\/wp-content\/uploads\/2026\/05\/Liraluck-Login-300x129.webp 300w, https:\/\/liraluckplay.com\/wp-content\/uploads\/2026\/05\/Liraluck-Login-1024x440.webp 1024w, https:\/\/liraluckplay.com\/wp-content\/uploads\/2026\/05\/Liraluck-Login-768x330.webp 768w\" sizes=\"(max-width: 1248px) 100vw, 1248px\" \/><\/p>\n<h2>Nutzung eines Liraluck Kontos<\/h2>\n<p>Spieler, die ein Konto in unserem Online-Casino haben, haben Zugriff auf alle Funktionen unserer Plattform. Melden Sie sich einfach \u00fcber das Liraluck Anmeldeformular an, und Sie k\u00f6nnen:<\/p>\n<ul>\n<li>Einzahlungen vornehmen und Geldgewinne auszahlen lassen<\/li>\n<li>Limits f\u00fcr Ihre Spielzeit, Finanztransaktionen und Verluste festlegen<\/li>\n<li>Eine Liste Ihrer Lieblingsspiele erstellen<\/li>\n<li>die Sicherheit Ihres Kontos durch Zwei-Faktor-Authentifizierung erh\u00f6hen<\/li>\n<li>Ihre Profilinformationen bearbeiten<\/li>\n<li>Aktivieren Sie Liraluck Boni und -Aktionen<\/li>\n<li>Nehmen Sie an Turnieren teil und steigen Sie in den R\u00e4ngen auf<\/li>\n<li>Erf\u00fcllen Sie t\u00e4gliche Missionen, um zus\u00e4tzliche Belohnungen zu erhalten<\/li>\n<\/ul>\n<p>Wir m\u00f6chten, dass unsere Spieler ihr Spielerlebnis im Lira Luck Casino in vollen Z\u00fcgen genie\u00dfen k\u00f6nnen. Deshalb stellen wir Ihnen Tools zur Verf\u00fcgung, mit denen Sie Ihr Konto personalisieren und Ihre Zeit sowie Ihr Budget verwalten k\u00f6nnen.<\/p>\n<h2>Liraluck Kontoverifizierung und -Sicherheit<\/h2>\n<p>Um sicherzustellen, dass Ihre personenbezogenen Daten auf der Liraluck Casino Plattform gesch\u00fctzt sind, verwenden wir TLS-Verschl\u00fcsselung und eine PCI-DSS-konforme Zahlungsabwicklung. Jeder Spieler muss zudem einen Verifizierungsprozess durchlaufen, bevor er sein Gewinngeld vom Konto abheben kann. Aus diesem Grund bitten wir die Nutzer, bei der Registrierung ihre pers\u00f6nlichen Daten anzugeben.<\/p>\n<p>Um Ihre Identit\u00e4t zu best\u00e4tigen, k\u00f6nnen Sie uns Ihren Personalausweis oder F\u00fchrerschein sowie einen Nachweis Ihrer tats\u00e4chlichen Anschrift zusenden. Unser Team wird dies innerhalb von 48 Stunden pr\u00fcfen; danach k\u00f6nnen Sie sich bei Liraluck anmelden und weiterhin Finanztransaktionen durchf\u00fchren.<\/p>\n<h2>Passwort vergessen?<\/h2>\n<p>Es gibt keinen Grund, sich wegen solcher Kleinigkeiten zu \u00e4rgern. Nutzer k\u00f6nnen ihr Passwort jederzeit zur\u00fccksetzen und mit wenigen einfachen Schritten auf ihr Konto zugreifen. \u00d6ffnen Sie das Liraluck Anmeldeformular und tippen Sie unten auf die Schaltfl\u00e4che \u201ePasswort vergessen?\u201c. Geben Sie anschlie\u00dfend die E-Mail-Adresse ein, die Sie bei der Registrierung verwendet haben, damit wir Ihnen einen Link zum Zur\u00fccksetzen des Passworts senden k\u00f6nnen. Klicken Sie auf den Link in der E-Mail und folgen Sie den Anweisungen.<\/p>\n<p>Sollten Sie keine E-Mail in Ihrem Posteingang finden, \u00fcberpr\u00fcfen Sie bitte den Spam-Ordner. Um das neue Passwort zu best\u00e4tigen, kehren Sie zur Website zur\u00fcck und verwenden Sie es, um den Lira Luck Anmeldevorgang abzuschlie\u00dfen. Sollten Sie Schwierigkeiten haben, wenden Sie sich bitte \u00fcber den Live-Chat auf der Plattform an unser Support-Team.<\/p>\n<h2>FAQ<\/h2>\n<h3>Darf ich mein Profil bei Liraluck Casino mit einem Freund teilen?<\/h3>\n<p>Aus Sicherheitsgr\u00fcnden d\u00fcrfen Sie Ihr Konto mit niemandem teilen. Dies verst\u00f6\u00dft gegen unsere Regeln und Sicherheitsvorkehrungen. Jeder Spieler durchl\u00e4uft einen Verifizierungsprozess, sodass das Profil an eine best\u00e4tigte Person gebunden ist. Wir \u00fcberpr\u00fcfen die Liraluck Casino Plattform stets auf verd\u00e4chtige Aktivit\u00e4ten und k\u00f6nnen Ihr Konto einfach sperren oder schlie\u00dfen, wenn wir ungew\u00f6hnliche Muster feststellen. Au\u00dferdem ist der Registrierungsprozess in unserem Online-Casino einfach, sodass Sie Ihrem Freund raten k\u00f6nnen, sich anzumelden und sein eigenes Konto zum Spielen zu nutzen.<\/p>\n<h3>Kann ich automatisch abgemeldet werden?<\/h3>\n<p>Ja, Sie k\u00f6nnen in Ihren Kontoeinstellungen Sitzungslimits festlegen. \u00d6ffnen Sie dazu Ihr Profil und suchen Sie den Abschnitt \u201eSpiellimits\u201c. Hier k\u00f6nnen Sie die Dauer Ihrer Spielsitzungen festlegen. Sie werden automatisch aus Ihrem Profil abgemeldet, sobald Sie das festgelegte Limit erreichen.<\/p>\n<h3>Ist der Anmeldeverlauf einsehbar?<\/h3>\n<p>Sie k\u00f6nnen Ihren Anmeldeverlauf sowie das Ger\u00e4t, von dem aus Sie derzeit angemeldet sind, in Ihrem Profil einsehen. Um Ihre Protokolle zu \u00fcberpr\u00fcfen, m\u00fcssen Sie die Kontoeinstellungen \u00f6ffnen und den Abschnitt \u201eSicherheit\u201c aufrufen. Hier sehen Sie Ihre aktiven und vergangenen Sitzungen sowie die von Ihnen verwendeten Ger\u00e4te.<\/p>\n<\/div><\/div><\/p>\n","protected":false},"excerpt":{"rendered":"<p>Anmeldung und Registrierung bei Liraluck Um alle Funktionen unseres Online-Casinos nutzen zu k\u00f6nnen, empfehlen wir unseren Spielern, ein Profil zu registrieren. In wenigen einfachen Schritten k\u00f6nnen Sie den Liraluck Login abschlie\u00dfen, um Ihr Konto zu verwalten und jedes Spiel aus unserer Sammlung mit echten Eins\u00e4tzen und Gewinnen zu spielen. Registrierte Nutzer erhalten zudem Zugang zu [&hellip;]<\/p>\n","protected":false},"author":1,"featured_media":0,"parent":0,"menu_order":0,"comment_status":"closed","ping_status":"closed","template":"template-builder.php","meta":{"_acf_changed":false,"inline_featured_image":false,"footnotes":""},"class_list":["post-1483","page","type-page","status-publish","hentry"],"acf":[],"yoast_head":"<!-- This site is optimized with the Yoast SEO plugin v24.4 - https:\/\/yoast.com\/wordpress\/plugins\/seo\/ -->\n<title>Liraluck Login und Registrierung<\/title>\n<meta name=\"description\" content=\"Erstellen, verwalten und \u00fcberpr\u00fcfen Sie Ihr Liraluck-Konto m\u00fchelos. Genie\u00dfen Sie eine schnelle Registrierung, einfache Kontowiederherstellung und sichere Schlie\u00dfung mit Liraluck Login, wodurch Ihr Konto rund um die Uhr gesch\u00fctzt ist.\" \/>\n<meta name=\"robots\" content=\"index, follow, max-snippet:-1, max-image-preview:large, max-video-preview:-1\" \/>\n<link rel=\"canonical\" href=\"https:\/\/liraluckplay.com\/de\/anmeldung-und-registrierung\/\" \/>\n<meta property=\"og:locale\" content=\"de_DE\" \/>\n<meta property=\"og:type\" content=\"article\" \/>\n<meta property=\"og:title\" content=\"Liraluck Login und Registrierung\" \/>\n<meta property=\"og:description\" content=\"Erstellen, verwalten und \u00fcberpr\u00fcfen Sie Ihr Liraluck-Konto m\u00fchelos. Genie\u00dfen Sie eine schnelle Registrierung, einfache Kontowiederherstellung und sichere Schlie\u00dfung mit Liraluck Login, wodurch Ihr Konto rund um die Uhr gesch\u00fctzt ist.\" \/>\n<meta property=\"og:url\" content=\"https:\/\/liraluckplay.com\/de\/anmeldung-und-registrierung\/\" \/>\n<meta property=\"og:site_name\" content=\"liraluck\" \/>\n<meta property=\"article:modified_time\" content=\"2026-05-04T10:08:10+00:00\" \/>\n<meta name=\"twitter:card\" content=\"summary_large_image\" \/>\n<meta name=\"twitter:label1\" content=\"Gesch\u00e4tzte Lesezeit\" \/>\n\t<meta name=\"twitter:data1\" content=\"1\u00a0Minute\" \/>\n<script type=\"application\/ld+json\" class=\"yoast-schema-graph\">{\"@context\":\"https:\/\/schema.org\",\"@graph\":[{\"@type\":\"WebPage\",\"@id\":\"https:\/\/liraluckplay.com\/de\/anmeldung-und-registrierung\/\",\"url\":\"https:\/\/liraluckplay.com\/de\/anmeldung-und-registrierung\/\",\"name\":\"Liraluck Login und Registrierung\",\"isPartOf\":{\"@id\":\"https:\/\/liraluckplay.com\/de\/#website\"},\"datePublished\":\"2026-01-20T12:11:11+00:00\",\"dateModified\":\"2026-05-04T10:08:10+00:00\",\"description\":\"Erstellen, verwalten und \u00fcberpr\u00fcfen Sie Ihr Liraluck-Konto m\u00fchelos. Genie\u00dfen Sie eine schnelle Registrierung, einfache Kontowiederherstellung und sichere Schlie\u00dfung mit Liraluck Login, wodurch Ihr Konto rund um die Uhr gesch\u00fctzt ist.\",\"breadcrumb\":{\"@id\":\"https:\/\/liraluckplay.com\/de\/anmeldung-und-registrierung\/#breadcrumb\"},\"inLanguage\":\"de\",\"potentialAction\":[{\"@type\":\"ReadAction\",\"target\":[\"https:\/\/liraluckplay.com\/de\/anmeldung-und-registrierung\/\"]}]},{\"@type\":\"BreadcrumbList\",\"@id\":\"https:\/\/liraluckplay.com\/de\/anmeldung-und-registrierung\/#breadcrumb\",\"itemListElement\":[{\"@type\":\"ListItem\",\"position\":1,\"name\":\"Liraluck\",\"item\":\"https:\/\/liraluckplay.com\/de\/\"},{\"@type\":\"ListItem\",\"position\":2,\"name\":\"Anmeldung und Registrierung\"}]},{\"@type\":\"WebSite\",\"@id\":\"https:\/\/liraluckplay.com\/de\/#website\",\"url\":\"https:\/\/liraluckplay.com\/de\/\",\"name\":\"Liraluck\",\"description\":\"\",\"publisher\":{\"@id\":\"https:\/\/liraluckplay.com\/de\/#organization\"},\"potentialAction\":[{\"@type\":\"SearchAction\",\"target\":{\"@type\":\"EntryPoint\",\"urlTemplate\":\"https:\/\/liraluckplay.com\/de\/?s={search_term_string}\"},\"query-input\":{\"@type\":\"PropertyValueSpecification\",\"valueRequired\":true,\"valueName\":\"search_term_string\"}}],\"inLanguage\":\"de\"},{\"@type\":\"Organization\",\"@id\":\"https:\/\/liraluckplay.com\/de\/#organization\",\"name\":\"Liraluck\",\"url\":\"https:\/\/liraluckplay.com\/de\/\",\"logo\":{\"@type\":\"ImageObject\",\"inLanguage\":\"de\",\"@id\":\"https:\/\/liraluckplay.com\/de\/#\/schema\/logo\/image\/\",\"url\":\"https:\/\/liraluckplay.com\/wp-content\/uploads\/2026\/05\/logo-liraluck.png\",\"contentUrl\":\"https:\/\/liraluckplay.com\/wp-content\/uploads\/2026\/05\/logo-liraluck.png\",\"width\":150,\"height\":47,\"caption\":\"Liraluck\"},\"image\":{\"@id\":\"https:\/\/liraluckplay.com\/de\/#\/schema\/logo\/image\/\"}}]}<\/script>\n<!-- \/ Yoast SEO plugin. -->","yoast_head_json":{"title":"Liraluck Login und Registrierung","description":"Erstellen, verwalten und \u00fcberpr\u00fcfen Sie Ihr Liraluck-Konto m\u00fchelos. Genie\u00dfen Sie eine schnelle Registrierung, einfache Kontowiederherstellung und sichere Schlie\u00dfung mit Liraluck Login, wodurch Ihr Konto rund um die Uhr gesch\u00fctzt ist.","robots":{"index":"index","follow":"follow","max-snippet":"max-snippet:-1","max-image-preview":"max-image-preview:large","max-video-preview":"max-video-preview:-1"},"canonical":"https:\/\/liraluckplay.com\/de\/anmeldung-und-registrierung\/","og_locale":"de_DE","og_type":"article","og_title":"Liraluck Login und Registrierung","og_description":"Erstellen, verwalten und \u00fcberpr\u00fcfen Sie Ihr Liraluck-Konto m\u00fchelos. Genie\u00dfen Sie eine schnelle Registrierung, einfache Kontowiederherstellung und sichere Schlie\u00dfung mit Liraluck Login, wodurch Ihr Konto rund um die Uhr gesch\u00fctzt ist.","og_url":"https:\/\/liraluckplay.com\/de\/anmeldung-und-registrierung\/","og_site_name":"liraluck","article_modified_time":"2026-05-04T10:08:10+00:00","twitter_card":"summary_large_image","twitter_misc":{"Gesch\u00e4tzte Lesezeit":"1\u00a0Minute"},"schema":{"@context":"https:\/\/schema.org","@graph":[{"@type":"WebPage","@id":"https:\/\/liraluckplay.com\/de\/anmeldung-und-registrierung\/","url":"https:\/\/liraluckplay.com\/de\/anmeldung-und-registrierung\/","name":"Liraluck Login und Registrierung","isPartOf":{"@id":"https:\/\/liraluckplay.com\/de\/#website"},"datePublished":"2026-01-20T12:11:11+00:00","dateModified":"2026-05-04T10:08:10+00:00","description":"Erstellen, verwalten und \u00fcberpr\u00fcfen Sie Ihr Liraluck-Konto m\u00fchelos. Genie\u00dfen Sie eine schnelle Registrierung, einfache Kontowiederherstellung und sichere Schlie\u00dfung mit Liraluck Login, wodurch Ihr Konto rund um die Uhr gesch\u00fctzt ist.","breadcrumb":{"@id":"https:\/\/liraluckplay.com\/de\/anmeldung-und-registrierung\/#breadcrumb"},"inLanguage":"de","potentialAction":[{"@type":"ReadAction","target":["https:\/\/liraluckplay.com\/de\/anmeldung-und-registrierung\/"]}]},{"@type":"BreadcrumbList","@id":"https:\/\/liraluckplay.com\/de\/anmeldung-und-registrierung\/#breadcrumb","itemListElement":[{"@type":"ListItem","position":1,"name":"Liraluck","item":"https:\/\/liraluckplay.com\/de\/"},{"@type":"ListItem","position":2,"name":"Anmeldung und Registrierung"}]},{"@type":"WebSite","@id":"https:\/\/liraluckplay.com\/de\/#website","url":"https:\/\/liraluckplay.com\/de\/","name":"Liraluck","description":"","publisher":{"@id":"https:\/\/liraluckplay.com\/de\/#organization"},"potentialAction":[{"@type":"SearchAction","target":{"@type":"EntryPoint","urlTemplate":"https:\/\/liraluckplay.com\/de\/?s={search_term_string}"},"query-input":{"@type":"PropertyValueSpecification","valueRequired":true,"valueName":"search_term_string"}}],"inLanguage":"de"},{"@type":"Organization","@id":"https:\/\/liraluckplay.com\/de\/#organization","name":"Liraluck","url":"https:\/\/liraluckplay.com\/de\/","logo":{"@type":"ImageObject","inLanguage":"de","@id":"https:\/\/liraluckplay.com\/de\/#\/schema\/logo\/image\/","url":"https:\/\/liraluckplay.com\/wp-content\/uploads\/2026\/05\/logo-liraluck.png","contentUrl":"https:\/\/liraluckplay.com\/wp-content\/uploads\/2026\/05\/logo-liraluck.png","width":150,"height":47,"caption":"Liraluck"},"image":{"@id":"https:\/\/liraluckplay.com\/de\/#\/schema\/logo\/image\/"}}]}},"_links":{"self":[{"href":"https:\/\/liraluckplay.com\/de\/wp-json\/wp\/v2\/pages\/1483"}],"collection":[{"href":"https:\/\/liraluckplay.com\/de\/wp-json\/wp\/v2\/pages"}],"about":[{"href":"https:\/\/liraluckplay.com\/de\/wp-json\/wp\/v2\/types\/page"}],"author":[{"embeddable":true,"href":"https:\/\/liraluckplay.com\/de\/wp-json\/wp\/v2\/users\/1"}],"replies":[{"embeddable":true,"href":"https:\/\/liraluckplay.com\/de\/wp-json\/wp\/v2\/comments?post=1483"}],"version-history":[{"count":2,"href":"https:\/\/liraluckplay.com\/de\/wp-json\/wp\/v2\/pages\/1483\/revisions"}],"predecessor-version":[{"id":2078,"href":"https:\/\/liraluckplay.com\/de\/wp-json\/wp\/v2\/pages\/1483\/revisions\/2078"}],"wp:attachment":[{"href":"https:\/\/liraluckplay.com\/de\/wp-json\/wp\/v2\/media?parent=1483"}],"curies":[{"name":"wp","href":"https:\/\/api.w.org\/{rel}","templated":true}]}}