{"id":1449,"date":"2026-01-20T12:08:23","date_gmt":"2026-01-20T12:08:23","guid":{"rendered":"https:\/\/bonuskongcasino.com\/app-2\/"},"modified":"2026-05-04T11:54:44","modified_gmt":"2026-05-04T10:54:44","slug":"aplicacion","status":"publish","type":"page","link":"https:\/\/liraluckplay.com\/es\/aplicacion\/","title":{"rendered":"Aplicaci\u00f3n"},"content":{"rendered":"<h1>Plataforma m\u00f3vil de Liraluck<\/h1>\n<p>No tienes que esperar a volver a casa y encender el ordenador para jugar a nuestras slots online u otros t\u00edtulos. Con la Liraluck app, nuestros usuarios espa\u00f1oles pueden jugar cuando quieran, est\u00e9n donde est\u00e9n. Solo necesitas tu m\u00f3vil y una conexi\u00f3n a Internet estable. La app funciona a la perfecci\u00f3n en iOS y Android, as\u00ed que los jugadores no est\u00e1n limitados a una sola opci\u00f3n de dispositivo.<\/p>\n<div class=\"banner-wrap\" aria-label=\"Banner\"><img src=\"https:\/\/liraluckplay.com\/wp-content\/uploads\/2026\/05\/Liraluck-banner-desktop.webp\" class=\"w-100 d-none d-lg-block img-pc main-banner-img\" alt=\"Liraluck banner desktop\" fetchpriority=\"high\" decoding=\"async\"><img src=\"https:\/\/liraluckplay.com\/wp-content\/uploads\/2026\/05\/liraluck-banner-mobile.png\" class=\"w-100 d-none d-md-block d-lg-none main-banner-img\" alt=\"liraluck banner mobile\" fetchpriority=\"high\" decoding=\"async\"><img src=\"https:\/\/liraluckplay.com\/wp-content\/uploads\/2026\/05\/liraluck-banner-mobile.png\" class=\"w-100 d-md-none\" alt=\"liraluck banner mobile\" fetchpriority=\"high\" decoding=\"async\"><div class=\"banner-description\">\n<div class=\"banner-title\">Bonos de bienvenida<\/div>\n<p class=\"banner-header-title\">1500 \u20ac<\/p>\n<div class=\"banner-header-AdditionalText\">+ 250 Tiradas gratis<\/div>\n<button data-item=\"homepage_banner_link\" class=\"goto m-button m-gradient-border m-button--primary m-button--large banner-button btn-orange\">\n            <div class=\"m-button-content\">\n                <span>Reg\u00edstrate ahora<\/span>\n                <span><\/span>\n            <\/div>\n        <\/button>\n<\/div>\n<div class=\"WelcomePack\">\n<p><img loading=\"lazy\" decoding=\"async\" class=\"alignnone size-full wp-image-1860\" src=\"https:\/\/liraluckplay.com\/wp-content\/uploads\/2026\/05\/welcome-crown.png\" alt=\"crown\" width=\"25\" height=\"26\" \/><\/p>\n<div class=\"WelcomePack-Info\">Reembolso semanal de hasta el 25 %<\/div>\n<p><img loading=\"lazy\" decoding=\"async\" class=\"alignnone size-full wp-image-1860\" src=\"https:\/\/liraluckplay.com\/wp-content\/uploads\/2026\/05\/welcome-crown.png\" alt=\"crown\" width=\"25\" height=\"26\" \/><\/p>\n<\/div>\n<\/div>\n<h2>Usar Liraluck en el m\u00f3vil<\/h2>\n<p>En lugar de desarrollar una aplicaci\u00f3n nativa, decidimos que una aplicaci\u00f3n web progresiva ser\u00eda m\u00e1s c\u00f3moda para nuestros jugadores. Funciona en todas las plataformas, as\u00ed que no hace falta tener dos programas distintos para Android y iOS. Liraluck Casino utiliza TLS y cifrado AES de 256 bits para proteger los datos en la web. Lo mismo ocurre con nuestra PWA, lo que garantiza que tus sesiones m\u00f3viles sean tan seguras como jugar desde el ordenador.<\/p>\n<p>La informaci\u00f3n sobre el saldo de tu cuenta de Liraluck Casino y otros detalles de tu perfil se sincronizan con el dispositivo que elijas al iniciar sesi\u00f3n. De esta forma, los jugadores pueden realizar dep\u00f3sitos y retirar sus ganancias, gestionar la configuraci\u00f3n de la cuenta y utilizar f\u00e1cilmente las dem\u00e1s funciones desde el m\u00f3vil o la tableta.<\/p>\n<p>Estas son algunas de las ventajas de las PWA.<\/p>\n<table>\n<tbody>\n<tr>\n<td>Ventaja<\/td>\n<td>Detalles<\/td>\n<\/tr>\n<tr>\n<td>F\u00e1cil acceso<\/td>\n<td>No necesitas descargarla de sitios web de terceros ni de tiendas de aplicaciones. Los jugadores pueden acceder a la aplicaci\u00f3n PWA de Liraluck desde cualquier navegador e instalarla directamente desde nuestra p\u00e1gina web con unos pocos clics.<\/td>\n<\/tr>\n<tr>\n<td>Compatibilidad multiplataforma<\/td>\n<td>La app de Liraluck funciona en Android, iOS, macOS y Windows, as\u00ed que puedes jugar en cualquier dispositivo.<\/td>\n<\/tr>\n<tr>\n<td>Carga r\u00e1pida y poco espacio de almacenamiento<\/td>\n<td>Es ligera, as\u00ed que no ocupar\u00e1 mucho espacio de almacenamiento. Por eso se carga r\u00e1pidamente. Adem\u00e1s, Lira Luck Casino est\u00e1 optimizado para funcionar sin interrupciones.<\/td>\n<\/tr>\n<tr>\n<td>Actualizaciones autom\u00e1ticas<\/td>\n<td>Nuestra aplicaci\u00f3n PWA est\u00e1 siempre al d\u00eda porque se actualiza autom\u00e1ticamente cada vez que hacemos cambios en la web. No hace falta hacerlo manualmente.<\/td>\n<\/tr>\n<\/tbody>\n<\/table>\n<p>Si tienes alg\u00fan problema con la aplicaci\u00f3n o simplemente quieres aclarar alguna informaci\u00f3n, no dudes en ponerte en contacto con nuestro equipo de atenci\u00f3n al cliente para que te ayuden. Puedes usar el chat en vivo, que tambi\u00e9n est\u00e1 disponible en las aplicaciones, o enviarnos un correo electr\u00f3nico.<\/p>\n<p><div class=\"scrollable-content-wrap my-5\"><div class=\"scrollable-content-inner\"><h2>Aplicaci\u00f3n m\u00f3vil de Liraluck para Android<\/h2>\n<p>No hay archivos APK independientes para los usuarios de Android, as\u00ed que puedes usar nuestro casino m\u00f3vil directamente desde el navegador de tu smartphone o instalar la app de Liraluck desde la web. Esto permite a los jugadores disfrutar de su experiencia de juego sobre la marcha. Est\u00e1 optimizada para diferentes tipos de pantalla, y los jugadores pueden cambiar f\u00e1cilmente de un dispositivo a otro. Para instalar la app de Lira Luck y acceder m\u00e1s r\u00e1pido a nuestro casino m\u00f3vil, los jugadores pueden seguir estos pasos.<\/p>\n<table>\n<tbody>\n<tr>\n<td>Pasos<\/td>\n<td>Detalles<\/td>\n<\/tr>\n<tr>\n<td>Paso 1<\/td>\n<td>Abre nuestra p\u00e1gina web desde el navegador m\u00f3vil que utilices.<\/td>\n<\/tr>\n<tr>\n<td>Paso 2<\/td>\n<td>Busca los tres puntos que hay junto a la barra de b\u00fasqueda.<\/td>\n<\/tr>\n<tr>\n<td>Paso 3<\/td>\n<td>Toca el icono y busca la opci\u00f3n \u00abA\u00f1adir a la pantalla de inicio\u00bb.<\/td>\n<\/tr>\n<tr>\n<td>Paso 4<\/td>\n<td>Acepta instalar la app y tendr\u00e1s el icono de la marca en tu pantalla de inicio.<\/td>\n<\/tr>\n<\/tbody>\n<\/table>\n<p>Aseg\u00farate de cerrar la sesi\u00f3n antes de cambiar del m\u00f3vil al ordenador y viceversa. En Lira Luck Casino, los jugadores solo pueden tener una cuenta activa, as\u00ed que si no cierras sesi\u00f3n en un dispositivo, no podr\u00e1s iniciar sesi\u00f3n en otro.<\/p>\n<p><img loading=\"lazy\" decoding=\"async\" class=\"alignnone size-full wp-image-1940\" src=\"https:\/\/liraluckplay.com\/wp-content\/uploads\/2026\/05\/Liraluck-Android-App.webp\" alt=\"Liraluck Android App\" width=\"1248\" height=\"536\" srcset=\"https:\/\/liraluckplay.com\/wp-content\/uploads\/2026\/05\/Liraluck-Android-App.webp 1248w, https:\/\/liraluckplay.com\/wp-content\/uploads\/2026\/05\/Liraluck-Android-App-300x129.webp 300w, https:\/\/liraluckplay.com\/wp-content\/uploads\/2026\/05\/Liraluck-Android-App-1024x440.webp 1024w, https:\/\/liraluckplay.com\/wp-content\/uploads\/2026\/05\/Liraluck-Android-App-768x330.webp 768w\" sizes=\"(max-width: 1248px) 100vw, 1248px\" \/><\/p>\n<\/div><\/div><div style=\"clear: both\"><\/div><div class=\"d-flex justify-content-center\"><button data-item=\"decouvrez_link\" data-group=\"website_links\" class=\"goto fw-bold rounded-pill btn btn-orange\" aria-label=\"Descarga la aplicaci\u00f3n Liraluck\" >Descarga la aplicaci\u00f3n Liraluck<\/button><\/div><div class=\"scrollable-content-wrap my-5\"><div class=\"scrollable-content-inner\"><h2>Aplicaci\u00f3n m\u00f3vil de Liraluck para iOS<\/h2>\n<p>No hay ninguna diferencia entre c\u00f3mo funciona nuestra app en Android y en iOS, as\u00ed que puedes crear un acceso directo de la misma manera. Una vez que termines, podr\u00e1s iniciar sesi\u00f3n en tu cuenta de Lira Luck y disfrutar del mismo dise\u00f1o y funcionalidad que en la web. Algunas funciones son incluso m\u00e1s f\u00e1ciles de usar en el m\u00f3vil. Por ejemplo, los jugadores pueden completar el proceso de verificaci\u00f3n enviando los documentos necesarios desde su iPhone o iPad, sin tener que subirlos a un PC.<\/p>\n<p>Algunos juegos tambi\u00e9n son m\u00e1s c\u00f3modos de jugar en una pantalla m\u00e1s peque\u00f1a. Si es necesario, los usuarios siempre pueden cerrar sesi\u00f3n en su cuenta desde el m\u00f3vil e iniciar sesi\u00f3n desde un ordenador; todos los datos se sincronizar\u00e1n entre dispositivos tras la autorizaci\u00f3n.<\/p>\n<p><img loading=\"lazy\" decoding=\"async\" class=\"alignnone size-full wp-image-1948\" src=\"https:\/\/liraluckplay.com\/wp-content\/uploads\/2026\/05\/Liraluck-iOS-App.webp\" alt=\"Liraluck iOS App\" width=\"1248\" height=\"536\" srcset=\"https:\/\/liraluckplay.com\/wp-content\/uploads\/2026\/05\/Liraluck-iOS-App.webp 1248w, https:\/\/liraluckplay.com\/wp-content\/uploads\/2026\/05\/Liraluck-iOS-App-300x129.webp 300w, https:\/\/liraluckplay.com\/wp-content\/uploads\/2026\/05\/Liraluck-iOS-App-1024x440.webp 1024w, https:\/\/liraluckplay.com\/wp-content\/uploads\/2026\/05\/Liraluck-iOS-App-768x330.webp 768w\" sizes=\"(max-width: 1248px) 100vw, 1248px\" \/><\/p>\n<\/div><\/div><div style=\"clear: both\"><\/div><div class=\"d-flex justify-content-center\"><button data-item=\"decouvrez_link\" data-group=\"website_links\" class=\"goto fw-bold rounded-pill btn btn-orange\" aria-label=\"Descargar Liraluck\" >Descargar Liraluck<\/button><\/div><div class=\"scrollable-content-wrap my-5\"><div class=\"scrollable-content-inner\"><h2>Aplicaciones para Windows y macOS<\/h2>\n<p>Los jugadores tambi\u00e9n pueden ejecutar nuestra aplicaci\u00f3n en sus ordenadores y port\u00e1tiles para ahorrarse unos pasos y empezar a jugar en Liraluck Casino m\u00e1s r\u00e1pido. Nuestra plataforma est\u00e1 totalmente optimizada para Windows y macOS, lo que te permite instalar un acceso directo ligero que abre el casino al instante en una ventana independiente. Pero los jugadores tambi\u00e9n pueden simplemente abrir Liraluck Casino desde sus navegadores; es solo una cuesti\u00f3n de comodidad. Nuestra aplicaci\u00f3n se actualiza en segundo plano, por lo que siempre estar\u00e1s jugando en la versi\u00f3n m\u00e1s reciente de la plataforma.<\/p>\n<p><img loading=\"lazy\" decoding=\"async\" class=\"alignnone size-full wp-image-1956\" src=\"https:\/\/liraluckplay.com\/wp-content\/uploads\/2026\/05\/Liraluck-Desktop.webp\" alt=\"Liraluck Desktop\" width=\"1248\" height=\"536\" srcset=\"https:\/\/liraluckplay.com\/wp-content\/uploads\/2026\/05\/Liraluck-Desktop.webp 1248w, https:\/\/liraluckplay.com\/wp-content\/uploads\/2026\/05\/Liraluck-Desktop-300x129.webp 300w, https:\/\/liraluckplay.com\/wp-content\/uploads\/2026\/05\/Liraluck-Desktop-1024x440.webp 1024w, https:\/\/liraluckplay.com\/wp-content\/uploads\/2026\/05\/Liraluck-Desktop-768x330.webp 768w\" sizes=\"(max-width: 1248px) 100vw, 1248px\" \/><\/p>\n<\/div><\/div><div style=\"clear: both\"><\/div><div class=\"d-flex justify-content-center\"><button data-item=\"decouvrez_link\" data-group=\"website_links\" class=\"goto fw-bold rounded-pill btn btn-orange\" aria-label=\"Descarga la aplicaci\u00f3n Liraluck\" >Descarga la aplicaci\u00f3n Liraluck<\/button><\/div><div class=\"scrollable-content-wrap my-5\"><div class=\"scrollable-content-inner\"><h2>Preguntas frecuentes<\/h2>\n<h3>\u00bfAl desinstalar la app de Lira Luck se borra mi cuenta?<\/h3>\n<p>No, tu cuenta est\u00e1 perfectamente segura y no se puede eliminar con la aplicaci\u00f3n. Los datos del perfil se almacenan en el servidor, mientras que la aplicaci\u00f3n se instala directamente en tu dispositivo. As\u00ed que, aunque reinstales la aplicaci\u00f3n o accedas a ella a trav\u00e9s de un navegador, podr\u00e1s iniciar sesi\u00f3n en tu cuenta de Liraluck. Si quieres eliminar tu perfil, debes ponerte en contacto con nuestro equipo de atenci\u00f3n al cliente.<\/p>\n<h3>\u00bfHay alguna diferencia entre los cat\u00e1logos de juegos para ordenador y para m\u00f3vil?<\/h3>\n<p>Nuestra aplicaci\u00f3n refleja la funcionalidad de nuestra p\u00e1gina web, por lo que puedes acceder al cat\u00e1logo completo de juegos desde cualquier dispositivo. No hay diferencia en los t\u00edtulos, y la experiencia de juego en el m\u00f3vil es igual de fluida, ya que la aplicaci\u00f3n se ajusta autom\u00e1ticamente al tama\u00f1o de tu pantalla.<\/p>\n<h3>\u00bfFuncionar\u00e1 bien la PWA en dispositivos m\u00e1s antiguos?<\/h3>\n<p>Las aplicaciones web progresivas son m\u00e1s ligeras que las nativas y pueden funcionar sin problemas en una amplia gama de dispositivos. La aplicaci\u00f3n de Liraluck Casino est\u00e1 optimizada para ofrecer un rendimiento estable y una experiencia de juego fluida con un tiempo de carga m\u00ednimo, incluso en modelos m\u00e1s antiguos.<\/p>\n<\/div><\/div><\/p>\n","protected":false},"excerpt":{"rendered":"<p>Plataforma m\u00f3vil de Liraluck No tienes que esperar a volver a casa y encender el ordenador para jugar a nuestras slots online u otros t\u00edtulos. Con la Liraluck app, nuestros usuarios espa\u00f1oles pueden jugar cuando quieran, est\u00e9n donde est\u00e9n. Solo necesitas tu m\u00f3vil y una conexi\u00f3n a Internet estable. La app funciona a la perfecci\u00f3n [&hellip;]<\/p>\n","protected":false},"author":1,"featured_media":0,"parent":0,"menu_order":0,"comment_status":"closed","ping_status":"closed","template":"template-builder.php","meta":{"_acf_changed":false,"inline_featured_image":false,"footnotes":""},"class_list":["post-1449","page","type-page","status-publish","hentry"],"acf":[],"yoast_head":"<!-- This site is optimized with the Yoast SEO plugin v24.4 - https:\/\/yoast.com\/wordpress\/plugins\/seo\/ -->\n<title>Liraluck App | Plataformas iOS y Android<\/title>\n<meta name=\"description\" content=\"La aplicaci\u00f3n Liraluck ofrece una experiencia de juego fluida en Android, iOS, Windows y macOS, con cuentas sincronizadas, actualizaciones peri\u00f3dicas y asistencia al cliente integrada para una experiencia sin complicaciones.\" \/>\n<meta name=\"robots\" content=\"index, follow, max-snippet:-1, max-image-preview:large, max-video-preview:-1\" \/>\n<link rel=\"canonical\" href=\"https:\/\/liraluckplay.com\/es\/aplicacion\/\" \/>\n<meta property=\"og:locale\" content=\"es_ES\" \/>\n<meta property=\"og:type\" content=\"article\" \/>\n<meta property=\"og:title\" content=\"Liraluck App | Plataformas iOS y Android\" \/>\n<meta property=\"og:description\" content=\"La aplicaci\u00f3n Liraluck ofrece una experiencia de juego fluida en Android, iOS, Windows y macOS, con cuentas sincronizadas, actualizaciones peri\u00f3dicas y asistencia al cliente integrada para una experiencia sin complicaciones.\" \/>\n<meta property=\"og:url\" content=\"https:\/\/liraluckplay.com\/es\/aplicacion\/\" \/>\n<meta property=\"og:site_name\" content=\"liraluck\" \/>\n<meta property=\"article:modified_time\" content=\"2026-05-04T10:54:44+00:00\" \/>\n<meta name=\"twitter:card\" content=\"summary_large_image\" \/>\n<meta name=\"twitter:label1\" content=\"Est. reading time\" \/>\n\t<meta name=\"twitter:data1\" content=\"2 minutes\" \/>\n<script type=\"application\/ld+json\" class=\"yoast-schema-graph\">{\"@context\":\"https:\/\/schema.org\",\"@graph\":[{\"@type\":\"WebPage\",\"@id\":\"https:\/\/liraluckplay.com\/es\/aplicacion\/\",\"url\":\"https:\/\/liraluckplay.com\/es\/aplicacion\/\",\"name\":\"Liraluck App | Plataformas iOS y Android\",\"isPartOf\":{\"@id\":\"https:\/\/liraluckplay.com\/es\/#website\"},\"datePublished\":\"2026-01-20T12:08:23+00:00\",\"dateModified\":\"2026-05-04T10:54:44+00:00\",\"description\":\"La aplicaci\u00f3n Liraluck ofrece una experiencia de juego fluida en Android, iOS, Windows y macOS, con cuentas sincronizadas, actualizaciones peri\u00f3dicas y asistencia al cliente integrada para una experiencia sin complicaciones.\",\"breadcrumb\":{\"@id\":\"https:\/\/liraluckplay.com\/es\/aplicacion\/#breadcrumb\"},\"inLanguage\":\"es-ES\",\"potentialAction\":[{\"@type\":\"ReadAction\",\"target\":[\"https:\/\/liraluckplay.com\/es\/aplicacion\/\"]}]},{\"@type\":\"BreadcrumbList\",\"@id\":\"https:\/\/liraluckplay.com\/es\/aplicacion\/#breadcrumb\",\"itemListElement\":[{\"@type\":\"ListItem\",\"position\":1,\"name\":\"Liraluck\",\"item\":\"https:\/\/liraluckplay.com\/es\/\"},{\"@type\":\"ListItem\",\"position\":2,\"name\":\"Aplicaci\u00f3n\"}]},{\"@type\":\"WebSite\",\"@id\":\"https:\/\/liraluckplay.com\/es\/#website\",\"url\":\"https:\/\/liraluckplay.com\/es\/\",\"name\":\"Liraluck\",\"description\":\"\",\"publisher\":{\"@id\":\"https:\/\/liraluckplay.com\/es\/#organization\"},\"potentialAction\":[{\"@type\":\"SearchAction\",\"target\":{\"@type\":\"EntryPoint\",\"urlTemplate\":\"https:\/\/liraluckplay.com\/es\/?s={search_term_string}\"},\"query-input\":{\"@type\":\"PropertyValueSpecification\",\"valueRequired\":true,\"valueName\":\"search_term_string\"}}],\"inLanguage\":\"es-ES\"},{\"@type\":\"Organization\",\"@id\":\"https:\/\/liraluckplay.com\/es\/#organization\",\"name\":\"Liraluck\",\"url\":\"https:\/\/liraluckplay.com\/es\/\",\"logo\":{\"@type\":\"ImageObject\",\"inLanguage\":\"es-ES\",\"@id\":\"https:\/\/liraluckplay.com\/es\/#\/schema\/logo\/image\/\",\"url\":\"https:\/\/liraluckplay.com\/wp-content\/uploads\/2026\/05\/logo-liraluck.png\",\"contentUrl\":\"https:\/\/liraluckplay.com\/wp-content\/uploads\/2026\/05\/logo-liraluck.png\",\"width\":150,\"height\":47,\"caption\":\"Liraluck\"},\"image\":{\"@id\":\"https:\/\/liraluckplay.com\/es\/#\/schema\/logo\/image\/\"}}]}<\/script>\n<!-- \/ Yoast SEO plugin. -->","yoast_head_json":{"title":"Liraluck App | Plataformas iOS y Android","description":"La aplicaci\u00f3n Liraluck ofrece una experiencia de juego fluida en Android, iOS, Windows y macOS, con cuentas sincronizadas, actualizaciones peri\u00f3dicas y asistencia al cliente integrada para una experiencia sin complicaciones.","robots":{"index":"index","follow":"follow","max-snippet":"max-snippet:-1","max-image-preview":"max-image-preview:large","max-video-preview":"max-video-preview:-1"},"canonical":"https:\/\/liraluckplay.com\/es\/aplicacion\/","og_locale":"es_ES","og_type":"article","og_title":"Liraluck App | Plataformas iOS y Android","og_description":"La aplicaci\u00f3n Liraluck ofrece una experiencia de juego fluida en Android, iOS, Windows y macOS, con cuentas sincronizadas, actualizaciones peri\u00f3dicas y asistencia al cliente integrada para una experiencia sin complicaciones.","og_url":"https:\/\/liraluckplay.com\/es\/aplicacion\/","og_site_name":"liraluck","article_modified_time":"2026-05-04T10:54:44+00:00","twitter_card":"summary_large_image","twitter_misc":{"Est. reading time":"2 minutes"},"schema":{"@context":"https:\/\/schema.org","@graph":[{"@type":"WebPage","@id":"https:\/\/liraluckplay.com\/es\/aplicacion\/","url":"https:\/\/liraluckplay.com\/es\/aplicacion\/","name":"Liraluck App | Plataformas iOS y Android","isPartOf":{"@id":"https:\/\/liraluckplay.com\/es\/#website"},"datePublished":"2026-01-20T12:08:23+00:00","dateModified":"2026-05-04T10:54:44+00:00","description":"La aplicaci\u00f3n Liraluck ofrece una experiencia de juego fluida en Android, iOS, Windows y macOS, con cuentas sincronizadas, actualizaciones peri\u00f3dicas y asistencia al cliente integrada para una experiencia sin complicaciones.","breadcrumb":{"@id":"https:\/\/liraluckplay.com\/es\/aplicacion\/#breadcrumb"},"inLanguage":"es-ES","potentialAction":[{"@type":"ReadAction","target":["https:\/\/liraluckplay.com\/es\/aplicacion\/"]}]},{"@type":"BreadcrumbList","@id":"https:\/\/liraluckplay.com\/es\/aplicacion\/#breadcrumb","itemListElement":[{"@type":"ListItem","position":1,"name":"Liraluck","item":"https:\/\/liraluckplay.com\/es\/"},{"@type":"ListItem","position":2,"name":"Aplicaci\u00f3n"}]},{"@type":"WebSite","@id":"https:\/\/liraluckplay.com\/es\/#website","url":"https:\/\/liraluckplay.com\/es\/","name":"Liraluck","description":"","publisher":{"@id":"https:\/\/liraluckplay.com\/es\/#organization"},"potentialAction":[{"@type":"SearchAction","target":{"@type":"EntryPoint","urlTemplate":"https:\/\/liraluckplay.com\/es\/?s={search_term_string}"},"query-input":{"@type":"PropertyValueSpecification","valueRequired":true,"valueName":"search_term_string"}}],"inLanguage":"es-ES"},{"@type":"Organization","@id":"https:\/\/liraluckplay.com\/es\/#organization","name":"Liraluck","url":"https:\/\/liraluckplay.com\/es\/","logo":{"@type":"ImageObject","inLanguage":"es-ES","@id":"https:\/\/liraluckplay.com\/es\/#\/schema\/logo\/image\/","url":"https:\/\/liraluckplay.com\/wp-content\/uploads\/2026\/05\/logo-liraluck.png","contentUrl":"https:\/\/liraluckplay.com\/wp-content\/uploads\/2026\/05\/logo-liraluck.png","width":150,"height":47,"caption":"Liraluck"},"image":{"@id":"https:\/\/liraluckplay.com\/es\/#\/schema\/logo\/image\/"}}]}},"_links":{"self":[{"href":"https:\/\/liraluckplay.com\/es\/wp-json\/wp\/v2\/pages\/1449"}],"collection":[{"href":"https:\/\/liraluckplay.com\/es\/wp-json\/wp\/v2\/pages"}],"about":[{"href":"https:\/\/liraluckplay.com\/es\/wp-json\/wp\/v2\/types\/page"}],"author":[{"embeddable":true,"href":"https:\/\/liraluckplay.com\/es\/wp-json\/wp\/v2\/users\/1"}],"replies":[{"embeddable":true,"href":"https:\/\/liraluckplay.com\/es\/wp-json\/wp\/v2\/comments?post=1449"}],"version-history":[{"count":4,"href":"https:\/\/liraluckplay.com\/es\/wp-json\/wp\/v2\/pages\/1449\/revisions"}],"predecessor-version":[{"id":2119,"href":"https:\/\/liraluckplay.com\/es\/wp-json\/wp\/v2\/pages\/1449\/revisions\/2119"}],"wp:attachment":[{"href":"https:\/\/liraluckplay.com\/es\/wp-json\/wp\/v2\/media?parent=1449"}],"curies":[{"name":"wp","href":"https:\/\/api.w.org\/{rel}","templated":true}]}}