{"id":1487,"date":"2026-01-20T12:11:11","date_gmt":"2026-01-20T12:11:11","guid":{"rendered":"https:\/\/bonuskongcasino.com\/login-and-registration\/"},"modified":"2026-05-04T11:56:01","modified_gmt":"2026-05-04T10:56:01","slug":"inicio-de-sesion-y-registro","status":"publish","type":"page","link":"https:\/\/liraluckplay.com\/es\/inicio-de-sesion-y-registro\/","title":{"rendered":"Inicio de sesi\u00f3n y Registro"},"content":{"rendered":"<h1>Inicio de sesi\u00f3n y registro en la cuenta de Liraluck<\/h1>\n<p>Para disfrutar de todas las funciones de nuestro casino online, animamos a nuestros jugadores espa\u00f1oles a registrarse. Con unos sencillos pasos, podr\u00e1s completar el Liraluck login para gestionar tu cuenta y jugar a cualquier juego de nuestra colecci\u00f3n con apuestas y ganancias reales. Los usuarios registrados tambi\u00e9n tienen acceso a nuestras generosas promociones, incluido un paquete de bienvenida de hasta 1.500 \u20ac m\u00e1s 250 tiradas gratis.<\/p>\n<p><div class=\"banner-wrap\" aria-label=\"Banner\"><img src=\"https:\/\/liraluckplay.com\/wp-content\/uploads\/2026\/05\/Liraluck-banner-desktop.webp\" class=\"w-100 d-none d-lg-block img-pc main-banner-img\" alt=\"Liraluck banner desktop\" fetchpriority=\"high\" decoding=\"async\"><img src=\"https:\/\/liraluckplay.com\/wp-content\/uploads\/2026\/05\/liraluck-banner-mobile.png\" class=\"w-100 d-none d-md-block d-lg-none main-banner-img\" alt=\"liraluck banner mobile\" fetchpriority=\"high\" decoding=\"async\"><img src=\"https:\/\/liraluckplay.com\/wp-content\/uploads\/2026\/05\/liraluck-banner-mobile.png\" class=\"w-100 d-md-none\" alt=\"liraluck banner mobile\" fetchpriority=\"high\" decoding=\"async\"><div class=\"banner-description\">\n<div class=\"banner-title\">Bonos de bienvenida<\/div>\n<p class=\"banner-header-title\">1500 \u20ac<\/p>\n<div class=\"banner-header-AdditionalText\">+ 250 Tiradas gratis<\/div>\n<button data-item=\"homepage_banner_link\" class=\"goto m-button m-gradient-border m-button--primary m-button--large banner-button btn-orange\">\n            <div class=\"m-button-content\">\n                <span>Reg\u00edstrate ahora<\/span>\n                <span><\/span>\n            <\/div>\n        <\/button>\n<\/div>\n<div class=\"WelcomePack\">\n<p><img loading=\"lazy\" decoding=\"async\" class=\"alignnone size-full wp-image-1860\" src=\"https:\/\/liraluckplay.com\/wp-content\/uploads\/2026\/05\/welcome-crown.png\" alt=\"crown\" width=\"25\" height=\"26\" \/><\/p>\n<div class=\"WelcomePack-Info\">Reembolso semanal de hasta el 25 %<\/div>\n<p><img loading=\"lazy\" decoding=\"async\" class=\"alignnone size-full wp-image-1860\" src=\"https:\/\/liraluckplay.com\/wp-content\/uploads\/2026\/05\/welcome-crown.png\" alt=\"crown\" width=\"25\" height=\"26\" \/><\/p>\n<\/div>\n<\/div><div class=\"scrollable-content-wrap my-5\"><div class=\"scrollable-content-inner\"><h2>Registro de nuevos usuarios en Lira Luck<\/h2>\n<p>Tu seguridad y una buena experiencia son nuestra principal prioridad. En Liraluck Casino, utilizamos sistemas antibots especiales y cifrado AES de 256 bits para proteger tus datos personales desde el momento en que te registras. Los jugadores solo pueden tener una cuenta y deben ser mayores de edad para registrarse.<\/p>\n<h3>Crea tu cuenta<\/h3>\n<p>Para registrarte en Liraluck Casino, tendr\u00e1s que buscar y hacer clic en el bot\u00f3n \u00abReg\u00edstrate\u00bb. Se abrir\u00e1 un formulario que deber\u00e1s rellenar con tus datos personales y aceptar nuestros t\u00e9rminos y condiciones para completar el proceso.<\/p>\n<p>Esta es la informaci\u00f3n que los jugadores deben proporcionar durante el registro.<\/p>\n<table>\n<tbody>\n<tr>\n<td>Datos necesarios<\/td>\n<td>Datos<\/td>\n<\/tr>\n<tr>\n<td>Correo electr\u00f3nico<\/td>\n<td>Tienes que vincular tu correo electr\u00f3nico activo para poder iniciar sesi\u00f3n m\u00e1s tarde, recibir mensajes de confirmaci\u00f3n y recuperar el acceso a tu cuenta si es necesario.<\/td>\n<\/tr>\n<tr>\n<td>Contrase\u00f1a<\/td>\n<td>Crea una contrase\u00f1a segura, a ser posible una que no hayas usado en otras plataformas. Debe tener 6 caracteres o m\u00e1s.<\/td>\n<\/tr>\n<tr>\n<td>Nombre y fecha de nacimiento<\/td>\n<td>Necesitamos esta informaci\u00f3n para confirmar tu identidad como parte de nuestra pol\u00edtica de \u00abConoce a tu cliente\u00bb y para verificar que eres mayor de edad. Aseg\u00farate de que la ortograf\u00eda sea correcta y coincida con tus documentos.<\/td>\n<\/tr>\n<tr>\n<td>N\u00famero de m\u00f3vil y direcci\u00f3n<\/td>\n<td>Esta informaci\u00f3n tambi\u00e9n nos ayudar\u00e1 a verificar tu identidad para mantener tu perfil seguro. Liraluck recomienda a los usuarios habilitar la autenticaci\u00f3n de dos factores (2FA) como medida de seguridad adicional.<\/td>\n<\/tr>\n<\/tbody>\n<\/table>\n<p>Una vez completado el registro, puedes utilizar tus credenciales para iniciar sesi\u00f3n a trav\u00e9s del formulario de inicio de sesi\u00f3n de Liraluck.<\/p>\n<p><img loading=\"lazy\" decoding=\"async\" class=\"alignnone size-full wp-image-1964\" src=\"https:\/\/liraluckplay.com\/wp-content\/uploads\/2026\/05\/Liraluck-Login.webp\" alt=\"Liraluck Login\" width=\"1248\" height=\"536\" srcset=\"https:\/\/liraluckplay.com\/wp-content\/uploads\/2026\/05\/Liraluck-Login.webp 1248w, https:\/\/liraluckplay.com\/wp-content\/uploads\/2026\/05\/Liraluck-Login-300x129.webp 300w, https:\/\/liraluckplay.com\/wp-content\/uploads\/2026\/05\/Liraluck-Login-1024x440.webp 1024w, https:\/\/liraluckplay.com\/wp-content\/uploads\/2026\/05\/Liraluck-Login-768x330.webp 768w\" sizes=\"(max-width: 1248px) 100vw, 1248px\" \/><\/p>\n<h2>Usar una cuenta de Liraluck<\/h2>\n<p>Los jugadores que tengan una cuenta en nuestro casino online tienen acceso a todas las funciones de nuestra plataforma. Solo tienes que iniciar sesi\u00f3n a trav\u00e9s del formulario de Liraluck y podr\u00e1s:<\/p>\n<ul>\n<li>Realizar dep\u00f3sitos y retirar los premios en efectivo<\/li>\n<li>Establecer l\u00edmites en tu tiempo de sesi\u00f3n, transacciones financieras y p\u00e9rdidas<\/li>\n<li>Crear una lista de juegos favoritos<\/li>\n<li>Mejorar la seguridad de tu cuenta con la autenticaci\u00f3n de dos factores<\/li>\n<li>Editar la informaci\u00f3n de tu perfil<\/li>\n<li>Activa los bonos y promociones de Liraluck<\/li>\n<li>Participa en torneos y sube de nivel en la clasificaci\u00f3n<\/li>\n<li>Completa misiones diarias para conseguir recompensas extra<\/li>\n<\/ul>\n<p>Queremos que nuestros jugadores disfruten al m\u00e1ximo de su experiencia de juego en Lira Luck Casino. Por eso te ofrecemos herramientas que te ayudar\u00e1n a personalizar tu cuenta y a gestionar tu tiempo y tu presupuesto.<\/p>\n<h2>Verificaci\u00f3n y seguridad de la cuenta de Liraluck<\/h2>\n<p>Para garantizar la seguridad de tus datos personales en la plataforma de Liraluck Casino, utilizamos cifrado TLS y un sistema de procesamiento de pagos que cumple con la norma PCI-DSS. Adem\u00e1s, todos los jugadores deben completar un proceso de verificaci\u00f3n antes de poder retirar sus ganancias de la cuenta. Por eso te pedimos que introduzcas tus datos personales durante el proceso de registro.<\/p>\n<p>Para confirmar tu identidad, puedes enviarnos tu documento de identidad o carn\u00e9 de conducir y un justificante de tu domicilio actual. Nuestro equipo lo revisar\u00e1 en un plazo de 48 horas, tras lo cual podr\u00e1s iniciar sesi\u00f3n en Liraluck y seguir realizando transacciones financieras.<\/p>\n<h2>\u00bfHas olvidado tu contrase\u00f1a?<\/h2>\n<p>No hay por qu\u00e9 estresarse por cosas tan triviales. Los usuarios siempre pueden restablecer sus contrase\u00f1as y acceder a sus cuentas en unos sencillos pasos. Tienes que abrir el formulario de inicio de sesi\u00f3n de Liraluck y pulsar el bot\u00f3n \u00ab\u00bfHas olvidado tu contrase\u00f1a?\u00bb que hay en la parte inferior. A continuaci\u00f3n, tendr\u00e1s que introducir el correo electr\u00f3nico que usaste para registrarte para que podamos enviarte un enlace para restablecer la contrase\u00f1a. Haz clic en el enlace del correo y sigue las instrucciones.<\/p>\n<p>Si no ves ning\u00fan correo en tu bandeja de entrada, comprueba la carpeta de spam. Para confirmar la nueva contrase\u00f1a, vuelve al sitio web y util\u00edzala para completar el proceso de inicio de sesi\u00f3n en Lira Luck. Si tienes alguna dificultad, no dudes en ponerte en contacto con nuestro equipo de asistencia a trav\u00e9s del chat en vivo de la plataforma.<\/p>\n<h2>Preguntas frecuentes<\/h2>\n<h3>\u00bfPuedo compartir mi perfil de Liraluck Casino con un amigo?<\/h3>\n<p>Por motivos de seguridad, no debes compartir tu cuenta con nadie. Va en contra de nuestras normas y pr\u00e1cticas de seguridad. Todos los jugadores pasan por un proceso de verificaci\u00f3n, por lo que el perfil est\u00e1 vinculado a una sola persona confirmada. Siempre revisamos la plataforma de Liraluck Casino en busca de actividades sospechosas y podemos bloquear o cerrar tu cuenta si detectamos cualquier patr\u00f3n inusual. Adem\u00e1s, el proceso de registro en nuestro casino online es sencillo, as\u00ed que puedes aconsejar a tu amigo que se registre y utilice su propia cuenta para jugar.<\/p>\n<h3>\u00bfMe pueden cerrar la sesi\u00f3n autom\u00e1ticamente?<\/h3>\n<p>S\u00ed, puedes establecer l\u00edmites de sesi\u00f3n en la configuraci\u00f3n de tu cuenta. Para ello, abre tu perfil y busca la secci\u00f3n \u00abL\u00edmites de juego\u00bb. Aqu\u00ed puedes introducir el periodo de tiempo para tus sesiones de juego. Se te cerrar\u00e1 la sesi\u00f3n autom\u00e1ticamente cuando alcances el l\u00edmite establecido.<\/p>\n<h3>\u00bfSe puede consultar el historial de inicio de sesi\u00f3n?<\/h3>\n<p>Puedes ver tu historial de inicio de sesi\u00f3n, as\u00ed como el dispositivo desde el que has iniciado sesi\u00f3n en ese momento, en tu perfil. Para consultar tus registros, tienes que abrir la configuraci\u00f3n de la cuenta y visitar la secci\u00f3n \u00abSeguridad\u00bb. Aqu\u00ed ver\u00e1s tus sesiones activas y pasadas, as\u00ed como los dispositivos que has utilizado.<\/p>\n<\/div><\/div><\/p>\n","protected":false},"excerpt":{"rendered":"<p>Inicio de sesi\u00f3n y registro en la cuenta de Liraluck Para disfrutar de todas las funciones de nuestro casino online, animamos a nuestros jugadores espa\u00f1oles a registrarse. Con unos sencillos pasos, podr\u00e1s completar el Liraluck login para gestionar tu cuenta y jugar a cualquier juego de nuestra colecci\u00f3n con apuestas y ganancias reales. Los usuarios [&hellip;]<\/p>\n","protected":false},"author":1,"featured_media":0,"parent":0,"menu_order":0,"comment_status":"closed","ping_status":"closed","template":"template-builder.php","meta":{"_acf_changed":false,"inline_featured_image":false,"footnotes":""},"class_list":["post-1487","page","type-page","status-publish","hentry"],"acf":[],"yoast_head":"<!-- This site is optimized with the Yoast SEO plugin v24.4 - https:\/\/yoast.com\/wordpress\/plugins\/seo\/ -->\n<title>Liraluck Inicio de sesi\u00f3n y registro<\/title>\n<meta name=\"description\" content=\"Crea, gestiona y verifica tu cuenta Liraluck sin esfuerzo. Disfruta de un registro r\u00e1pido, una recuperaci\u00f3n de cuenta sencilla y un cierre seguro con Liraluck Login, que mantiene tu cuenta protegida las 24 horas del d\u00eda.\" \/>\n<meta name=\"robots\" content=\"index, follow, max-snippet:-1, max-image-preview:large, max-video-preview:-1\" \/>\n<link rel=\"canonical\" href=\"https:\/\/liraluckplay.com\/es\/inicio-de-sesion-y-registro\/\" \/>\n<meta property=\"og:locale\" content=\"es_ES\" \/>\n<meta property=\"og:type\" content=\"article\" \/>\n<meta property=\"og:title\" content=\"Liraluck Inicio de sesi\u00f3n y registro\" \/>\n<meta property=\"og:description\" content=\"Crea, gestiona y verifica tu cuenta Liraluck sin esfuerzo. Disfruta de un registro r\u00e1pido, una recuperaci\u00f3n de cuenta sencilla y un cierre seguro con Liraluck Login, que mantiene tu cuenta protegida las 24 horas del d\u00eda.\" \/>\n<meta property=\"og:url\" content=\"https:\/\/liraluckplay.com\/es\/inicio-de-sesion-y-registro\/\" \/>\n<meta property=\"og:site_name\" content=\"liraluck\" \/>\n<meta property=\"article:modified_time\" content=\"2026-05-04T10:56:01+00:00\" \/>\n<meta name=\"twitter:card\" content=\"summary_large_image\" \/>\n<meta name=\"twitter:label1\" content=\"Est. reading time\" \/>\n\t<meta name=\"twitter:data1\" content=\"1 minute\" \/>\n<script type=\"application\/ld+json\" class=\"yoast-schema-graph\">{\"@context\":\"https:\/\/schema.org\",\"@graph\":[{\"@type\":\"WebPage\",\"@id\":\"https:\/\/liraluckplay.com\/es\/inicio-de-sesion-y-registro\/\",\"url\":\"https:\/\/liraluckplay.com\/es\/inicio-de-sesion-y-registro\/\",\"name\":\"Liraluck Inicio de sesi\u00f3n y registro\",\"isPartOf\":{\"@id\":\"https:\/\/liraluckplay.com\/es\/#website\"},\"datePublished\":\"2026-01-20T12:11:11+00:00\",\"dateModified\":\"2026-05-04T10:56:01+00:00\",\"description\":\"Crea, gestiona y verifica tu cuenta Liraluck sin esfuerzo. Disfruta de un registro r\u00e1pido, una recuperaci\u00f3n de cuenta sencilla y un cierre seguro con Liraluck Login, que mantiene tu cuenta protegida las 24 horas del d\u00eda.\",\"breadcrumb\":{\"@id\":\"https:\/\/liraluckplay.com\/es\/inicio-de-sesion-y-registro\/#breadcrumb\"},\"inLanguage\":\"es-ES\",\"potentialAction\":[{\"@type\":\"ReadAction\",\"target\":[\"https:\/\/liraluckplay.com\/es\/inicio-de-sesion-y-registro\/\"]}]},{\"@type\":\"BreadcrumbList\",\"@id\":\"https:\/\/liraluckplay.com\/es\/inicio-de-sesion-y-registro\/#breadcrumb\",\"itemListElement\":[{\"@type\":\"ListItem\",\"position\":1,\"name\":\"Liraluck\",\"item\":\"https:\/\/liraluckplay.com\/es\/\"},{\"@type\":\"ListItem\",\"position\":2,\"name\":\"Inicio de sesi\u00f3n y Registro\"}]},{\"@type\":\"WebSite\",\"@id\":\"https:\/\/liraluckplay.com\/es\/#website\",\"url\":\"https:\/\/liraluckplay.com\/es\/\",\"name\":\"Liraluck\",\"description\":\"\",\"publisher\":{\"@id\":\"https:\/\/liraluckplay.com\/es\/#organization\"},\"potentialAction\":[{\"@type\":\"SearchAction\",\"target\":{\"@type\":\"EntryPoint\",\"urlTemplate\":\"https:\/\/liraluckplay.com\/es\/?s={search_term_string}\"},\"query-input\":{\"@type\":\"PropertyValueSpecification\",\"valueRequired\":true,\"valueName\":\"search_term_string\"}}],\"inLanguage\":\"es-ES\"},{\"@type\":\"Organization\",\"@id\":\"https:\/\/liraluckplay.com\/es\/#organization\",\"name\":\"Liraluck\",\"url\":\"https:\/\/liraluckplay.com\/es\/\",\"logo\":{\"@type\":\"ImageObject\",\"inLanguage\":\"es-ES\",\"@id\":\"https:\/\/liraluckplay.com\/es\/#\/schema\/logo\/image\/\",\"url\":\"https:\/\/liraluckplay.com\/wp-content\/uploads\/2026\/05\/logo-liraluck.png\",\"contentUrl\":\"https:\/\/liraluckplay.com\/wp-content\/uploads\/2026\/05\/logo-liraluck.png\",\"width\":150,\"height\":47,\"caption\":\"Liraluck\"},\"image\":{\"@id\":\"https:\/\/liraluckplay.com\/es\/#\/schema\/logo\/image\/\"}}]}<\/script>\n<!-- \/ Yoast SEO plugin. -->","yoast_head_json":{"title":"Liraluck Inicio de sesi\u00f3n y registro","description":"Crea, gestiona y verifica tu cuenta Liraluck sin esfuerzo. Disfruta de un registro r\u00e1pido, una recuperaci\u00f3n de cuenta sencilla y un cierre seguro con Liraluck Login, que mantiene tu cuenta protegida las 24 horas del d\u00eda.","robots":{"index":"index","follow":"follow","max-snippet":"max-snippet:-1","max-image-preview":"max-image-preview:large","max-video-preview":"max-video-preview:-1"},"canonical":"https:\/\/liraluckplay.com\/es\/inicio-de-sesion-y-registro\/","og_locale":"es_ES","og_type":"article","og_title":"Liraluck Inicio de sesi\u00f3n y registro","og_description":"Crea, gestiona y verifica tu cuenta Liraluck sin esfuerzo. Disfruta de un registro r\u00e1pido, una recuperaci\u00f3n de cuenta sencilla y un cierre seguro con Liraluck Login, que mantiene tu cuenta protegida las 24 horas del d\u00eda.","og_url":"https:\/\/liraluckplay.com\/es\/inicio-de-sesion-y-registro\/","og_site_name":"liraluck","article_modified_time":"2026-05-04T10:56:01+00:00","twitter_card":"summary_large_image","twitter_misc":{"Est. reading time":"1 minute"},"schema":{"@context":"https:\/\/schema.org","@graph":[{"@type":"WebPage","@id":"https:\/\/liraluckplay.com\/es\/inicio-de-sesion-y-registro\/","url":"https:\/\/liraluckplay.com\/es\/inicio-de-sesion-y-registro\/","name":"Liraluck Inicio de sesi\u00f3n y registro","isPartOf":{"@id":"https:\/\/liraluckplay.com\/es\/#website"},"datePublished":"2026-01-20T12:11:11+00:00","dateModified":"2026-05-04T10:56:01+00:00","description":"Crea, gestiona y verifica tu cuenta Liraluck sin esfuerzo. Disfruta de un registro r\u00e1pido, una recuperaci\u00f3n de cuenta sencilla y un cierre seguro con Liraluck Login, que mantiene tu cuenta protegida las 24 horas del d\u00eda.","breadcrumb":{"@id":"https:\/\/liraluckplay.com\/es\/inicio-de-sesion-y-registro\/#breadcrumb"},"inLanguage":"es-ES","potentialAction":[{"@type":"ReadAction","target":["https:\/\/liraluckplay.com\/es\/inicio-de-sesion-y-registro\/"]}]},{"@type":"BreadcrumbList","@id":"https:\/\/liraluckplay.com\/es\/inicio-de-sesion-y-registro\/#breadcrumb","itemListElement":[{"@type":"ListItem","position":1,"name":"Liraluck","item":"https:\/\/liraluckplay.com\/es\/"},{"@type":"ListItem","position":2,"name":"Inicio de sesi\u00f3n y Registro"}]},{"@type":"WebSite","@id":"https:\/\/liraluckplay.com\/es\/#website","url":"https:\/\/liraluckplay.com\/es\/","name":"Liraluck","description":"","publisher":{"@id":"https:\/\/liraluckplay.com\/es\/#organization"},"potentialAction":[{"@type":"SearchAction","target":{"@type":"EntryPoint","urlTemplate":"https:\/\/liraluckplay.com\/es\/?s={search_term_string}"},"query-input":{"@type":"PropertyValueSpecification","valueRequired":true,"valueName":"search_term_string"}}],"inLanguage":"es-ES"},{"@type":"Organization","@id":"https:\/\/liraluckplay.com\/es\/#organization","name":"Liraluck","url":"https:\/\/liraluckplay.com\/es\/","logo":{"@type":"ImageObject","inLanguage":"es-ES","@id":"https:\/\/liraluckplay.com\/es\/#\/schema\/logo\/image\/","url":"https:\/\/liraluckplay.com\/wp-content\/uploads\/2026\/05\/logo-liraluck.png","contentUrl":"https:\/\/liraluckplay.com\/wp-content\/uploads\/2026\/05\/logo-liraluck.png","width":150,"height":47,"caption":"Liraluck"},"image":{"@id":"https:\/\/liraluckplay.com\/es\/#\/schema\/logo\/image\/"}}]}},"_links":{"self":[{"href":"https:\/\/liraluckplay.com\/es\/wp-json\/wp\/v2\/pages\/1487"}],"collection":[{"href":"https:\/\/liraluckplay.com\/es\/wp-json\/wp\/v2\/pages"}],"about":[{"href":"https:\/\/liraluckplay.com\/es\/wp-json\/wp\/v2\/types\/page"}],"author":[{"embeddable":true,"href":"https:\/\/liraluckplay.com\/es\/wp-json\/wp\/v2\/users\/1"}],"replies":[{"embeddable":true,"href":"https:\/\/liraluckplay.com\/es\/wp-json\/wp\/v2\/comments?post=1487"}],"version-history":[{"count":3,"href":"https:\/\/liraluckplay.com\/es\/wp-json\/wp\/v2\/pages\/1487\/revisions"}],"predecessor-version":[{"id":2121,"href":"https:\/\/liraluckplay.com\/es\/wp-json\/wp\/v2\/pages\/1487\/revisions\/2121"}],"wp:attachment":[{"href":"https:\/\/liraluckplay.com\/es\/wp-json\/wp\/v2\/media?parent=1487"}],"curies":[{"name":"wp","href":"https:\/\/api.w.org\/{rel}","templated":true}]}}