{"id":1440,"date":"2026-01-20T12:08:23","date_gmt":"2026-01-20T12:08:23","guid":{"rendered":"https:\/\/bonuskongcasino.com\/app\/"},"modified":"2026-05-04T10:53:00","modified_gmt":"2026-05-04T09:53:00","slug":"app","status":"publish","type":"page","link":"https:\/\/liraluckplay.com\/fr\/app\/","title":{"rendered":"App"},"content":{"rendered":"<h1>Plateforme mobile Liraluck<\/h1>\n<p>Vous n&rsquo;avez pas besoin d&rsquo;attendre de rentrer chez vous pour jouer \u00e0 nos machines \u00e0 sous en ligne ou \u00e0 d&rsquo;autres jeux. Gr\u00e2ce \u00e0 Liraluck app, nos utilisateurs peuvent jouer quand ils le souhaitent, o\u00f9 qu&rsquo;ils se trouvent. Tout ce dont vous avez besoin, c&rsquo;est votre t\u00e9l\u00e9phone portable et une connexion Internet stable. L&rsquo;application fonctionne parfaitement sur iOS et Android, les joueurs ne sont donc pas limit\u00e9s dans le choix de leur appareil.<\/p>\n<div class=\"banner-wrap\" aria-label=\"Banner\"><img src=\"https:\/\/liraluckplay.com\/wp-content\/uploads\/2026\/05\/Liraluck-banner-desktop.webp\" class=\"w-100 d-none d-lg-block img-pc main-banner-img\" alt=\"Liraluck banner desktop\" fetchpriority=\"high\" decoding=\"async\"><img src=\"https:\/\/liraluckplay.com\/wp-content\/uploads\/2026\/05\/liraluck-banner-mobile.png\" class=\"w-100 d-none d-md-block d-lg-none main-banner-img\" alt=\"liraluck banner mobile\" fetchpriority=\"high\" decoding=\"async\"><img src=\"https:\/\/liraluckplay.com\/wp-content\/uploads\/2026\/05\/liraluck-banner-mobile.png\" class=\"w-100 d-md-none\" alt=\"liraluck banner mobile\" fetchpriority=\"high\" decoding=\"async\"><div class=\"banner-description\">\n<div class=\"banner-title\">Bonus de bienvenue<\/div>\n<p class=\"banner-header-title\">1500 \u20ac<\/p>\n<div class=\"banner-header-AdditionalText\">+ 250 Tours gratuits<\/div>\n<button data-item=\"homepage_banner_link\" class=\"goto m-button m-gradient-border m-button--primary m-button--large banner-button btn-orange\">\n            <div class=\"m-button-content\">\n                <span>Inscrivez-vous d\u00e8s maintenant<\/span>\n                <span><\/span>\n            <\/div>\n        <\/button>\n<\/div>\n<div class=\"WelcomePack\">\n<p><img loading=\"lazy\" decoding=\"async\" class=\"alignnone size-full wp-image-1855\" src=\"https:\/\/liraluckplay.com\/wp-content\/uploads\/2026\/05\/welcome-crown.png\" alt=\"crown\" width=\"25\" height=\"26\" \/><\/p>\n<div class=\"WelcomePack-Info\">Cashback hebdomadaire jusqu&rsquo;\u00e0 25 %<\/div>\n<p><img loading=\"lazy\" decoding=\"async\" class=\"alignnone size-full wp-image-1855\" src=\"https:\/\/liraluckplay.com\/wp-content\/uploads\/2026\/05\/welcome-crown.png\" alt=\"crown\" width=\"25\" height=\"26\" \/><\/p>\n<\/div>\n<\/div>\n<h2>Utilisation de Liraluck sur mobile<\/h2>\n<p>Au lieu de d\u00e9velopper une application native, nous avons d\u00e9cid\u00e9 qu&rsquo;une application web progressive serait plus pratique pour nos joueurs. Elle fonctionne sur toutes les plateformes, il n&rsquo;est donc pas n\u00e9cessaire d&rsquo;avoir deux programmes distincts pour Android et iOS. Liraluck Casino utilise le protocole TLS et un cryptage AES 256 bits pour prot\u00e9ger les donn\u00e9es sur le site web. Il en va de m\u00eame pour notre PWA, qui garantit que vos sessions mobiles sont tout aussi s\u00e9curis\u00e9es que lorsque vous jouez depuis un ordinateur de bureau.<\/p>\n<p>Les informations relatives au solde de votre compte Liraluck Casino et aux autres d\u00e9tails de votre profil se synchronisent avec l&rsquo;appareil que vous choisissez lorsque vous vous connectez. Ainsi, les joueurs peuvent effectuer des d\u00e9p\u00f4ts et retirer leurs gains, g\u00e9rer les param\u00e8tres de leur compte et utiliser facilement les autres fonctionnalit\u00e9s depuis leur mobile ou leur tablette.<\/p>\n<p>Voici quelques avantages des PWA.<\/p>\n<table>\n<tbody>\n<tr>\n<td>Avantage<\/td>\n<td>D\u00e9tails<\/td>\n<\/tr>\n<tr>\n<td>Facilement accessible<\/td>\n<td>Vous n&rsquo;avez pas besoin de la t\u00e9l\u00e9charger depuis des sites web tiers ou des boutiques d&rsquo;applications. Les joueurs peuvent acc\u00e9der \u00e0 l&rsquo;application PWA Liraluck depuis n&rsquo;importe quel navigateur et l&rsquo;installer directement depuis notre site en quelques clics.<\/td>\n<\/tr>\n<tr>\n<td>Prise en charge multiplateforme<\/td>\n<td>L&rsquo;application Liraluck fonctionne sur Android, iOS, macOS et Windows, vous pouvez donc jouer sur n&rsquo;importe quel appareil.<\/td>\n<\/tr>\n<tr>\n<td>Chargement rapide et peu encombrant<\/td>\n<td>Elle est l\u00e9g\u00e8re, elle ne prendra donc pas beaucoup de place sur votre appareil. C&rsquo;est pourquoi elle se charge rapidement. De plus, Lira Luck Casino est optimis\u00e9 pour fonctionner sans interruption.<\/td>\n<\/tr>\n<tr>\n<td>Mises \u00e0 jour automatiques<\/td>\n<td>Notre application PWA est toujours \u00e0 jour, car elle se met automatiquement \u00e0 jour chaque fois que nous apportons des modifications au site web. Pas besoin de le faire manuellement.<\/td>\n<\/tr>\n<\/tbody>\n<\/table>\n<p>En cas de probl\u00e8me avec l&rsquo;application ou si vous souhaitez simplement obtenir des pr\u00e9cisions, n&rsquo;h\u00e9sitez pas \u00e0 contacter notre service client pour obtenir de l&rsquo;aide. Vous pouvez utiliser le chat en direct, \u00e9galement disponible dans les applications, ou nous envoyer un e-mail.<\/p>\n<p><div class=\"scrollable-content-wrap my-5\"><div class=\"scrollable-content-inner\"><h2>Application mobile Liraluck pour Android<\/h2>\n<p>Il n&rsquo;y a pas de fichiers APK distincts pour les utilisateurs d&rsquo;Android ; vous pouvez donc simplement utiliser notre casino mobile depuis le navigateur de votre smartphone ou installer l&rsquo;application Liraluck depuis le site web. Cela permet aux joueurs de profiter de leur exp\u00e9rience de jeu o\u00f9 qu&rsquo;ils soient. Elle est optimis\u00e9e pour diff\u00e9rents types d&rsquo;\u00e9crans, et les joueurs peuvent facilement passer d&rsquo;un appareil \u00e0 l&rsquo;autre. Pour installer l&rsquo;application Lira Luck et acc\u00e9der plus rapidement \u00e0 notre casino mobile, les joueurs peuvent suivre ces \u00e9tapes.<\/p>\n<table>\n<tbody>\n<tr>\n<td>\u00c9tapes<\/td>\n<td>D\u00e9tails<\/td>\n<\/tr>\n<tr>\n<td>\u00c9tape 1<\/td>\n<td>Ouvrez notre site web depuis le navigateur mobile que vous utilisez.<\/td>\n<\/tr>\n<tr>\n<td>\u00c9tape 2<\/td>\n<td>Rep\u00e9rez les trois points situ\u00e9s pr\u00e8s de la barre de recherche.<\/td>\n<\/tr>\n<tr>\n<td>\u00c9tape 3<\/td>\n<td>Appuyez sur l&rsquo;ic\u00f4ne et s\u00e9lectionnez l&rsquo;option \u00ab Ajouter \u00e0 l&rsquo;\u00e9cran d&rsquo;accueil \u00bb.<\/td>\n<\/tr>\n<tr>\n<td>\u00c9tape 4<\/td>\n<td>Acceptez d&rsquo;installer l&rsquo;application et obtenez l&rsquo;ic\u00f4ne de la marque sur votre \u00e9cran d&rsquo;accueil.<\/td>\n<\/tr>\n<\/tbody>\n<\/table>\n<p>Veillez \u00e0 bien terminer votre session avant de passer du mobile au bureau et vice versa. Sur Lira Luck Casino, les joueurs ne peuvent avoir qu&rsquo;un seul compte actif. Par cons\u00e9quent, si vous ne vous d\u00e9connectez pas d&rsquo;un appareil, vous ne pourrez pas vous connecter sur un autre.<\/p>\n<p><img loading=\"lazy\" decoding=\"async\" class=\"alignnone size-full wp-image-1935\" src=\"https:\/\/liraluckplay.com\/wp-content\/uploads\/2026\/05\/Liraluck-Android-App.webp\" alt=\"Liraluck Android App\" width=\"1248\" height=\"536\" srcset=\"https:\/\/liraluckplay.com\/wp-content\/uploads\/2026\/05\/Liraluck-Android-App.webp 1248w, https:\/\/liraluckplay.com\/wp-content\/uploads\/2026\/05\/Liraluck-Android-App-300x129.webp 300w, https:\/\/liraluckplay.com\/wp-content\/uploads\/2026\/05\/Liraluck-Android-App-1024x440.webp 1024w, https:\/\/liraluckplay.com\/wp-content\/uploads\/2026\/05\/Liraluck-Android-App-768x330.webp 768w\" sizes=\"(max-width: 1248px) 100vw, 1248px\" \/><\/p>\n<\/div><\/div><div style=\"clear: both\"><\/div><div class=\"d-flex justify-content-center\"><button data-item=\"decouvrez_link\" data-group=\"website_links\" class=\"goto fw-bold rounded-pill btn btn-orange\" aria-label=\"T\u00e9l\u00e9chargez l&#039;application Liraluck\" >T\u00e9l\u00e9chargez l&#039;application Liraluck<\/button><\/div><div class=\"scrollable-content-wrap my-5\"><div class=\"scrollable-content-inner\"><h2>Application mobile Liraluck pour iOS<\/h2>\n<p>Le fonctionnement de notre application est identique sur Android et iOS ; vous pouvez donc cr\u00e9er un raccourci de la m\u00eame mani\u00e8re. Une fois cette op\u00e9ration termin\u00e9e, vous pouvez vous connecter \u00e0 votre compte Lira Luck et profiter du m\u00eame design et des m\u00eames fonctionnalit\u00e9s que sur le site web. Certaines fonctionnalit\u00e9s sont m\u00eame plus faciles \u00e0 utiliser sur mobile. Par exemple, les joueurs peuvent effectuer la proc\u00e9dure de v\u00e9rification en envoyant les documents requis depuis leur iPhone ou leur iPad, sans avoir \u00e0 les t\u00e9l\u00e9charger sur un PC.<\/p>\n<p>Certains jeux sont \u00e9galement plus agr\u00e9ables \u00e0 jouer sur un \u00e9cran plus petit. Si n\u00e9cessaire, les utilisateurs peuvent toujours se d\u00e9connecter de leur compte sur leur t\u00e9l\u00e9phone mobile et se connecter depuis un ordinateur ; toutes les donn\u00e9es seront synchronis\u00e9es entre les appareils apr\u00e8s votre autorisation.<\/p>\n<p><img loading=\"lazy\" decoding=\"async\" class=\"alignnone size-full wp-image-1943\" src=\"https:\/\/liraluckplay.com\/wp-content\/uploads\/2026\/05\/Liraluck-iOS-App.webp\" alt=\"Liraluck iOS App\" width=\"1248\" height=\"536\" srcset=\"https:\/\/liraluckplay.com\/wp-content\/uploads\/2026\/05\/Liraluck-iOS-App.webp 1248w, https:\/\/liraluckplay.com\/wp-content\/uploads\/2026\/05\/Liraluck-iOS-App-300x129.webp 300w, https:\/\/liraluckplay.com\/wp-content\/uploads\/2026\/05\/Liraluck-iOS-App-1024x440.webp 1024w, https:\/\/liraluckplay.com\/wp-content\/uploads\/2026\/05\/Liraluck-iOS-App-768x330.webp 768w\" sizes=\"(max-width: 1248px) 100vw, 1248px\" \/><\/p>\n<\/div><\/div><div style=\"clear: both\"><\/div><div class=\"d-flex justify-content-center\"><button data-item=\"decouvrez_link\" data-group=\"website_links\" class=\"goto fw-bold rounded-pill btn btn-orange\" aria-label=\"T\u00e9l\u00e9charger Liraluck\" >T\u00e9l\u00e9charger Liraluck<\/button><\/div><div class=\"scrollable-content-wrap my-5\"><div class=\"scrollable-content-inner\"><h2>Applications Windows et macOS<\/h2>\n<p>Les joueurs peuvent \u00e9galement utiliser notre application sur leur ordinateur de bureau ou portable pour gagner du temps et commencer \u00e0 jouer plus rapidement sur Liraluck Casino. Notre plateforme est enti\u00e8rement optimis\u00e9e pour Windows et macOS, ce qui vous permet d&rsquo;installer un raccourci l\u00e9ger qui lance instantan\u00e9ment le casino dans une fen\u00eatre s\u00e9par\u00e9e. Mais les joueurs peuvent aussi simplement ouvrir Liraluck Casino depuis leur navigateur ; c&rsquo;est juste une question de pr\u00e9f\u00e9rence. Notre application se met \u00e0 jour en arri\u00e8re-plan, vous jouez donc toujours sur la version la plus r\u00e9cente de la plateforme.<\/p>\n<p><img loading=\"lazy\" decoding=\"async\" class=\"alignnone size-full wp-image-1951\" src=\"https:\/\/liraluckplay.com\/wp-content\/uploads\/2026\/05\/Liraluck-Desktop.webp\" alt=\"Liraluck Desktop\" width=\"1248\" height=\"536\" srcset=\"https:\/\/liraluckplay.com\/wp-content\/uploads\/2026\/05\/Liraluck-Desktop.webp 1248w, https:\/\/liraluckplay.com\/wp-content\/uploads\/2026\/05\/Liraluck-Desktop-300x129.webp 300w, https:\/\/liraluckplay.com\/wp-content\/uploads\/2026\/05\/Liraluck-Desktop-1024x440.webp 1024w, https:\/\/liraluckplay.com\/wp-content\/uploads\/2026\/05\/Liraluck-Desktop-768x330.webp 768w\" sizes=\"(max-width: 1248px) 100vw, 1248px\" \/><\/p>\n<\/div><\/div><div style=\"clear: both\"><\/div><div class=\"d-flex justify-content-center\"><button data-item=\"decouvrez_link\" data-group=\"website_links\" class=\"goto fw-bold rounded-pill btn btn-orange\" aria-label=\"T\u00e9l\u00e9chargez l&#039;application Liraluck\" >T\u00e9l\u00e9chargez l&#039;application Liraluck<\/button><\/div><div class=\"scrollable-content-wrap my-5\"><div class=\"scrollable-content-inner\"><h2>FAQ<\/h2>\n<h3>La d\u00e9sinstallation de l&rsquo;application Lira Luck supprime-t-elle mon compte ?<\/h3>\n<p>Non, votre compte est parfaitement s\u00e9curis\u00e9 et ne peut pas \u00eatre supprim\u00e9 avec l&rsquo;application. Les donn\u00e9es de votre profil sont stock\u00e9es sur le serveur, tandis que l&rsquo;application est install\u00e9e directement sur votre appareil. Ainsi, m\u00eame si vous r\u00e9installez l&rsquo;application ou y acc\u00e9dez via un navigateur, vous pourrez vous connecter \u00e0 votre compte Liraluck. Si vous souhaitez supprimer votre profil, vous devez contacter notre \u00e9quipe d&rsquo;assistance.<\/p>\n<h3>Y a-t-il une diff\u00e9rence entre vos catalogues de jeux sur ordinateur et sur mobile ?<\/h3>\n<p>Notre application reprend les fonctionnalit\u00e9s de notre site web, vous pouvez donc acc\u00e9der \u00e0 l&rsquo;int\u00e9gralit\u00e9 du catalogue de jeux sur n&rsquo;importe quel appareil. Il n&rsquo;y a aucune diff\u00e9rence au niveau des titres, et le gameplay sur mobile est tout aussi fluide, l&rsquo;application s&rsquo;adaptant automatiquement \u00e0 la taille de votre \u00e9cran.<\/p>\n<h3>L&rsquo;application web progressive (PWA) fonctionnera-t-elle correctement sur des appareils plus anciens ?<\/h3>\n<p>Les applications web progressives sont plus l\u00e9g\u00e8res que les applications natives et peuvent fonctionner sans probl\u00e8me sur une large gamme d&rsquo;appareils. L&rsquo;application Liraluck Casino est optimis\u00e9e pour offrir des performances stables et un gameplay r\u00e9actif avec un temps de chargement minimal, m\u00eame sur les anciens mod\u00e8les.<\/p>\n<\/div><\/div><\/p>\n","protected":false},"excerpt":{"rendered":"<p>Plateforme mobile Liraluck Vous n&rsquo;avez pas besoin d&rsquo;attendre de rentrer chez vous pour jouer \u00e0 nos machines \u00e0 sous en ligne ou \u00e0 d&rsquo;autres jeux. Gr\u00e2ce \u00e0 Liraluck app, nos utilisateurs peuvent jouer quand ils le souhaitent, o\u00f9 qu&rsquo;ils se trouvent. Tout ce dont vous avez besoin, c&rsquo;est votre t\u00e9l\u00e9phone portable et une connexion Internet [&hellip;]<\/p>\n","protected":false},"author":1,"featured_media":0,"parent":0,"menu_order":0,"comment_status":"closed","ping_status":"closed","template":"template-builder.php","meta":{"_acf_changed":false,"inline_featured_image":false,"footnotes":""},"class_list":["post-1440","page","type-page","status-publish","hentry"],"acf":[],"yoast_head":"<!-- This site is optimized with the Yoast SEO plugin v24.4 - https:\/\/yoast.com\/wordpress\/plugins\/seo\/ -->\n<title>Liraluck Application | Plateformes iOS et Android<\/title>\n<meta name=\"description\" content=\"L&#039;application Liraluck offre une exp\u00e9rience de jeu fluide sur Android, iOS, Windows et macOS, avec des comptes synchronis\u00e9s, des mises \u00e0 jour r\u00e9guli\u00e8res et un service client int\u00e9gr\u00e9 pour une exp\u00e9rience sans souci.\" \/>\n<meta name=\"robots\" content=\"index, follow, max-snippet:-1, max-image-preview:large, max-video-preview:-1\" \/>\n<link rel=\"canonical\" href=\"https:\/\/liraluckplay.com\/fr\/app\/\" \/>\n<meta property=\"og:locale\" content=\"fr_FR\" \/>\n<meta property=\"og:type\" content=\"article\" \/>\n<meta property=\"og:title\" content=\"Liraluck Application | Plateformes iOS et Android\" \/>\n<meta property=\"og:description\" content=\"L&#039;application Liraluck offre une exp\u00e9rience de jeu fluide sur Android, iOS, Windows et macOS, avec des comptes synchronis\u00e9s, des mises \u00e0 jour r\u00e9guli\u00e8res et un service client int\u00e9gr\u00e9 pour une exp\u00e9rience sans souci.\" \/>\n<meta property=\"og:url\" content=\"https:\/\/liraluckplay.com\/fr\/app\/\" \/>\n<meta property=\"og:site_name\" content=\"liraluck\" \/>\n<meta property=\"article:modified_time\" content=\"2026-05-04T09:53:00+00:00\" \/>\n<meta name=\"twitter:card\" content=\"summary_large_image\" \/>\n<meta name=\"twitter:label1\" content=\"Dur\u00e9e de lecture estim\u00e9e\" \/>\n\t<meta name=\"twitter:data1\" content=\"2 minutes\" \/>\n<script type=\"application\/ld+json\" class=\"yoast-schema-graph\">{\"@context\":\"https:\/\/schema.org\",\"@graph\":[{\"@type\":\"WebPage\",\"@id\":\"https:\/\/liraluckplay.com\/fr\/app\/\",\"url\":\"https:\/\/liraluckplay.com\/fr\/app\/\",\"name\":\"Liraluck Application | Plateformes iOS et Android\",\"isPartOf\":{\"@id\":\"https:\/\/liraluckplay.com\/fr\/#website\"},\"datePublished\":\"2026-01-20T12:08:23+00:00\",\"dateModified\":\"2026-05-04T09:53:00+00:00\",\"description\":\"L'application Liraluck offre une exp\u00e9rience de jeu fluide sur Android, iOS, Windows et macOS, avec des comptes synchronis\u00e9s, des mises \u00e0 jour r\u00e9guli\u00e8res et un service client int\u00e9gr\u00e9 pour une exp\u00e9rience sans souci.\",\"breadcrumb\":{\"@id\":\"https:\/\/liraluckplay.com\/fr\/app\/#breadcrumb\"},\"inLanguage\":\"fr-FR\",\"potentialAction\":[{\"@type\":\"ReadAction\",\"target\":[\"https:\/\/liraluckplay.com\/fr\/app\/\"]}]},{\"@type\":\"BreadcrumbList\",\"@id\":\"https:\/\/liraluckplay.com\/fr\/app\/#breadcrumb\",\"itemListElement\":[{\"@type\":\"ListItem\",\"position\":1,\"name\":\"Liraluck\",\"item\":\"https:\/\/liraluckplay.com\/fr\/\"},{\"@type\":\"ListItem\",\"position\":2,\"name\":\"App\"}]},{\"@type\":\"WebSite\",\"@id\":\"https:\/\/liraluckplay.com\/fr\/#website\",\"url\":\"https:\/\/liraluckplay.com\/fr\/\",\"name\":\"Liraluck\",\"description\":\"\",\"publisher\":{\"@id\":\"https:\/\/liraluckplay.com\/fr\/#organization\"},\"potentialAction\":[{\"@type\":\"SearchAction\",\"target\":{\"@type\":\"EntryPoint\",\"urlTemplate\":\"https:\/\/liraluckplay.com\/fr\/?s={search_term_string}\"},\"query-input\":{\"@type\":\"PropertyValueSpecification\",\"valueRequired\":true,\"valueName\":\"search_term_string\"}}],\"inLanguage\":\"fr-FR\"},{\"@type\":\"Organization\",\"@id\":\"https:\/\/liraluckplay.com\/fr\/#organization\",\"name\":\"Liraluck\",\"url\":\"https:\/\/liraluckplay.com\/fr\/\",\"logo\":{\"@type\":\"ImageObject\",\"inLanguage\":\"fr-FR\",\"@id\":\"https:\/\/liraluckplay.com\/fr\/#\/schema\/logo\/image\/\",\"url\":\"https:\/\/liraluckplay.com\/wp-content\/uploads\/2026\/05\/logo-liraluck.png\",\"contentUrl\":\"https:\/\/liraluckplay.com\/wp-content\/uploads\/2026\/05\/logo-liraluck.png\",\"width\":150,\"height\":47,\"caption\":\"Liraluck\"},\"image\":{\"@id\":\"https:\/\/liraluckplay.com\/fr\/#\/schema\/logo\/image\/\"}}]}<\/script>\n<!-- \/ Yoast SEO plugin. -->","yoast_head_json":{"title":"Liraluck Application | Plateformes iOS et Android","description":"L'application Liraluck offre une exp\u00e9rience de jeu fluide sur Android, iOS, Windows et macOS, avec des comptes synchronis\u00e9s, des mises \u00e0 jour r\u00e9guli\u00e8res et un service client int\u00e9gr\u00e9 pour une exp\u00e9rience sans souci.","robots":{"index":"index","follow":"follow","max-snippet":"max-snippet:-1","max-image-preview":"max-image-preview:large","max-video-preview":"max-video-preview:-1"},"canonical":"https:\/\/liraluckplay.com\/fr\/app\/","og_locale":"fr_FR","og_type":"article","og_title":"Liraluck Application | Plateformes iOS et Android","og_description":"L'application Liraluck offre une exp\u00e9rience de jeu fluide sur Android, iOS, Windows et macOS, avec des comptes synchronis\u00e9s, des mises \u00e0 jour r\u00e9guli\u00e8res et un service client int\u00e9gr\u00e9 pour une exp\u00e9rience sans souci.","og_url":"https:\/\/liraluckplay.com\/fr\/app\/","og_site_name":"liraluck","article_modified_time":"2026-05-04T09:53:00+00:00","twitter_card":"summary_large_image","twitter_misc":{"Dur\u00e9e de lecture estim\u00e9e":"2 minutes"},"schema":{"@context":"https:\/\/schema.org","@graph":[{"@type":"WebPage","@id":"https:\/\/liraluckplay.com\/fr\/app\/","url":"https:\/\/liraluckplay.com\/fr\/app\/","name":"Liraluck Application | Plateformes iOS et Android","isPartOf":{"@id":"https:\/\/liraluckplay.com\/fr\/#website"},"datePublished":"2026-01-20T12:08:23+00:00","dateModified":"2026-05-04T09:53:00+00:00","description":"L'application Liraluck offre une exp\u00e9rience de jeu fluide sur Android, iOS, Windows et macOS, avec des comptes synchronis\u00e9s, des mises \u00e0 jour r\u00e9guli\u00e8res et un service client int\u00e9gr\u00e9 pour une exp\u00e9rience sans souci.","breadcrumb":{"@id":"https:\/\/liraluckplay.com\/fr\/app\/#breadcrumb"},"inLanguage":"fr-FR","potentialAction":[{"@type":"ReadAction","target":["https:\/\/liraluckplay.com\/fr\/app\/"]}]},{"@type":"BreadcrumbList","@id":"https:\/\/liraluckplay.com\/fr\/app\/#breadcrumb","itemListElement":[{"@type":"ListItem","position":1,"name":"Liraluck","item":"https:\/\/liraluckplay.com\/fr\/"},{"@type":"ListItem","position":2,"name":"App"}]},{"@type":"WebSite","@id":"https:\/\/liraluckplay.com\/fr\/#website","url":"https:\/\/liraluckplay.com\/fr\/","name":"Liraluck","description":"","publisher":{"@id":"https:\/\/liraluckplay.com\/fr\/#organization"},"potentialAction":[{"@type":"SearchAction","target":{"@type":"EntryPoint","urlTemplate":"https:\/\/liraluckplay.com\/fr\/?s={search_term_string}"},"query-input":{"@type":"PropertyValueSpecification","valueRequired":true,"valueName":"search_term_string"}}],"inLanguage":"fr-FR"},{"@type":"Organization","@id":"https:\/\/liraluckplay.com\/fr\/#organization","name":"Liraluck","url":"https:\/\/liraluckplay.com\/fr\/","logo":{"@type":"ImageObject","inLanguage":"fr-FR","@id":"https:\/\/liraluckplay.com\/fr\/#\/schema\/logo\/image\/","url":"https:\/\/liraluckplay.com\/wp-content\/uploads\/2026\/05\/logo-liraluck.png","contentUrl":"https:\/\/liraluckplay.com\/wp-content\/uploads\/2026\/05\/logo-liraluck.png","width":150,"height":47,"caption":"Liraluck"},"image":{"@id":"https:\/\/liraluckplay.com\/fr\/#\/schema\/logo\/image\/"}}]}},"_links":{"self":[{"href":"https:\/\/liraluckplay.com\/fr\/wp-json\/wp\/v2\/pages\/1440"}],"collection":[{"href":"https:\/\/liraluckplay.com\/fr\/wp-json\/wp\/v2\/pages"}],"about":[{"href":"https:\/\/liraluckplay.com\/fr\/wp-json\/wp\/v2\/types\/page"}],"author":[{"embeddable":true,"href":"https:\/\/liraluckplay.com\/fr\/wp-json\/wp\/v2\/users\/1"}],"replies":[{"embeddable":true,"href":"https:\/\/liraluckplay.com\/fr\/wp-json\/wp\/v2\/comments?post=1440"}],"version-history":[{"count":4,"href":"https:\/\/liraluckplay.com\/fr\/wp-json\/wp\/v2\/pages\/1440\/revisions"}],"predecessor-version":[{"id":2065,"href":"https:\/\/liraluckplay.com\/fr\/wp-json\/wp\/v2\/pages\/1440\/revisions\/2065"}],"wp:attachment":[{"href":"https:\/\/liraluckplay.com\/fr\/wp-json\/wp\/v2\/media?parent=1440"}],"curies":[{"name":"wp","href":"https:\/\/api.w.org\/{rel}","templated":true}]}}