{"id":1482,"date":"2026-01-20T12:11:11","date_gmt":"2026-01-20T12:11:11","guid":{"rendered":"https:\/\/bonuskongcasino.com\/login-and-registration\/"},"modified":"2026-05-04T10:54:23","modified_gmt":"2026-05-04T09:54:23","slug":"connexion-et-inscription","status":"publish","type":"page","link":"https:\/\/liraluckplay.com\/fr\/connexion-et-inscription\/","title":{"rendered":"Connexion et inscription"},"content":{"rendered":"<h1>Connexion et inscription au compte Liraluck<\/h1>\n<p>Pour profiter de toutes les fonctionnalit\u00e9s de notre casino en ligne, nous encourageons nos joueurs \u00e0 cr\u00e9er un profil. En quelques \u00e9tapes simples, acc\u00e9dez au Liraluck login pour g\u00e9rer votre compte et jouer \u00e0 n&rsquo;importe quel jeu de notre collection avec de vraies mises et de vrais gains. Les utilisateurs enregistr\u00e9s ont \u00e9galement acc\u00e8s \u00e0 nos g\u00e9n\u00e9reuses promotions, notamment un bonus de bienvenue pouvant atteindre 1 500 \u20ac plus 250 tours gratuits.<\/p>\n<p><div class=\"banner-wrap\" aria-label=\"Banner\"><img src=\"https:\/\/liraluckplay.com\/wp-content\/uploads\/2026\/05\/Liraluck-banner-desktop.webp\" class=\"w-100 d-none d-lg-block img-pc main-banner-img\" alt=\"Liraluck banner desktop\" fetchpriority=\"high\" decoding=\"async\"><img src=\"https:\/\/liraluckplay.com\/wp-content\/uploads\/2026\/05\/liraluck-banner-mobile.png\" class=\"w-100 d-none d-md-block d-lg-none main-banner-img\" alt=\"liraluck banner mobile\" fetchpriority=\"high\" decoding=\"async\"><img src=\"https:\/\/liraluckplay.com\/wp-content\/uploads\/2026\/05\/liraluck-banner-mobile.png\" class=\"w-100 d-md-none\" alt=\"liraluck banner mobile\" fetchpriority=\"high\" decoding=\"async\"><div class=\"banner-description\">\n<div class=\"banner-title\">Bonus de bienvenue<\/div>\n<p class=\"banner-header-title\">1500 \u20ac<\/p>\n<div class=\"banner-header-AdditionalText\">+ 250 Tours gratuits<\/div>\n<button data-item=\"homepage_banner_link\" class=\"goto m-button m-gradient-border m-button--primary m-button--large banner-button btn-orange\">\n            <div class=\"m-button-content\">\n                <span>Inscrivez-vous d\u00e8s maintenant<\/span>\n                <span><\/span>\n            <\/div>\n        <\/button>\n<\/div>\n<div class=\"WelcomePack\">\n<p><img loading=\"lazy\" decoding=\"async\" class=\"alignnone size-full wp-image-1855\" src=\"https:\/\/liraluckplay.com\/wp-content\/uploads\/2026\/05\/welcome-crown.png\" alt=\"crown\" width=\"25\" height=\"26\" \/><\/p>\n<div class=\"WelcomePack-Info\">Cashback hebdomadaire jusqu&rsquo;\u00e0 25 %<\/div>\n<p><img loading=\"lazy\" decoding=\"async\" class=\"alignnone size-full wp-image-1855\" src=\"https:\/\/liraluckplay.com\/wp-content\/uploads\/2026\/05\/welcome-crown.png\" alt=\"crown\" width=\"25\" height=\"26\" \/><\/p>\n<\/div>\n<\/div><div class=\"scrollable-content-wrap my-5\"><div class=\"scrollable-content-inner\"><h2>Inscription d&rsquo;un nouvel utilisateur sur Lira Luck<\/h2>\n<p>Votre s\u00e9curit\u00e9 et votre satisfaction sont notre priorit\u00e9 absolue. Chez Liraluck Casino, nous utilisons des syst\u00e8mes anti-bot sp\u00e9ciaux et un cryptage AES 256 bits pour prot\u00e9ger vos donn\u00e9es personnelles d\u00e8s votre inscription. Les joueurs ne peuvent poss\u00e9der qu&rsquo;un seul compte et doivent avoir l&rsquo;\u00e2ge l\u00e9gal pour s&rsquo;inscrire.<\/p>\n<h3>Cr\u00e9ez votre compte<\/h3>\n<p>Pour vous inscrire sur Liraluck Casino, vous devez rep\u00e9rer et cliquer sur le bouton \u00ab S&rsquo;inscrire \u00bb. Cela ouvrira le formulaire que vous devrez remplir avec vos informations personnelles et accepter nos conditions g\u00e9n\u00e9rales pour finaliser le processus.<\/p>\n<p>Voici les informations que les joueurs doivent fournir lors de l&rsquo;inscription.<\/p>\n<table>\n<tbody>\n<tr>\n<td>Donn\u00e9es requises<\/td>\n<td>D\u00e9tails<\/td>\n<\/tr>\n<tr>\n<td>E-mail<\/td>\n<td>Vous devez associer votre adresse e-mail active afin de pouvoir vous connecter ult\u00e9rieurement, recevoir des e-mails de confirmation et r\u00e9cup\u00e9rer l&rsquo;acc\u00e8s \u00e0 votre compte si n\u00e9cessaire.<\/td>\n<\/tr>\n<tr>\n<td>Mot de passe<\/td>\n<td>Cr\u00e9ez un mot de passe fort, de pr\u00e9f\u00e9rence un mot de passe que vous n&rsquo;avez pas utilis\u00e9 sur d&rsquo;autres plateformes. Il doit comporter au moins 6 caract\u00e8res.<\/td>\n<\/tr>\n<tr>\n<td>Nom et date de naissance<\/td>\n<td>Nous avons besoin de ces informations pour confirmer votre identit\u00e9 dans le cadre de notre politique \u00ab Know-Your-Customer \u00bb (Conna\u00eetre son client) et pour v\u00e9rifier que vous avez l&rsquo;\u00e2ge l\u00e9gal. Assurez-vous que l&rsquo;orthographe est correcte et correspond \u00e0 celle de vos documents.<\/td>\n<\/tr>\n<tr>\n<td>Num\u00e9ro de t\u00e9l\u00e9phone portable et adresse<\/td>\n<td>Ces informations nous aideront \u00e9galement \u00e0 v\u00e9rifier votre identit\u00e9 afin de s\u00e9curiser votre profil. Liraluck encourage les utilisateurs \u00e0 activer l&rsquo;authentification \u00e0 deux facteurs (2FA) pour une s\u00e9curit\u00e9 suppl\u00e9mentaire.<\/td>\n<\/tr>\n<\/tbody>\n<\/table>\n<p>Une fois l&rsquo;inscription termin\u00e9e, vous pouvez utiliser vos identifiants pour vous connecter via le formulaire de connexion Liraluck.<\/p>\n<p><img loading=\"lazy\" decoding=\"async\" class=\"alignnone size-full wp-image-1959\" src=\"https:\/\/liraluckplay.com\/wp-content\/uploads\/2026\/05\/Liraluck-Login.webp\" alt=\"Liraluck Login\" width=\"1248\" height=\"536\" srcset=\"https:\/\/liraluckplay.com\/wp-content\/uploads\/2026\/05\/Liraluck-Login.webp 1248w, https:\/\/liraluckplay.com\/wp-content\/uploads\/2026\/05\/Liraluck-Login-300x129.webp 300w, https:\/\/liraluckplay.com\/wp-content\/uploads\/2026\/05\/Liraluck-Login-1024x440.webp 1024w, https:\/\/liraluckplay.com\/wp-content\/uploads\/2026\/05\/Liraluck-Login-768x330.webp 768w\" sizes=\"(max-width: 1248px) 100vw, 1248px\" \/><\/p>\n<h2>Utilisation d&rsquo;un compte Liraluck<\/h2>\n<p>Les joueurs disposant d&rsquo;un compte sur notre casino en ligne ont acc\u00e8s \u00e0 toutes les fonctionnalit\u00e9s de notre plateforme. Il vous suffit de vous connecter via le formulaire de connexion Liraluck pour pouvoir :<\/p>\n<ul>\n<li>Effectuer des d\u00e9p\u00f4ts et retirer vos gains<\/li>\n<li>Fixer des limites concernant la dur\u00e9e de vos sessions, vos transactions financi\u00e8res et vos pertes<\/li>\n<li>Cr\u00e9er une liste de jeux favoris<\/li>\n<li>Renforcer la s\u00e9curit\u00e9 de votre compte gr\u00e2ce \u00e0 l&rsquo;authentification \u00e0 deux facteurs<\/li>\n<li>Modifier les informations de votre profil<\/li>\n<li>Activez les bonus et promotions Liraluck<\/li>\n<li>Participez \u00e0 des tournois et faites progresser votre compte dans les classements<\/li>\n<li>Accomplissez des missions quotidiennes pour obtenir des r\u00e9compenses suppl\u00e9mentaires<\/li>\n<\/ul>\n<p>Nous voulons que nos joueurs profitent pleinement de leur exp\u00e9rience de jeu sur Lira Luck Casino. C&rsquo;est pourquoi nous vous fournissons des outils pour vous aider \u00e0 personnaliser votre compte et \u00e0 g\u00e9rer votre temps et votre budget.<\/p>\n<h2>V\u00e9rification et s\u00e9curit\u00e9 du compte Liraluck<\/h2>\n<p>Afin de garantir la s\u00e9curit\u00e9 de vos donn\u00e9es personnelles sur la plateforme Liraluck Casino, nous utilisons le cryptage TLS et un syst\u00e8me de traitement des paiements conforme \u00e0 la norme PCI-DSS. Chaque joueur doit \u00e9galement suivre une proc\u00e9dure de v\u00e9rification avant de pouvoir retirer ses gains de son compte. C&rsquo;est pourquoi nous demandons aux utilisateurs de saisir leurs informations personnelles lors de leur inscription.<\/p>\n<p>Pour confirmer votre identit\u00e9, vous pouvez nous envoyer votre carte d&rsquo;identit\u00e9 ou votre permis de conduire ainsi qu&rsquo;un justificatif de domicile. Notre \u00e9quipe proc\u00e9dera \u00e0 une v\u00e9rification dans les 48 heures, apr\u00e8s quoi vous pourrez vous connecter \u00e0 Liraluck et continuer \u00e0 effectuer des transactions financi\u00e8res.<\/p>\n<h2>Mot de passe oubli\u00e9 ?<\/h2>\n<p>Inutile de vous inqui\u00e9ter pour des d\u00e9tails aussi insignifiants. Les utilisateurs peuvent toujours r\u00e9initialiser leur mot de passe et acc\u00e9der \u00e0 leur compte en quelques \u00e9tapes simples. Vous devez ouvrir le formulaire de connexion Liraluck et appuyer sur le bouton \u00ab Mot de passe oubli\u00e9 ? \u00bb situ\u00e9 en bas de celui-ci. Vous devrez ensuite saisir l&rsquo;adresse e-mail que vous avez utilis\u00e9e lors de votre inscription afin que nous puissions vous envoyer un lien de r\u00e9initialisation de mot de passe. Cliquez sur le lien contenu dans l&rsquo;e-mail et suivez les instructions.<\/p>\n<p>Si vous ne voyez aucun e-mail dans votre bo\u00eete de r\u00e9ception, veuillez v\u00e9rifier votre dossier de courrier ind\u00e9sirable. Pour confirmer le nouveau mot de passe, retournez sur le site web et utilisez-le pour terminer la proc\u00e9dure de connexion \u00e0 Lira Luck. Si vous rencontrez des difficult\u00e9s, n&rsquo;h\u00e9sitez pas \u00e0 contacter notre \u00e9quipe d&rsquo;assistance via le chat en direct sur la plateforme.<\/p>\n<h2>FAQ<\/h2>\n<h3>Puis-je partager mon profil sur Liraluck Casino avec un ami ?<\/h3>\n<p>Pour des raisons de s\u00e9curit\u00e9, vous ne devez partager votre compte avec personne. Cela va \u00e0 l&rsquo;encontre de nos r\u00e8gles et de nos pratiques de s\u00e9curit\u00e9. Chaque joueur est soumis \u00e0 un processus de v\u00e9rification, de sorte que le profil est li\u00e9 \u00e0 une seule personne confirm\u00e9e. Nous surveillons en permanence la plateforme Liraluck Casino \u00e0 la recherche d&rsquo;activit\u00e9s suspectes et pouvons simplement geler ou fermer votre compte si nous constatons des comportements inhabituels. De plus, le processus d&rsquo;inscription sur notre casino en ligne est simple, vous pouvez donc conseiller \u00e0 votre ami de s&rsquo;inscrire et d&rsquo;utiliser son propre compte pour jouer.<\/p>\n<h3>Puis-je \u00eatre d\u00e9connect\u00e9 automatiquement ?<\/h3>\n<p>Oui, vous pouvez d\u00e9finir des limites de session dans les param\u00e8tres de votre compte. Pour ce faire, ouvrez votre profil et rendez-vous dans la section \u00ab Limites de jeu \u00bb. Vous pouvez y saisir la dur\u00e9e de vos sessions de jeu. Vous serez automatiquement d\u00e9connect\u00e9 de votre profil lorsque vous atteindrez la limite d\u00e9finie.<\/p>\n<h3>L&rsquo;historique des connexions est-il disponible pour consultation ?<\/h3>\n<p>Vous pouvez consulter votre historique de connexion ainsi que l&rsquo;appareil \u00e0 partir duquel vous \u00eates connect\u00e9 actuellement dans votre profil. Pour v\u00e9rifier vos journaux, vous devez ouvrir les param\u00e8tres de votre compte et vous rendre dans la section \u00ab S\u00e9curit\u00e9 \u00bb. Vous y verrez vos sessions actives et pass\u00e9es ainsi que les appareils que vous avez utilis\u00e9s.<\/p>\n<\/div><\/div><\/p>\n","protected":false},"excerpt":{"rendered":"<p>Connexion et inscription au compte Liraluck Pour profiter de toutes les fonctionnalit\u00e9s de notre casino en ligne, nous encourageons nos joueurs \u00e0 cr\u00e9er un profil. En quelques \u00e9tapes simples, acc\u00e9dez au Liraluck login pour g\u00e9rer votre compte et jouer \u00e0 n&rsquo;importe quel jeu de notre collection avec de vraies mises et de vrais gains. Les [&hellip;]<\/p>\n","protected":false},"author":1,"featured_media":0,"parent":0,"menu_order":0,"comment_status":"closed","ping_status":"closed","template":"template-builder.php","meta":{"_acf_changed":false,"inline_featured_image":false,"footnotes":""},"class_list":["post-1482","page","type-page","status-publish","hentry"],"acf":[],"yoast_head":"<!-- This site is optimized with the Yoast SEO plugin v24.4 - https:\/\/yoast.com\/wordpress\/plugins\/seo\/ -->\n<title>Liraluck Login et inscription<\/title>\n<meta name=\"description\" content=\"Cr\u00e9ez, g\u00e9rez et v\u00e9rifiez votre compte Liraluck en toute simplicit\u00e9. Profitez d&#039;une inscription rapide, d&#039;une r\u00e9cup\u00e9ration facile de votre compte et d&#039;une fermeture s\u00e9curis\u00e9e gr\u00e2ce \u00e0 Liraluck Login, qui prot\u00e8ge votre compte 24 heures sur 24.\" \/>\n<meta name=\"robots\" content=\"index, follow, max-snippet:-1, max-image-preview:large, max-video-preview:-1\" \/>\n<link rel=\"canonical\" href=\"https:\/\/liraluckplay.com\/fr\/connexion-et-inscription\/\" \/>\n<meta property=\"og:locale\" content=\"fr_FR\" \/>\n<meta property=\"og:type\" content=\"article\" \/>\n<meta property=\"og:title\" content=\"Liraluck Login et inscription\" \/>\n<meta property=\"og:description\" content=\"Cr\u00e9ez, g\u00e9rez et v\u00e9rifiez votre compte Liraluck en toute simplicit\u00e9. Profitez d&#039;une inscription rapide, d&#039;une r\u00e9cup\u00e9ration facile de votre compte et d&#039;une fermeture s\u00e9curis\u00e9e gr\u00e2ce \u00e0 Liraluck Login, qui prot\u00e8ge votre compte 24 heures sur 24.\" \/>\n<meta property=\"og:url\" content=\"https:\/\/liraluckplay.com\/fr\/connexion-et-inscription\/\" \/>\n<meta property=\"og:site_name\" content=\"liraluck\" \/>\n<meta property=\"article:modified_time\" content=\"2026-05-04T09:54:23+00:00\" \/>\n<meta name=\"twitter:card\" content=\"summary_large_image\" \/>\n<meta name=\"twitter:label1\" content=\"Dur\u00e9e de lecture estim\u00e9e\" \/>\n\t<meta name=\"twitter:data1\" content=\"1 minute\" \/>\n<script type=\"application\/ld+json\" class=\"yoast-schema-graph\">{\"@context\":\"https:\/\/schema.org\",\"@graph\":[{\"@type\":\"WebPage\",\"@id\":\"https:\/\/liraluckplay.com\/fr\/connexion-et-inscription\/\",\"url\":\"https:\/\/liraluckplay.com\/fr\/connexion-et-inscription\/\",\"name\":\"Liraluck Login et inscription\",\"isPartOf\":{\"@id\":\"https:\/\/liraluckplay.com\/fr\/#website\"},\"datePublished\":\"2026-01-20T12:11:11+00:00\",\"dateModified\":\"2026-05-04T09:54:23+00:00\",\"description\":\"Cr\u00e9ez, g\u00e9rez et v\u00e9rifiez votre compte Liraluck en toute simplicit\u00e9. Profitez d'une inscription rapide, d'une r\u00e9cup\u00e9ration facile de votre compte et d'une fermeture s\u00e9curis\u00e9e gr\u00e2ce \u00e0 Liraluck Login, qui prot\u00e8ge votre compte 24 heures sur 24.\",\"breadcrumb\":{\"@id\":\"https:\/\/liraluckplay.com\/fr\/connexion-et-inscription\/#breadcrumb\"},\"inLanguage\":\"fr-FR\",\"potentialAction\":[{\"@type\":\"ReadAction\",\"target\":[\"https:\/\/liraluckplay.com\/fr\/connexion-et-inscription\/\"]}]},{\"@type\":\"BreadcrumbList\",\"@id\":\"https:\/\/liraluckplay.com\/fr\/connexion-et-inscription\/#breadcrumb\",\"itemListElement\":[{\"@type\":\"ListItem\",\"position\":1,\"name\":\"Liraluck\",\"item\":\"https:\/\/liraluckplay.com\/fr\/\"},{\"@type\":\"ListItem\",\"position\":2,\"name\":\"Connexion et inscription\"}]},{\"@type\":\"WebSite\",\"@id\":\"https:\/\/liraluckplay.com\/fr\/#website\",\"url\":\"https:\/\/liraluckplay.com\/fr\/\",\"name\":\"Liraluck\",\"description\":\"\",\"publisher\":{\"@id\":\"https:\/\/liraluckplay.com\/fr\/#organization\"},\"potentialAction\":[{\"@type\":\"SearchAction\",\"target\":{\"@type\":\"EntryPoint\",\"urlTemplate\":\"https:\/\/liraluckplay.com\/fr\/?s={search_term_string}\"},\"query-input\":{\"@type\":\"PropertyValueSpecification\",\"valueRequired\":true,\"valueName\":\"search_term_string\"}}],\"inLanguage\":\"fr-FR\"},{\"@type\":\"Organization\",\"@id\":\"https:\/\/liraluckplay.com\/fr\/#organization\",\"name\":\"Liraluck\",\"url\":\"https:\/\/liraluckplay.com\/fr\/\",\"logo\":{\"@type\":\"ImageObject\",\"inLanguage\":\"fr-FR\",\"@id\":\"https:\/\/liraluckplay.com\/fr\/#\/schema\/logo\/image\/\",\"url\":\"https:\/\/liraluckplay.com\/wp-content\/uploads\/2026\/05\/logo-liraluck.png\",\"contentUrl\":\"https:\/\/liraluckplay.com\/wp-content\/uploads\/2026\/05\/logo-liraluck.png\",\"width\":150,\"height\":47,\"caption\":\"Liraluck\"},\"image\":{\"@id\":\"https:\/\/liraluckplay.com\/fr\/#\/schema\/logo\/image\/\"}}]}<\/script>\n<!-- \/ Yoast SEO plugin. -->","yoast_head_json":{"title":"Liraluck Login et inscription","description":"Cr\u00e9ez, g\u00e9rez et v\u00e9rifiez votre compte Liraluck en toute simplicit\u00e9. Profitez d'une inscription rapide, d'une r\u00e9cup\u00e9ration facile de votre compte et d'une fermeture s\u00e9curis\u00e9e gr\u00e2ce \u00e0 Liraluck Login, qui prot\u00e8ge votre compte 24 heures sur 24.","robots":{"index":"index","follow":"follow","max-snippet":"max-snippet:-1","max-image-preview":"max-image-preview:large","max-video-preview":"max-video-preview:-1"},"canonical":"https:\/\/liraluckplay.com\/fr\/connexion-et-inscription\/","og_locale":"fr_FR","og_type":"article","og_title":"Liraluck Login et inscription","og_description":"Cr\u00e9ez, g\u00e9rez et v\u00e9rifiez votre compte Liraluck en toute simplicit\u00e9. Profitez d'une inscription rapide, d'une r\u00e9cup\u00e9ration facile de votre compte et d'une fermeture s\u00e9curis\u00e9e gr\u00e2ce \u00e0 Liraluck Login, qui prot\u00e8ge votre compte 24 heures sur 24.","og_url":"https:\/\/liraluckplay.com\/fr\/connexion-et-inscription\/","og_site_name":"liraluck","article_modified_time":"2026-05-04T09:54:23+00:00","twitter_card":"summary_large_image","twitter_misc":{"Dur\u00e9e de lecture estim\u00e9e":"1 minute"},"schema":{"@context":"https:\/\/schema.org","@graph":[{"@type":"WebPage","@id":"https:\/\/liraluckplay.com\/fr\/connexion-et-inscription\/","url":"https:\/\/liraluckplay.com\/fr\/connexion-et-inscription\/","name":"Liraluck Login et inscription","isPartOf":{"@id":"https:\/\/liraluckplay.com\/fr\/#website"},"datePublished":"2026-01-20T12:11:11+00:00","dateModified":"2026-05-04T09:54:23+00:00","description":"Cr\u00e9ez, g\u00e9rez et v\u00e9rifiez votre compte Liraluck en toute simplicit\u00e9. Profitez d'une inscription rapide, d'une r\u00e9cup\u00e9ration facile de votre compte et d'une fermeture s\u00e9curis\u00e9e gr\u00e2ce \u00e0 Liraluck Login, qui prot\u00e8ge votre compte 24 heures sur 24.","breadcrumb":{"@id":"https:\/\/liraluckplay.com\/fr\/connexion-et-inscription\/#breadcrumb"},"inLanguage":"fr-FR","potentialAction":[{"@type":"ReadAction","target":["https:\/\/liraluckplay.com\/fr\/connexion-et-inscription\/"]}]},{"@type":"BreadcrumbList","@id":"https:\/\/liraluckplay.com\/fr\/connexion-et-inscription\/#breadcrumb","itemListElement":[{"@type":"ListItem","position":1,"name":"Liraluck","item":"https:\/\/liraluckplay.com\/fr\/"},{"@type":"ListItem","position":2,"name":"Connexion et inscription"}]},{"@type":"WebSite","@id":"https:\/\/liraluckplay.com\/fr\/#website","url":"https:\/\/liraluckplay.com\/fr\/","name":"Liraluck","description":"","publisher":{"@id":"https:\/\/liraluckplay.com\/fr\/#organization"},"potentialAction":[{"@type":"SearchAction","target":{"@type":"EntryPoint","urlTemplate":"https:\/\/liraluckplay.com\/fr\/?s={search_term_string}"},"query-input":{"@type":"PropertyValueSpecification","valueRequired":true,"valueName":"search_term_string"}}],"inLanguage":"fr-FR"},{"@type":"Organization","@id":"https:\/\/liraluckplay.com\/fr\/#organization","name":"Liraluck","url":"https:\/\/liraluckplay.com\/fr\/","logo":{"@type":"ImageObject","inLanguage":"fr-FR","@id":"https:\/\/liraluckplay.com\/fr\/#\/schema\/logo\/image\/","url":"https:\/\/liraluckplay.com\/wp-content\/uploads\/2026\/05\/logo-liraluck.png","contentUrl":"https:\/\/liraluckplay.com\/wp-content\/uploads\/2026\/05\/logo-liraluck.png","width":150,"height":47,"caption":"Liraluck"},"image":{"@id":"https:\/\/liraluckplay.com\/fr\/#\/schema\/logo\/image\/"}}]}},"_links":{"self":[{"href":"https:\/\/liraluckplay.com\/fr\/wp-json\/wp\/v2\/pages\/1482"}],"collection":[{"href":"https:\/\/liraluckplay.com\/fr\/wp-json\/wp\/v2\/pages"}],"about":[{"href":"https:\/\/liraluckplay.com\/fr\/wp-json\/wp\/v2\/types\/page"}],"author":[{"embeddable":true,"href":"https:\/\/liraluckplay.com\/fr\/wp-json\/wp\/v2\/users\/1"}],"replies":[{"embeddable":true,"href":"https:\/\/liraluckplay.com\/fr\/wp-json\/wp\/v2\/comments?post=1482"}],"version-history":[{"count":3,"href":"https:\/\/liraluckplay.com\/fr\/wp-json\/wp\/v2\/pages\/1482\/revisions"}],"predecessor-version":[{"id":2067,"href":"https:\/\/liraluckplay.com\/fr\/wp-json\/wp\/v2\/pages\/1482\/revisions\/2067"}],"wp:attachment":[{"href":"https:\/\/liraluckplay.com\/fr\/wp-json\/wp\/v2\/media?parent=1482"}],"curies":[{"name":"wp","href":"https:\/\/api.w.org\/{rel}","templated":true}]}}