{"id":1445,"date":"2026-01-20T12:08:23","date_gmt":"2026-01-20T12:08:23","guid":{"rendered":"https:\/\/bonuskongcasino.com\/app\/"},"modified":"2026-05-04T11:30:24","modified_gmt":"2026-05-04T10:30:24","slug":"applicazione","status":"publish","type":"page","link":"https:\/\/liraluckplay.com\/it\/applicazione\/","title":{"rendered":"Applicazione"},"content":{"rendered":"<h1>Piattaforma mobile Liraluck<\/h1>\n<p>Non devi aspettare di tornare a casa al tuo computer per giocare alle nostre slot online o ad altri titoli. Con Liraluck app i nostri utenti italiani possono giocare quando vogliono, indipendentemente da dove si trovino. Tutto ci\u00f2 che serve \u00e8 il tuo cellulare e una connessione Internet stabile. L&#8217;app funziona senza intoppi su iOS e Android, quindi i giocatori non sono limitati nella scelta del dispositivo.<\/p>\n<div class=\"banner-wrap\" aria-label=\"Banner\"><img src=\"https:\/\/liraluckplay.com\/wp-content\/uploads\/2026\/05\/Liraluck-banner-desktop.webp\" class=\"w-100 d-none d-lg-block img-pc main-banner-img\" alt=\"Liraluck banner desktop\" fetchpriority=\"high\" decoding=\"async\"><img src=\"https:\/\/liraluckplay.com\/wp-content\/uploads\/2026\/05\/liraluck-banner-mobile.png\" class=\"w-100 d-none d-md-block d-lg-none main-banner-img\" alt=\"liraluck banner mobile\" fetchpriority=\"high\" decoding=\"async\"><img src=\"https:\/\/liraluckplay.com\/wp-content\/uploads\/2026\/05\/liraluck-banner-mobile.png\" class=\"w-100 d-md-none\" alt=\"liraluck banner mobile\" fetchpriority=\"high\" decoding=\"async\"><div class=\"banner-description\">\n<div class=\"banner-title\">Bonus di benvenuto<\/div>\n<p class=\"banner-header-title\">1500 \u20ac<\/p>\n<div class=\"banner-header-AdditionalText\">+ 250 Giri gratuiti<\/div>\n<button data-item=\"homepage_banner_link\" class=\"goto m-button m-gradient-border m-button--primary m-button--large banner-button btn-orange\">\n            <div class=\"m-button-content\">\n                <span>Iscriviti ora<\/span>\n                <span><\/span>\n            <\/div>\n        <\/button>\n<\/div>\n<div class=\"WelcomePack\">\n<p><img loading=\"lazy\" decoding=\"async\" class=\"alignnone size-full wp-image-1858\" src=\"https:\/\/liraluckplay.com\/wp-content\/uploads\/2026\/05\/welcome-crown.png\" alt=\"crown\" width=\"25\" height=\"26\" \/><\/p>\n<div class=\"WelcomePack-Info\">Cashback settimanale fino al 25%<\/div>\n<p><img loading=\"lazy\" decoding=\"async\" class=\"alignnone size-full wp-image-1858\" src=\"https:\/\/liraluckplay.com\/wp-content\/uploads\/2026\/05\/welcome-crown.png\" alt=\"crown\" width=\"25\" height=\"26\" \/><\/p>\n<\/div>\n<\/div>\n<h2>Utilizzo di Liraluck su dispositivi mobili<\/h2>\n<p>Invece di sviluppare un&#8217;app nativa, abbiamo deciso che un&#8217;applicazione web progressiva sarebbe stata pi\u00f9 comoda per i nostri giocatori. Funziona su tutte le piattaforme, quindi non c&#8217;\u00e8 bisogno di due programmi separati per Android e iOS. Liraluck Casino utilizza la crittografia TLS e AES a 256 bit per proteggere i dati sul sito web. Lo stesso vale per la nostra PWA, garantendo che le tue sessioni da cellulare siano sicure quanto giocare dal desktop.<\/p>\n<p>Le informazioni sul saldo del tuo conto Liraluck Casino e altri dettagli del profilo si sincronizzano con il dispositivo che scegli quando effettui l&#8217;accesso. In questo modo, i giocatori possono effettuare depositi e prelevare le loro vincite, gestire le impostazioni dell&#8217;account e utilizzare facilmente le altre funzioni da cellulare o tablet.<\/p>\n<p>Ecco alcuni vantaggi delle PWA.<\/p>\n<table>\n<tbody>\n<tr>\n<td>Vantaggio<\/td>\n<td>Dettagli<\/td>\n<\/tr>\n<tr>\n<td>Facilmente accessibile<\/td>\n<td>Non \u00e8 necessario scaricarla da siti web di terze parti o app store. I giocatori possono accedere all&#8217;app PWA di Liraluck da qualsiasi browser e installarla direttamente dal nostro sito con pochi clic.<\/td>\n<\/tr>\n<tr>\n<td>Supporto multipiattaforma<\/td>\n<td>L&#8217;app Liraluck funziona su Android, iOS, macOS e Windows, quindi puoi giocare su qualsiasi dispositivo.<\/td>\n<\/tr>\n<tr>\n<td>Caricamento veloce e poco ingombrante<\/td>\n<td>\u00c8 leggera, quindi non occuper\u00e0 molto spazio di archiviazione. Ecco perch\u00e9 si carica rapidamente. Inoltre, Lira Luck Casino \u00e8 ottimizzato per funzionare senza interruzioni.<\/td>\n<\/tr>\n<tr>\n<td>Aggiornamenti automatici<\/td>\n<td>La nostra applicazione PWA \u00e8 sempre aggiornata perch\u00e9 si aggiorna automaticamente ogni volta che apportiamo modifiche al sito web. Non \u00e8 necessario farlo manualmente.<\/td>\n<\/tr>\n<\/tbody>\n<\/table>\n<p>In caso di problemi con l&#8217;applicazione o se desideri semplicemente chiarire alcune informazioni, non esitare a contattare il nostro team di assistenza clienti per ricevere aiuto. Puoi utilizzare la chat live, disponibile anche nelle applicazioni, oppure inviarci un&#8217;e-mail.<\/p>\n<p><div class=\"scrollable-content-wrap my-5\"><div class=\"scrollable-content-inner\"><h2>App mobile Liraluck per Android<\/h2>\n<p>Non ci sono file APK separati per gli utenti Android, quindi puoi semplicemente utilizzare il nostro casin\u00f2 mobile dal browser del tuo smartphone o installare l&#8217;app Liraluck dal sito web. Ci\u00f2 consente ai giocatori di godersi la loro esperienza di gioco ovunque si trovino. \u00c8 ottimizzata per diversi tipi di schermo e i giocatori possono passare facilmente da un dispositivo all&#8217;altro. Per installare l&#8217;app Lira Luck e accedere pi\u00f9 rapidamente al nostro casin\u00f2 mobile, i giocatori possono seguire questi passaggi.<\/p>\n<table>\n<tbody>\n<tr>\n<td>Passaggi<\/td>\n<td>Dettagli<\/td>\n<\/tr>\n<tr>\n<td>Passaggio 1<\/td>\n<td>Apri il nostro sito web dal browser mobile che utilizzi.<\/td>\n<\/tr>\n<tr>\n<td>Passo 2<\/td>\n<td>Individua i tre puntini vicino alla barra di ricerca.<\/td>\n<\/tr>\n<tr>\n<td>Passo 3<\/td>\n<td>Tocca l&#8217;icona e trova l&#8217;opzione &#8220;Aggiungi alla schermata Home&#8221;.<\/td>\n<\/tr>\n<tr>\n<td>Passo 4<\/td>\n<td>Accetta di installare l&#8217;app e ottieni l&#8217;icona del marchio sulla tua schermata iniziale.<\/td>\n<\/tr>\n<\/tbody>\n<\/table>\n<p>Assicurati di chiudere la sessione prima di passare dal dispositivo mobile al desktop e viceversa. Su Lira Luck Casino, i giocatori possono avere un solo account attivo, quindi se non esci da un dispositivo, non potrai accedere a un altro.<\/p>\n<p><img loading=\"lazy\" decoding=\"async\" class=\"alignnone size-full wp-image-1938\" src=\"https:\/\/liraluckplay.com\/wp-content\/uploads\/2026\/05\/Liraluck-Android-App.webp\" alt=\"Liraluck Android App\" width=\"1248\" height=\"536\" srcset=\"https:\/\/liraluckplay.com\/wp-content\/uploads\/2026\/05\/Liraluck-Android-App.webp 1248w, https:\/\/liraluckplay.com\/wp-content\/uploads\/2026\/05\/Liraluck-Android-App-300x129.webp 300w, https:\/\/liraluckplay.com\/wp-content\/uploads\/2026\/05\/Liraluck-Android-App-1024x440.webp 1024w, https:\/\/liraluckplay.com\/wp-content\/uploads\/2026\/05\/Liraluck-Android-App-768x330.webp 768w\" sizes=\"(max-width: 1248px) 100vw, 1248px\" \/><\/p>\n<\/div><\/div><div style=\"clear: both\"><\/div><div class=\"d-flex justify-content-center\"><button data-item=\"decouvrez_link\" data-group=\"website_links\" class=\"goto fw-bold rounded-pill btn btn-orange\" aria-label=\"Scarica l&#039;app Liraluck\" >Scarica l&#039;app Liraluck<\/button><\/div><div class=\"scrollable-content-wrap my-5\"><div class=\"scrollable-content-inner\"><h2>App mobile Liraluck per iOS<\/h2>\n<p>Non c&#8217;\u00e8 alcuna differenza nel funzionamento della nostra app su Android e iOS, quindi puoi creare un collegamento allo stesso modo. Una volta terminato, puoi accedere al tuo account Lira Luck e goderti lo stesso design e le stesse funzionalit\u00e0 del sito web. Alcune funzionalit\u00e0 sono persino pi\u00f9 facili da usare su un dispositivo mobile. Ad esempio, i giocatori possono completare il processo di verifica inviando i documenti richiesti dal proprio iPhone o iPad, senza doverli caricare su un PC.<\/p>\n<p>Inoltre, alcuni giochi risultano pi\u00f9 comodi da giocare su uno schermo pi\u00f9 piccolo. Se necessario, gli utenti possono sempre disconnettersi dal proprio account sul cellulare e accedere da un computer; tutti i dati verranno sincronizzati tra i dispositivi dopo l&#8217;autorizzazione.<\/p>\n<p><img loading=\"lazy\" decoding=\"async\" class=\"alignnone size-full wp-image-1946\" src=\"https:\/\/liraluckplay.com\/wp-content\/uploads\/2026\/05\/Liraluck-iOS-App.webp\" alt=\"Liraluck iOS App\" width=\"1248\" height=\"536\" srcset=\"https:\/\/liraluckplay.com\/wp-content\/uploads\/2026\/05\/Liraluck-iOS-App.webp 1248w, https:\/\/liraluckplay.com\/wp-content\/uploads\/2026\/05\/Liraluck-iOS-App-300x129.webp 300w, https:\/\/liraluckplay.com\/wp-content\/uploads\/2026\/05\/Liraluck-iOS-App-1024x440.webp 1024w, https:\/\/liraluckplay.com\/wp-content\/uploads\/2026\/05\/Liraluck-iOS-App-768x330.webp 768w\" sizes=\"(max-width: 1248px) 100vw, 1248px\" \/><\/p>\n<\/div><\/div><div style=\"clear: both\"><\/div><div class=\"d-flex justify-content-center\"><button data-item=\"decouvrez_link\" data-group=\"website_links\" class=\"goto fw-bold rounded-pill btn btn-orange\" aria-label=\"Scarica Liraluck\" >Scarica Liraluck<\/button><\/div><div class=\"scrollable-content-wrap my-5\"><div class=\"scrollable-content-inner\"><h2>Applicazioni per Windows e macOS<\/h2>\n<p>I giocatori possono anche utilizzare la nostra app sui propri computer e laptop per risparmiare qualche passaggio e iniziare a giocare su Liraluck Casino pi\u00f9 rapidamente. La nostra piattaforma \u00e8 completamente ottimizzata per Windows e macOS, consentendoti di installare un collegamento leggero che avvia il casin\u00f2 all&#8217;istante in una finestra separata. Tuttavia, i giocatori possono anche semplicemente aprire Liraluck Casino dal proprio browser; \u00e8 solo una questione di comodit\u00e0. La nostra applicazione si aggiorna in background, cos\u00ec potrai giocare sempre sulla versione pi\u00f9 recente della piattaforma.<\/p>\n<p><img loading=\"lazy\" decoding=\"async\" class=\"alignnone size-full wp-image-1954\" src=\"https:\/\/liraluckplay.com\/wp-content\/uploads\/2026\/05\/Liraluck-Desktop.webp\" alt=\"Liraluck Desktop\" width=\"1248\" height=\"536\" srcset=\"https:\/\/liraluckplay.com\/wp-content\/uploads\/2026\/05\/Liraluck-Desktop.webp 1248w, https:\/\/liraluckplay.com\/wp-content\/uploads\/2026\/05\/Liraluck-Desktop-300x129.webp 300w, https:\/\/liraluckplay.com\/wp-content\/uploads\/2026\/05\/Liraluck-Desktop-1024x440.webp 1024w, https:\/\/liraluckplay.com\/wp-content\/uploads\/2026\/05\/Liraluck-Desktop-768x330.webp 768w\" sizes=\"(max-width: 1248px) 100vw, 1248px\" \/><\/p>\n<\/div><\/div><div style=\"clear: both\"><\/div><div class=\"d-flex justify-content-center\"><button data-item=\"decouvrez_link\" data-group=\"website_links\" class=\"goto fw-bold rounded-pill btn btn-orange\" aria-label=\"Scarica l&#039;app Liraluck\" >Scarica l&#039;app Liraluck<\/button><\/div><div class=\"scrollable-content-wrap my-5\"><div class=\"scrollable-content-inner\"><h2>Domande frequenti<\/h2>\n<h3>La disinstallazione dell&#8217;app Lira Luck comporta la cancellazione del mio account?<\/h3>\n<p>No, il tuo account \u00e8 perfettamente al sicuro e non pu\u00f2 essere cancellato con l&#8217;app. I dati del profilo sono memorizzati sul server, mentre l&#8217;app \u00e8 installata direttamente sul tuo dispositivo. Quindi, anche se reinstalli l&#8217;app o ci accedi tramite un browser, potrai accedere al tuo account Liraluck. Se desideri cancellare il tuo profilo, devi contattare il nostro team di assistenza.<\/p>\n<h3>C&#8217;\u00e8 una differenza tra il catalogo dei giochi per desktop e quello per dispositivi mobili?<\/h3>\n<p>La nostra applicazione rispecchia le funzionalit\u00e0 del nostro sito web, quindi puoi accedere al catalogo completo dei giochi su qualsiasi dispositivo. Non c&#8217;\u00e8 alcuna differenza nei titoli e l&#8217;esperienza di gioco su dispositivi mobili \u00e8 altrettanto fluida, poich\u00e9 l&#8217;app si adatta automaticamente alle dimensioni dello schermo.<\/p>\n<h3>La PWA funzioner\u00e0 senza intoppi sui dispositivi pi\u00f9 vecchi?<\/h3>\n<p>Le applicazioni web progressive sono pi\u00f9 leggere di quelle native e possono funzionare senza intoppi su un&#8217;ampia gamma di dispositivi. L&#8217;app di Liraluck Casino \u00e8 ottimizzata per fornire prestazioni stabili e un&#8217;esperienza di gioco reattiva con tempi di caricamento minimi anche per i modelli pi\u00f9 vecchi.<\/p>\n<\/div><\/div><\/p>\n","protected":false},"excerpt":{"rendered":"<p>Piattaforma mobile Liraluck Non devi aspettare di tornare a casa al tuo computer per giocare alle nostre slot online o ad altri titoli. Con Liraluck app i nostri utenti italiani possono giocare quando vogliono, indipendentemente da dove si trovino. Tutto ci\u00f2 che serve \u00e8 il tuo cellulare e una connessione Internet stabile. L&#8217;app funziona senza [&hellip;]<\/p>\n","protected":false},"author":1,"featured_media":0,"parent":0,"menu_order":0,"comment_status":"closed","ping_status":"closed","template":"template-builder.php","meta":{"_acf_changed":false,"inline_featured_image":false,"footnotes":""},"class_list":["post-1445","page","type-page","status-publish","hentry"],"acf":[],"yoast_head":"<!-- This site is optimized with the Yoast SEO plugin v24.4 - https:\/\/yoast.com\/wordpress\/plugins\/seo\/ -->\n<title>Liraluck App | Piattaforme iOS e Android<\/title>\n<meta name=\"description\" content=\"L&#039;app Liraluck offre un&#039;esperienza di gioco fluida su Android, iOS, Windows e macOS, con account sincronizzati, aggiornamenti regolari e assistenza clienti integrata per un&#039;esperienza senza intoppi.\" \/>\n<meta name=\"robots\" content=\"index, follow, max-snippet:-1, max-image-preview:large, max-video-preview:-1\" \/>\n<link rel=\"canonical\" href=\"https:\/\/liraluckplay.com\/it\/applicazione\/\" \/>\n<meta property=\"og:locale\" content=\"it_IT\" \/>\n<meta property=\"og:type\" content=\"article\" \/>\n<meta property=\"og:title\" content=\"Liraluck App | Piattaforme iOS e Android\" \/>\n<meta property=\"og:description\" content=\"L&#039;app Liraluck offre un&#039;esperienza di gioco fluida su Android, iOS, Windows e macOS, con account sincronizzati, aggiornamenti regolari e assistenza clienti integrata per un&#039;esperienza senza intoppi.\" \/>\n<meta property=\"og:url\" content=\"https:\/\/liraluckplay.com\/it\/applicazione\/\" \/>\n<meta property=\"og:site_name\" content=\"liraluck\" \/>\n<meta property=\"article:modified_time\" content=\"2026-05-04T10:30:24+00:00\" \/>\n<meta name=\"twitter:card\" content=\"summary_large_image\" \/>\n<meta name=\"twitter:label1\" content=\"Est. reading time\" \/>\n\t<meta name=\"twitter:data1\" content=\"2 minutes\" \/>\n<script type=\"application\/ld+json\" class=\"yoast-schema-graph\">{\"@context\":\"https:\/\/schema.org\",\"@graph\":[{\"@type\":\"WebPage\",\"@id\":\"https:\/\/liraluckplay.com\/it\/applicazione\/\",\"url\":\"https:\/\/liraluckplay.com\/it\/applicazione\/\",\"name\":\"Liraluck App | Piattaforme iOS e Android\",\"isPartOf\":{\"@id\":\"https:\/\/liraluckplay.com\/it\/#website\"},\"datePublished\":\"2026-01-20T12:08:23+00:00\",\"dateModified\":\"2026-05-04T10:30:24+00:00\",\"description\":\"L'app Liraluck offre un'esperienza di gioco fluida su Android, iOS, Windows e macOS, con account sincronizzati, aggiornamenti regolari e assistenza clienti integrata per un'esperienza senza intoppi.\",\"breadcrumb\":{\"@id\":\"https:\/\/liraluckplay.com\/it\/applicazione\/#breadcrumb\"},\"inLanguage\":\"it-IT\",\"potentialAction\":[{\"@type\":\"ReadAction\",\"target\":[\"https:\/\/liraluckplay.com\/it\/applicazione\/\"]}]},{\"@type\":\"BreadcrumbList\",\"@id\":\"https:\/\/liraluckplay.com\/it\/applicazione\/#breadcrumb\",\"itemListElement\":[{\"@type\":\"ListItem\",\"position\":1,\"name\":\"Liraluck\",\"item\":\"https:\/\/liraluckplay.com\/it\/\"},{\"@type\":\"ListItem\",\"position\":2,\"name\":\"Applicazione\"}]},{\"@type\":\"WebSite\",\"@id\":\"https:\/\/liraluckplay.com\/it\/#website\",\"url\":\"https:\/\/liraluckplay.com\/it\/\",\"name\":\"Liraluck\",\"description\":\"\",\"publisher\":{\"@id\":\"https:\/\/liraluckplay.com\/it\/#organization\"},\"potentialAction\":[{\"@type\":\"SearchAction\",\"target\":{\"@type\":\"EntryPoint\",\"urlTemplate\":\"https:\/\/liraluckplay.com\/it\/?s={search_term_string}\"},\"query-input\":{\"@type\":\"PropertyValueSpecification\",\"valueRequired\":true,\"valueName\":\"search_term_string\"}}],\"inLanguage\":\"it-IT\"},{\"@type\":\"Organization\",\"@id\":\"https:\/\/liraluckplay.com\/it\/#organization\",\"name\":\"Liraluck\",\"url\":\"https:\/\/liraluckplay.com\/it\/\",\"logo\":{\"@type\":\"ImageObject\",\"inLanguage\":\"it-IT\",\"@id\":\"https:\/\/liraluckplay.com\/it\/#\/schema\/logo\/image\/\",\"url\":\"https:\/\/liraluckplay.com\/wp-content\/uploads\/2026\/05\/logo-liraluck.png\",\"contentUrl\":\"https:\/\/liraluckplay.com\/wp-content\/uploads\/2026\/05\/logo-liraluck.png\",\"width\":150,\"height\":47,\"caption\":\"Liraluck\"},\"image\":{\"@id\":\"https:\/\/liraluckplay.com\/it\/#\/schema\/logo\/image\/\"}}]}<\/script>\n<!-- \/ Yoast SEO plugin. -->","yoast_head_json":{"title":"Liraluck App | Piattaforme iOS e Android","description":"L'app Liraluck offre un'esperienza di gioco fluida su Android, iOS, Windows e macOS, con account sincronizzati, aggiornamenti regolari e assistenza clienti integrata per un'esperienza senza intoppi.","robots":{"index":"index","follow":"follow","max-snippet":"max-snippet:-1","max-image-preview":"max-image-preview:large","max-video-preview":"max-video-preview:-1"},"canonical":"https:\/\/liraluckplay.com\/it\/applicazione\/","og_locale":"it_IT","og_type":"article","og_title":"Liraluck App | Piattaforme iOS e Android","og_description":"L'app Liraluck offre un'esperienza di gioco fluida su Android, iOS, Windows e macOS, con account sincronizzati, aggiornamenti regolari e assistenza clienti integrata per un'esperienza senza intoppi.","og_url":"https:\/\/liraluckplay.com\/it\/applicazione\/","og_site_name":"liraluck","article_modified_time":"2026-05-04T10:30:24+00:00","twitter_card":"summary_large_image","twitter_misc":{"Est. reading time":"2 minutes"},"schema":{"@context":"https:\/\/schema.org","@graph":[{"@type":"WebPage","@id":"https:\/\/liraluckplay.com\/it\/applicazione\/","url":"https:\/\/liraluckplay.com\/it\/applicazione\/","name":"Liraluck App | Piattaforme iOS e Android","isPartOf":{"@id":"https:\/\/liraluckplay.com\/it\/#website"},"datePublished":"2026-01-20T12:08:23+00:00","dateModified":"2026-05-04T10:30:24+00:00","description":"L'app Liraluck offre un'esperienza di gioco fluida su Android, iOS, Windows e macOS, con account sincronizzati, aggiornamenti regolari e assistenza clienti integrata per un'esperienza senza intoppi.","breadcrumb":{"@id":"https:\/\/liraluckplay.com\/it\/applicazione\/#breadcrumb"},"inLanguage":"it-IT","potentialAction":[{"@type":"ReadAction","target":["https:\/\/liraluckplay.com\/it\/applicazione\/"]}]},{"@type":"BreadcrumbList","@id":"https:\/\/liraluckplay.com\/it\/applicazione\/#breadcrumb","itemListElement":[{"@type":"ListItem","position":1,"name":"Liraluck","item":"https:\/\/liraluckplay.com\/it\/"},{"@type":"ListItem","position":2,"name":"Applicazione"}]},{"@type":"WebSite","@id":"https:\/\/liraluckplay.com\/it\/#website","url":"https:\/\/liraluckplay.com\/it\/","name":"Liraluck","description":"","publisher":{"@id":"https:\/\/liraluckplay.com\/it\/#organization"},"potentialAction":[{"@type":"SearchAction","target":{"@type":"EntryPoint","urlTemplate":"https:\/\/liraluckplay.com\/it\/?s={search_term_string}"},"query-input":{"@type":"PropertyValueSpecification","valueRequired":true,"valueName":"search_term_string"}}],"inLanguage":"it-IT"},{"@type":"Organization","@id":"https:\/\/liraluckplay.com\/it\/#organization","name":"Liraluck","url":"https:\/\/liraluckplay.com\/it\/","logo":{"@type":"ImageObject","inLanguage":"it-IT","@id":"https:\/\/liraluckplay.com\/it\/#\/schema\/logo\/image\/","url":"https:\/\/liraluckplay.com\/wp-content\/uploads\/2026\/05\/logo-liraluck.png","contentUrl":"https:\/\/liraluckplay.com\/wp-content\/uploads\/2026\/05\/logo-liraluck.png","width":150,"height":47,"caption":"Liraluck"},"image":{"@id":"https:\/\/liraluckplay.com\/it\/#\/schema\/logo\/image\/"}}]}},"_links":{"self":[{"href":"https:\/\/liraluckplay.com\/it\/wp-json\/wp\/v2\/pages\/1445"}],"collection":[{"href":"https:\/\/liraluckplay.com\/it\/wp-json\/wp\/v2\/pages"}],"about":[{"href":"https:\/\/liraluckplay.com\/it\/wp-json\/wp\/v2\/types\/page"}],"author":[{"embeddable":true,"href":"https:\/\/liraluckplay.com\/it\/wp-json\/wp\/v2\/users\/1"}],"replies":[{"embeddable":true,"href":"https:\/\/liraluckplay.com\/it\/wp-json\/wp\/v2\/comments?post=1445"}],"version-history":[{"count":4,"href":"https:\/\/liraluckplay.com\/it\/wp-json\/wp\/v2\/pages\/1445\/revisions"}],"predecessor-version":[{"id":2097,"href":"https:\/\/liraluckplay.com\/it\/wp-json\/wp\/v2\/pages\/1445\/revisions\/2097"}],"wp:attachment":[{"href":"https:\/\/liraluckplay.com\/it\/wp-json\/wp\/v2\/media?parent=1445"}],"curies":[{"name":"wp","href":"https:\/\/api.w.org\/{rel}","templated":true}]}}