{"id":1485,"date":"2026-01-20T12:11:11","date_gmt":"2026-01-20T12:11:11","guid":{"rendered":"https:\/\/bonuskongcasino.com\/login-and-registration\/"},"modified":"2026-05-04T11:31:32","modified_gmt":"2026-05-04T10:31:32","slug":"accesso-e-registrazione","status":"publish","type":"page","link":"https:\/\/liraluckplay.com\/it\/accesso-e-registrazione\/","title":{"rendered":"Accesso e registrazione"},"content":{"rendered":"<h1>Accesso e registrazione all&#8217;account Liraluck<\/h1>\n<p>Per utilizzare tutte le funzionalit\u00e0 del nostro casin\u00f2 online, invitiamo i nostri giocatori italiani a registrare un profilo. Bastano pochi semplici passaggi per completare l&#8217;accesso a Liraluck, gestire il tuo account e giocare a qualsiasi gioco della nostra collezione con scommesse e vincite reali. Gli utenti registrati hanno inoltre accesso alle nostre generose promozioni, tra cui un pacchetto di benvenuto fino a \u20ac 1.500 pi\u00f9 250 giri gratis.<\/p>\n<p><div class=\"banner-wrap\" aria-label=\"Banner\"><img src=\"https:\/\/liraluckplay.com\/wp-content\/uploads\/2026\/05\/Liraluck-banner-desktop.webp\" class=\"w-100 d-none d-lg-block img-pc main-banner-img\" alt=\"Liraluck banner desktop\" fetchpriority=\"high\" decoding=\"async\"><img src=\"https:\/\/liraluckplay.com\/wp-content\/uploads\/2026\/05\/liraluck-banner-mobile.png\" class=\"w-100 d-none d-md-block d-lg-none main-banner-img\" alt=\"liraluck banner mobile\" fetchpriority=\"high\" decoding=\"async\"><img src=\"https:\/\/liraluckplay.com\/wp-content\/uploads\/2026\/05\/liraluck-banner-mobile.png\" class=\"w-100 d-md-none\" alt=\"liraluck banner mobile\" fetchpriority=\"high\" decoding=\"async\"><div class=\"banner-description\">\n<div class=\"banner-title\">Bonus di benvenuto<\/div>\n<p class=\"banner-header-title\">1500 \u20ac<\/p>\n<div class=\"banner-header-AdditionalText\">+ 250 Giri gratuiti<\/div>\n<button data-item=\"homepage_banner_link\" class=\"goto m-button m-gradient-border m-button--primary m-button--large banner-button btn-orange\">\n            <div class=\"m-button-content\">\n                <span>Iscriviti ora<\/span>\n                <span><\/span>\n            <\/div>\n        <\/button>\n<\/div>\n<div class=\"WelcomePack\">\n<p><img loading=\"lazy\" decoding=\"async\" class=\"alignnone size-full wp-image-1858\" src=\"https:\/\/liraluckplay.com\/wp-content\/uploads\/2026\/05\/welcome-crown.png\" alt=\"crown\" width=\"25\" height=\"26\" \/><\/p>\n<div class=\"WelcomePack-Info\">Cashback settimanale fino al 25%<\/div>\n<p><img loading=\"lazy\" decoding=\"async\" class=\"alignnone size-full wp-image-1858\" src=\"https:\/\/liraluckplay.com\/wp-content\/uploads\/2026\/05\/welcome-crown.png\" alt=\"crown\" width=\"25\" height=\"26\" \/><\/p>\n<\/div>\n<\/div><div class=\"scrollable-content-wrap my-5\"><div class=\"scrollable-content-inner\"><h2>Registrazione di un nuovo utente su Lira Luck<\/h2>\n<p>La tua sicurezza e la tua esperienza positiva sono la nostra priorit\u00e0 principale. Su Liraluck Casino utilizziamo speciali sistemi anti-bot e la crittografia AES a 256 bit per proteggere i tuoi dati personali dal momento della registrazione. I giocatori possono avere un solo account e devono essere maggiorenni per registrarsi.<\/p>\n<h3>Crea il tuo account<\/h3>\n<p>Per registrarti su Liraluck Casino dovrai individuare e cliccare sul pulsante &#8220;Registrati&#8221;. Si aprir\u00e0 il modulo che dovrai compilare con i tuoi dati personali e accettare i nostri termini e condizioni per completare la procedura.<\/p>\n<p>Ecco le informazioni che i giocatori devono fornire durante la registrazione.<\/p>\n<table>\n<tbody>\n<tr>\n<td>Dati richiesti<\/td>\n<td>Dettagli<\/td>\n<\/tr>\n<tr>\n<td>E-mail<\/td>\n<td>Devi collegare la tua email attiva in modo da poterla utilizzare in seguito per effettuare l&#8217;accesso, ricevere le lettere di conferma e recuperare l&#8217;accesso al tuo account, se necessario.<\/td>\n<\/tr>\n<tr>\n<td>Password<\/td>\n<td>Crea una password complessa, preferibilmente una che non hai mai usato su altre piattaforme. Deve essere composta da almeno 6 caratteri.<\/td>\n<\/tr>\n<tr>\n<td>Nome e data di nascita<\/td>\n<td>Abbiamo bisogno di queste informazioni per confermare la tua identit\u00e0 nell&#8217;ambito della nostra politica Know-Your-Customer e per verificare che tu abbia raggiunto l&#8217;et\u00e0 legale. Assicurati che l&#8217;ortografia sia corretta e corrisponda ai tuoi documenti.<\/td>\n<\/tr>\n<tr>\n<td>Numero di cellulare e indirizzo<\/td>\n<td>Queste informazioni ci aiuteranno anche a verificare la tua identit\u00e0 per garantire la sicurezza del tuo profilo. Liraluck incoraggia gli utenti ad abilitare l&#8217;autenticazione a due fattori (2FA) come misura di sicurezza aggiuntiva.<\/td>\n<\/tr>\n<\/tbody>\n<\/table>\n<p>Dopo aver completato la registrazione, puoi utilizzare le tue credenziali per effettuare l&#8217;accesso tramite il modulo di login di Liraluck.<\/p>\n<p><img loading=\"lazy\" decoding=\"async\" class=\"alignnone size-full wp-image-1962\" src=\"https:\/\/liraluckplay.com\/wp-content\/uploads\/2026\/05\/Liraluck-Login.webp\" alt=\"Liraluck Login\" width=\"1248\" height=\"536\" srcset=\"https:\/\/liraluckplay.com\/wp-content\/uploads\/2026\/05\/Liraluck-Login.webp 1248w, https:\/\/liraluckplay.com\/wp-content\/uploads\/2026\/05\/Liraluck-Login-300x129.webp 300w, https:\/\/liraluckplay.com\/wp-content\/uploads\/2026\/05\/Liraluck-Login-1024x440.webp 1024w, https:\/\/liraluckplay.com\/wp-content\/uploads\/2026\/05\/Liraluck-Login-768x330.webp 768w\" sizes=\"(max-width: 1248px) 100vw, 1248px\" \/><\/p>\n<h2>Utilizzo di un account Liraluck<\/h2>\n<p>I giocatori che dispongono di un account presso il nostro casin\u00f2 online hanno accesso a tutte le funzionalit\u00e0 della nostra piattaforma. Basta effettuare l&#8217;autorizzazione tramite il modulo di accesso di Liraluck e potrai:<\/p>\n<ul>\n<li>Effettuare depositi e prelevare i premi in denaro<\/li>\n<li>Impostare limiti di tempo di sessione, transazioni finanziarie e perdite<\/li>\n<li>Creare una lista dei giochi preferiti<\/li>\n<li>Migliorare la sicurezza del tuo account con l&#8217;autenticazione a due fattori<\/li>\n<li>Modificare le informazioni del tuo profilo<\/li>\n<li>Attiva i bonus e le promozioni di Liraluck<\/li>\n<li>Partecipa ai tornei e fai salire di livello il tuo account nelle classifiche<\/li>\n<li>Completa le missioni giornaliere per ottenere ricompense extra<\/li>\n<\/ul>\n<p>Vogliamo che i nostri giocatori si godano al massimo la loro esperienza di gioco su Lira Luck Casino. Ecco perch\u00e9 ti forniamo strumenti che ti aiutano a personalizzare il tuo account e a gestire il tuo tempo e il tuo budget.<\/p>\n<h2>Verifica e sicurezza dell&#8217;account Liraluck<\/h2>\n<p>Per garantire la sicurezza dei tuoi dati personali all&#8217;interno della piattaforma Liraluck Casino, utilizziamo la crittografia TLS e un sistema di elaborazione dei pagamenti conforme allo standard PCI-DSS. Inoltre, ogni giocatore deve completare una procedura di verifica prima di poter prelevare le vincite dal proprio conto. Per questo motivo chiediamo agli utenti di inserire i propri dati personali durante la procedura di registrazione.<\/p>\n<p>Per confermare la tua identit\u00e0, puoi inviarci la tua carta d&#8217;identit\u00e0 o la patente di guida e un documento che attesti il tuo indirizzo effettivo. Il nostro team effettuer\u00e0 una verifica entro 48 ore, dopodich\u00e9 potrai effettuare il login su Liraluck e continuare a effettuare transazioni finanziarie.<\/p>\n<h2>Hai dimenticato la password?<\/h2>\n<p>Non c&#8217;\u00e8 bisogno di stressarsi per cose cos\u00ec banali. Gli utenti possono sempre reimpostare la propria password e accedere al proprio conto in pochi semplici passaggi. Devi aprire il modulo di accesso a Liraluck e toccare il pulsante &#8220;Hai dimenticato la password?&#8221; in fondo alla pagina. Dovrai quindi inserire l&#8217;indirizzo e-mail che hai utilizzato per la registrazione, in modo che possiamo inviarti un link per reimpostare la password. Clicca sul link contenuto nell&#8217;e-mail e segui le istruzioni.<\/p>\n<p>Se non vedi alcuna email nella tua casella di posta in arrivo, controlla la cartella dello spam. Per confermare la nuova password, torna sul sito web e utilizzala per completare la procedura di accesso a Lira Luck. In caso di difficolt\u00e0, non esitare a contattare il nostro team di assistenza tramite la chat live sulla piattaforma.<\/p>\n<h2>Domande frequenti<\/h2>\n<h3>Posso condividere il mio profilo su Liraluck Casino con un amico?<\/h3>\n<p>Per motivi di sicurezza, non devi condividere il tuo account con nessuno. \u00c8 contro le nostre regole e le nostre procedure di sicurezza. Ogni giocatore viene sottoposto a un processo di verifica, quindi il profilo \u00e8 legato a una sola persona confermata. Controlliamo sempre la piattaforma di Liraluck Casino per individuare attivit\u00e0 sospette e possiamo semplicemente congelare o chiudere il tuo account se riscontriamo modelli insoliti. Inoltre, il processo di registrazione al nostro casin\u00f2 online \u00e8 semplice, quindi puoi consigliare al tuo amico di registrarsi e utilizzare il proprio account per giocare.<\/p>\n<h3>Posso essere disconnesso automaticamente?<\/h3>\n<p>S\u00ec, puoi impostare dei limiti di sessione nelle impostazioni del tuo account. Per farlo, apri il tuo profilo e trova la sezione &#8220;Limiti di gioco&#8221;. Qui puoi inserire il periodo di tempo per le tue sessioni di gioco. Verrai automaticamente disconnesso dal tuo profilo quando raggiungerai il limite impostato.<\/p>\n<h3>\u00c8 possibile consultare la cronologia degli accessi?<\/h3>\n<p>Puoi vedere la cronologia degli accessi e il dispositivo da cui sei connesso al momento nel tuo profilo. Per controllare i tuoi accessi, devi aprire le impostazioni dell&#8217;account e andare alla sezione &#8220;Sicurezza&#8221;. Qui vedrai le tue sessioni attive e passate e i dispositivi che hai utilizzato.<\/p>\n<\/div><\/div><\/p>\n","protected":false},"excerpt":{"rendered":"<p>Accesso e registrazione all&#8217;account Liraluck Per utilizzare tutte le funzionalit\u00e0 del nostro casin\u00f2 online, invitiamo i nostri giocatori italiani a registrare un profilo. Bastano pochi semplici passaggi per completare l&#8217;accesso a Liraluck, gestire il tuo account e giocare a qualsiasi gioco della nostra collezione con scommesse e vincite reali. Gli utenti registrati hanno inoltre accesso [&hellip;]<\/p>\n","protected":false},"author":1,"featured_media":0,"parent":0,"menu_order":0,"comment_status":"closed","ping_status":"closed","template":"template-builder.php","meta":{"_acf_changed":false,"inline_featured_image":false,"footnotes":""},"class_list":["post-1485","page","type-page","status-publish","hentry"],"acf":[],"yoast_head":"<!-- This site is optimized with the Yoast SEO plugin v24.4 - https:\/\/yoast.com\/wordpress\/plugins\/seo\/ -->\n<title>Liraluck Login e registrazione<\/title>\n<meta name=\"description\" content=\"Crea, gestisci e verifica il tuo account Liraluck senza alcuno sforzo. Approfitta della registrazione rapida, del facile recupero dell&#039;account e della chiusura sicura con Liraluck Login, che protegge il tuo account 24 ore su 24.\" \/>\n<meta name=\"robots\" content=\"index, follow, max-snippet:-1, max-image-preview:large, max-video-preview:-1\" \/>\n<link rel=\"canonical\" href=\"https:\/\/liraluckplay.com\/it\/accesso-e-registrazione\/\" \/>\n<meta property=\"og:locale\" content=\"it_IT\" \/>\n<meta property=\"og:type\" content=\"article\" \/>\n<meta property=\"og:title\" content=\"Liraluck Login e registrazione\" \/>\n<meta property=\"og:description\" content=\"Crea, gestisci e verifica il tuo account Liraluck senza alcuno sforzo. Approfitta della registrazione rapida, del facile recupero dell&#039;account e della chiusura sicura con Liraluck Login, che protegge il tuo account 24 ore su 24.\" \/>\n<meta property=\"og:url\" content=\"https:\/\/liraluckplay.com\/it\/accesso-e-registrazione\/\" \/>\n<meta property=\"og:site_name\" content=\"liraluck\" \/>\n<meta property=\"article:modified_time\" content=\"2026-05-04T10:31:32+00:00\" \/>\n<meta name=\"twitter:card\" content=\"summary_large_image\" \/>\n<meta name=\"twitter:label1\" content=\"Est. reading time\" \/>\n\t<meta name=\"twitter:data1\" content=\"1 minute\" \/>\n<script type=\"application\/ld+json\" class=\"yoast-schema-graph\">{\"@context\":\"https:\/\/schema.org\",\"@graph\":[{\"@type\":\"WebPage\",\"@id\":\"https:\/\/liraluckplay.com\/it\/accesso-e-registrazione\/\",\"url\":\"https:\/\/liraluckplay.com\/it\/accesso-e-registrazione\/\",\"name\":\"Liraluck Login e registrazione\",\"isPartOf\":{\"@id\":\"https:\/\/liraluckplay.com\/it\/#website\"},\"datePublished\":\"2026-01-20T12:11:11+00:00\",\"dateModified\":\"2026-05-04T10:31:32+00:00\",\"description\":\"Crea, gestisci e verifica il tuo account Liraluck senza alcuno sforzo. Approfitta della registrazione rapida, del facile recupero dell'account e della chiusura sicura con Liraluck Login, che protegge il tuo account 24 ore su 24.\",\"breadcrumb\":{\"@id\":\"https:\/\/liraluckplay.com\/it\/accesso-e-registrazione\/#breadcrumb\"},\"inLanguage\":\"it-IT\",\"potentialAction\":[{\"@type\":\"ReadAction\",\"target\":[\"https:\/\/liraluckplay.com\/it\/accesso-e-registrazione\/\"]}]},{\"@type\":\"BreadcrumbList\",\"@id\":\"https:\/\/liraluckplay.com\/it\/accesso-e-registrazione\/#breadcrumb\",\"itemListElement\":[{\"@type\":\"ListItem\",\"position\":1,\"name\":\"Liraluck\",\"item\":\"https:\/\/liraluckplay.com\/it\/\"},{\"@type\":\"ListItem\",\"position\":2,\"name\":\"Accesso e registrazione\"}]},{\"@type\":\"WebSite\",\"@id\":\"https:\/\/liraluckplay.com\/it\/#website\",\"url\":\"https:\/\/liraluckplay.com\/it\/\",\"name\":\"Liraluck\",\"description\":\"\",\"publisher\":{\"@id\":\"https:\/\/liraluckplay.com\/it\/#organization\"},\"potentialAction\":[{\"@type\":\"SearchAction\",\"target\":{\"@type\":\"EntryPoint\",\"urlTemplate\":\"https:\/\/liraluckplay.com\/it\/?s={search_term_string}\"},\"query-input\":{\"@type\":\"PropertyValueSpecification\",\"valueRequired\":true,\"valueName\":\"search_term_string\"}}],\"inLanguage\":\"it-IT\"},{\"@type\":\"Organization\",\"@id\":\"https:\/\/liraluckplay.com\/it\/#organization\",\"name\":\"Liraluck\",\"url\":\"https:\/\/liraluckplay.com\/it\/\",\"logo\":{\"@type\":\"ImageObject\",\"inLanguage\":\"it-IT\",\"@id\":\"https:\/\/liraluckplay.com\/it\/#\/schema\/logo\/image\/\",\"url\":\"https:\/\/liraluckplay.com\/wp-content\/uploads\/2026\/05\/logo-liraluck.png\",\"contentUrl\":\"https:\/\/liraluckplay.com\/wp-content\/uploads\/2026\/05\/logo-liraluck.png\",\"width\":150,\"height\":47,\"caption\":\"Liraluck\"},\"image\":{\"@id\":\"https:\/\/liraluckplay.com\/it\/#\/schema\/logo\/image\/\"}}]}<\/script>\n<!-- \/ Yoast SEO plugin. -->","yoast_head_json":{"title":"Liraluck Login e registrazione","description":"Crea, gestisci e verifica il tuo account Liraluck senza alcuno sforzo. Approfitta della registrazione rapida, del facile recupero dell'account e della chiusura sicura con Liraluck Login, che protegge il tuo account 24 ore su 24.","robots":{"index":"index","follow":"follow","max-snippet":"max-snippet:-1","max-image-preview":"max-image-preview:large","max-video-preview":"max-video-preview:-1"},"canonical":"https:\/\/liraluckplay.com\/it\/accesso-e-registrazione\/","og_locale":"it_IT","og_type":"article","og_title":"Liraluck Login e registrazione","og_description":"Crea, gestisci e verifica il tuo account Liraluck senza alcuno sforzo. Approfitta della registrazione rapida, del facile recupero dell'account e della chiusura sicura con Liraluck Login, che protegge il tuo account 24 ore su 24.","og_url":"https:\/\/liraluckplay.com\/it\/accesso-e-registrazione\/","og_site_name":"liraluck","article_modified_time":"2026-05-04T10:31:32+00:00","twitter_card":"summary_large_image","twitter_misc":{"Est. reading time":"1 minute"},"schema":{"@context":"https:\/\/schema.org","@graph":[{"@type":"WebPage","@id":"https:\/\/liraluckplay.com\/it\/accesso-e-registrazione\/","url":"https:\/\/liraluckplay.com\/it\/accesso-e-registrazione\/","name":"Liraluck Login e registrazione","isPartOf":{"@id":"https:\/\/liraluckplay.com\/it\/#website"},"datePublished":"2026-01-20T12:11:11+00:00","dateModified":"2026-05-04T10:31:32+00:00","description":"Crea, gestisci e verifica il tuo account Liraluck senza alcuno sforzo. Approfitta della registrazione rapida, del facile recupero dell'account e della chiusura sicura con Liraluck Login, che protegge il tuo account 24 ore su 24.","breadcrumb":{"@id":"https:\/\/liraluckplay.com\/it\/accesso-e-registrazione\/#breadcrumb"},"inLanguage":"it-IT","potentialAction":[{"@type":"ReadAction","target":["https:\/\/liraluckplay.com\/it\/accesso-e-registrazione\/"]}]},{"@type":"BreadcrumbList","@id":"https:\/\/liraluckplay.com\/it\/accesso-e-registrazione\/#breadcrumb","itemListElement":[{"@type":"ListItem","position":1,"name":"Liraluck","item":"https:\/\/liraluckplay.com\/it\/"},{"@type":"ListItem","position":2,"name":"Accesso e registrazione"}]},{"@type":"WebSite","@id":"https:\/\/liraluckplay.com\/it\/#website","url":"https:\/\/liraluckplay.com\/it\/","name":"Liraluck","description":"","publisher":{"@id":"https:\/\/liraluckplay.com\/it\/#organization"},"potentialAction":[{"@type":"SearchAction","target":{"@type":"EntryPoint","urlTemplate":"https:\/\/liraluckplay.com\/it\/?s={search_term_string}"},"query-input":{"@type":"PropertyValueSpecification","valueRequired":true,"valueName":"search_term_string"}}],"inLanguage":"it-IT"},{"@type":"Organization","@id":"https:\/\/liraluckplay.com\/it\/#organization","name":"Liraluck","url":"https:\/\/liraluckplay.com\/it\/","logo":{"@type":"ImageObject","inLanguage":"it-IT","@id":"https:\/\/liraluckplay.com\/it\/#\/schema\/logo\/image\/","url":"https:\/\/liraluckplay.com\/wp-content\/uploads\/2026\/05\/logo-liraluck.png","contentUrl":"https:\/\/liraluckplay.com\/wp-content\/uploads\/2026\/05\/logo-liraluck.png","width":150,"height":47,"caption":"Liraluck"},"image":{"@id":"https:\/\/liraluckplay.com\/it\/#\/schema\/logo\/image\/"}}]}},"_links":{"self":[{"href":"https:\/\/liraluckplay.com\/it\/wp-json\/wp\/v2\/pages\/1485"}],"collection":[{"href":"https:\/\/liraluckplay.com\/it\/wp-json\/wp\/v2\/pages"}],"about":[{"href":"https:\/\/liraluckplay.com\/it\/wp-json\/wp\/v2\/types\/page"}],"author":[{"embeddable":true,"href":"https:\/\/liraluckplay.com\/it\/wp-json\/wp\/v2\/users\/1"}],"replies":[{"embeddable":true,"href":"https:\/\/liraluckplay.com\/it\/wp-json\/wp\/v2\/comments?post=1485"}],"version-history":[{"count":2,"href":"https:\/\/liraluckplay.com\/it\/wp-json\/wp\/v2\/pages\/1485\/revisions"}],"predecessor-version":[{"id":2098,"href":"https:\/\/liraluckplay.com\/it\/wp-json\/wp\/v2\/pages\/1485\/revisions\/2098"}],"wp:attachment":[{"href":"https:\/\/liraluckplay.com\/it\/wp-json\/wp\/v2\/media?parent=1485"}],"curies":[{"name":"wp","href":"https:\/\/api.w.org\/{rel}","templated":true}]}}