{"id":1447,"date":"2026-01-20T12:08:23","date_gmt":"2026-01-20T12:08:23","guid":{"rendered":"https:\/\/bonuskongcasino.com\/app\/"},"modified":"2026-05-04T11:41:53","modified_gmt":"2026-05-04T10:41:53","slug":"aplikacja","status":"publish","type":"page","link":"https:\/\/liraluckplay.com\/pl\/aplikacja\/","title":{"rendered":"Aplikacja"},"content":{"rendered":"<h1>Platforma mobilna Liraluck<\/h1>\n<p>Nie musisz czeka\u0107, a\u017c wr\u00f3cisz do domu i usi\u0105dziesz przy komputerze, \u017ceby zagra\u0107 w nasze automaty online lub inne gry. Dzi\u0119ki Liraluck app nasi polscy u\u017cytkownicy mog\u0105 gra\u0107, kiedy tylko chc\u0105, bez wzgl\u0119du na to, gdzie si\u0119 znajduj\u0105. Wystarczy telefon kom\u00f3rkowy i stabilne po\u0142\u0105czenie internetowe. Aplikacja dzia\u0142a p\u0142ynnie na systemach iOS i Android, wi\u0119c gracze nie s\u0105 ograniczeni wyborem urz\u0105dzenia.<\/p>\n<div class=\"banner-wrap\" aria-label=\"Banner\"><img src=\"https:\/\/liraluckplay.com\/wp-content\/uploads\/2026\/05\/Liraluck-banner-desktop.webp\" class=\"w-100 d-none d-lg-block img-pc main-banner-img\" alt=\"Liraluck banner desktop\" fetchpriority=\"high\" decoding=\"async\"><img src=\"https:\/\/liraluckplay.com\/wp-content\/uploads\/2026\/05\/liraluck-banner-mobile.png\" class=\"w-100 d-none d-md-block d-lg-none main-banner-img\" alt=\"liraluck banner mobile\" fetchpriority=\"high\" decoding=\"async\"><img src=\"https:\/\/liraluckplay.com\/wp-content\/uploads\/2026\/05\/liraluck-banner-mobile.png\" class=\"w-100 d-md-none\" alt=\"liraluck banner mobile\" fetchpriority=\"high\" decoding=\"async\"><div class=\"banner-description\">\n<div class=\"banner-title\">Bonusy powitalne<\/div>\n<p class=\"banner-header-title\">1500 \u20ac<\/p>\n<div class=\"banner-header-AdditionalText\">+ 250 Darmowe spiny<\/div>\n<button data-item=\"homepage_banner_link\" class=\"goto m-button m-gradient-border m-button--primary m-button--large banner-button btn-orange\">\n            <div class=\"m-button-content\">\n                <span>Zarejestruj si\u0119 teraz<\/span>\n                <span><\/span>\n            <\/div>\n        <\/button>\n<\/div>\n<div class=\"WelcomePack\">\n<p><img loading=\"lazy\" decoding=\"async\" class=\"alignnone size-full wp-image-1859\" src=\"https:\/\/liraluckplay.com\/wp-content\/uploads\/2026\/05\/welcome-crown.png\" alt=\"crown\" width=\"25\" height=\"26\" \/><\/p>\n<div class=\"WelcomePack-Info\">Cotygodniowy zwrot got\u00f3wki do 25%<\/div>\n<p><img loading=\"lazy\" decoding=\"async\" class=\"alignnone size-full wp-image-1859\" src=\"https:\/\/liraluckplay.com\/wp-content\/uploads\/2026\/05\/welcome-crown.png\" alt=\"crown\" width=\"25\" height=\"26\" \/><\/p>\n<\/div>\n<\/div>\n<h2>Korzystanie z Liraluck na urz\u0105dzeniach mobilnych<\/h2>\n<p>Zamiast tworzy\u0107 aplikacj\u0119 natywn\u0105, zdecydowali\u015bmy, \u017ce progresywna aplikacja internetowa b\u0119dzie wygodniejsza dla naszych graczy. Dzia\u0142a ona na wszystkich platformach, wi\u0119c nie ma potrzeby korzystania z dw\u00f3ch oddzielnych program\u00f3w dla Androida i iOS. Kasyno Liraluck u\u017cywa protoko\u0142u TLS i 256-bitowego szyfrowania AES, \u017ceby chroni\u0107 dane na stronie. To samo dotyczy naszej aplikacji PWA, dzi\u0119ki czemu sesje mobilne s\u0105 tak samo bezpieczne jak gra na komputerze.<\/p>\n<p>Informacje o saldzie Twojego konta w Liraluck Casino i inne szczeg\u00f3\u0142y profilu synchronizuj\u0105 si\u0119 z urz\u0105dzeniem, kt\u00f3re wybierzesz podczas logowania. Dzi\u0119ki temu gracze mog\u0105 dokonywa\u0107 wp\u0142at i wyp\u0142aca\u0107 wygrane, zarz\u0105dza\u0107 ustawieniami konta oraz \u0142atwo korzysta\u0107 z innych funkcji na telefonie lub tablecie.<\/p>\n<p>Oto kilka zalet aplikacji PWA.<\/p>\n<table>\n<tbody>\n<tr>\n<td>Korzy\u015b\u0107<\/td>\n<td>Szczeg\u00f3\u0142y<\/td>\n<\/tr>\n<tr>\n<td>\u0141atwy dost\u0119p<\/td>\n<td>Nie musisz pobiera\u0107 aplikacji z zewn\u0119trznych stron internetowych ani sklep\u00f3w z aplikacjami. Gracze mog\u0105 uzyska\u0107 dost\u0119p do aplikacji PWA Liraluck z dowolnej przegl\u0105darki i zainstalowa\u0107 j\u0105 bezpo\u015brednio z naszej strony za pomoc\u0105 kilku klikni\u0119\u0107.<\/td>\n<\/tr>\n<tr>\n<td>Obs\u0142uga wielu platform<\/td>\n<td>Aplikacja Liraluck dzia\u0142a na systemach Android, iOS, macOS i Windows, wi\u0119c mo\u017cesz gra\u0107 na dowolnym urz\u0105dzeniu.<\/td>\n<\/tr>\n<tr>\n<td>Szybkie \u0142adowanie i niewielkie obci\u0105\u017cenie pami\u0119ci<\/td>\n<td>Jest lekka, wi\u0119c nie zajmie du\u017co miejsca w pami\u0119ci. Dlatego \u0142aduje si\u0119 szybko. Poza tym kasyno Lira Luck jest zoptymalizowane do pracy bez zak\u0142\u00f3ce\u0144.<\/td>\n<\/tr>\n<tr>\n<td>Automatyczne aktualizacje<\/td>\n<td>Nasza aplikacja PWA jest zawsze aktualna, poniewa\u017c aktualizuje si\u0119 automatycznie za ka\u017cdym razem, gdy wprowadzamy zmiany na stronie. Nie musisz robi\u0107 tego r\u0119cznie.<\/td>\n<\/tr>\n<\/tbody>\n<\/table>\n<p>Je\u015bli pojawi\u0105 si\u0119 jakie\u015b problemy z aplikacj\u0105 lub po prostu chcesz wyja\u015bni\u0107 pewne kwestie, skontaktuj si\u0119 z naszym zespo\u0142em obs\u0142ugi klienta, aby uzyska\u0107 pomoc. Mo\u017cesz skorzysta\u0107 z czatu na \u017cywo, kt\u00f3ry jest r\u00f3wnie\u017c dost\u0119pny w aplikacjach, lub wys\u0142a\u0107 do nas e-mail.<\/p>\n<p><div class=\"scrollable-content-wrap my-5\"><div class=\"scrollable-content-inner\"><h2>Aplikacja mobilna Liraluck na Androida<\/h2>\n<p>Nie ma osobnych plik\u00f3w APK dla u\u017cytkownik\u00f3w Androida, wi\u0119c mo\u017cesz po prostu korzysta\u0107 z naszego mobilnego kasyna w przegl\u0105darce na swoim smartfonie lub zainstalowa\u0107 aplikacj\u0119 Liraluck ze strony internetowej. Dzi\u0119ki temu gracze mog\u0105 cieszy\u0107 si\u0119 gr\u0105 w dowolnym miejscu. Aplikacja jest zoptymalizowana pod k\u0105tem r\u00f3\u017cnych typ\u00f3w ekran\u00f3w, a gracze mog\u0105 \u0142atwo prze\u0142\u0105cza\u0107 si\u0119 mi\u0119dzy urz\u0105dzeniami. Aby zainstalowa\u0107 aplikacj\u0119 Lira Luck i szybciej uzyska\u0107 dost\u0119p do naszego mobilnego kasyna, gracze mog\u0105 wykona\u0107 poni\u017csze kroki.<\/p>\n<table>\n<tbody>\n<tr>\n<td>Kroki<\/td>\n<td>Szczeg\u00f3\u0142y<\/td>\n<\/tr>\n<tr>\n<td>Krok 1<\/td>\n<td>Otw\u00f3rz nasz\u0105 stron\u0119 w przegl\u0105darce mobilnej, z kt\u00f3rej korzystasz.<\/td>\n<\/tr>\n<tr>\n<td>Krok 2<\/td>\n<td>Znajd\u017a trzy kropki obok paska wyszukiwania.<\/td>\n<\/tr>\n<tr>\n<td>Krok 3<\/td>\n<td>Kliknij ikon\u0119 i znajd\u017a opcj\u0119 \u201eDodaj do ekranu g\u0142\u00f3wnego\u201d.<\/td>\n<\/tr>\n<tr>\n<td>Krok 4<\/td>\n<td>Zg\u00f3d\u017a si\u0119 na instalacj\u0119 aplikacji, a na ekranie g\u0142\u00f3wnym pojawi si\u0119 ikona z logo.<\/td>\n<\/tr>\n<\/tbody>\n<\/table>\n<p>Pami\u0119taj, \u017ceby zako\u0144czy\u0107 sesj\u0119 przed prze\u0142\u0105czeniem si\u0119 z urz\u0105dzenia mobilnego na komputer i odwrotnie. W kasynie Lira Luck gracze mog\u0105 mie\u0107 tylko jedno aktywne konto, wi\u0119c je\u015bli nie wylogujesz si\u0119 z jednego urz\u0105dzenia, nie b\u0119dziesz m\u00f3g\u0142 si\u0119 zalogowa\u0107 na innym.<\/p>\n<p><img loading=\"lazy\" decoding=\"async\" class=\"alignnone size-full wp-image-1939\" src=\"https:\/\/liraluckplay.com\/wp-content\/uploads\/2026\/05\/Liraluck-Android-App.webp\" alt=\"Liraluck Android App\" width=\"1248\" height=\"536\" srcset=\"https:\/\/liraluckplay.com\/wp-content\/uploads\/2026\/05\/Liraluck-Android-App.webp 1248w, https:\/\/liraluckplay.com\/wp-content\/uploads\/2026\/05\/Liraluck-Android-App-300x129.webp 300w, https:\/\/liraluckplay.com\/wp-content\/uploads\/2026\/05\/Liraluck-Android-App-1024x440.webp 1024w, https:\/\/liraluckplay.com\/wp-content\/uploads\/2026\/05\/Liraluck-Android-App-768x330.webp 768w\" sizes=\"(max-width: 1248px) 100vw, 1248px\" \/><\/p>\n<\/div><\/div><div style=\"clear: both\"><\/div><div class=\"d-flex justify-content-center\"><button data-item=\"decouvrez_link\" data-group=\"website_links\" class=\"goto fw-bold rounded-pill btn btn-orange\" aria-label=\"Pobierz aplikacj\u0119 Liraluck\" >Pobierz aplikacj\u0119 Liraluck<\/button><\/div><div class=\"scrollable-content-wrap my-5\"><div class=\"scrollable-content-inner\"><h2>Aplikacja mobilna Liraluck na iOS<\/h2>\n<p>Nie ma r\u00f3\u017cnicy w dzia\u0142aniu naszej aplikacji na Androidzie i iOS, wi\u0119c skr\u00f3t mo\u017cesz utworzy\u0107 w ten sam spos\u00f3b. Po zako\u0144czeniu mo\u017cesz zalogowa\u0107 si\u0119 na swoje konto Lira Luck i cieszy\u0107 si\u0119 tym samym wygl\u0105dem i funkcjonalno\u015bci\u0105, co na stronie internetowej. Niekt\u00f3re funkcje s\u0105 nawet \u0142atwiejsze w u\u017cyciu na telefonie. Na przyk\u0142ad gracze mog\u0105 zako\u0144czy\u0107 proces weryfikacji, wysy\u0142aj\u0105c wymagane dokumenty ze swojego iPhone&#8217;a lub iPada, bez konieczno\u015bci przesy\u0142ania ich na komputer.<\/p>\n<p>Niekt\u00f3re gry s\u0105 te\u017c wygodniejsze na mniejszym ekranie. W razie potrzeby zawsze mo\u017cesz wylogowa\u0107 si\u0119 z konta na telefonie i zalogowa\u0107 si\u0119 z komputera; po autoryzacji wszystkie dane zostan\u0105 zsynchronizowane mi\u0119dzy urz\u0105dzeniami.<\/p>\n<p><img loading=\"lazy\" decoding=\"async\" class=\"alignnone size-full wp-image-1947\" src=\"https:\/\/liraluckplay.com\/wp-content\/uploads\/2026\/05\/Liraluck-iOS-App.webp\" alt=\"Liraluck iOS App\" width=\"1248\" height=\"536\" srcset=\"https:\/\/liraluckplay.com\/wp-content\/uploads\/2026\/05\/Liraluck-iOS-App.webp 1248w, https:\/\/liraluckplay.com\/wp-content\/uploads\/2026\/05\/Liraluck-iOS-App-300x129.webp 300w, https:\/\/liraluckplay.com\/wp-content\/uploads\/2026\/05\/Liraluck-iOS-App-1024x440.webp 1024w, https:\/\/liraluckplay.com\/wp-content\/uploads\/2026\/05\/Liraluck-iOS-App-768x330.webp 768w\" sizes=\"(max-width: 1248px) 100vw, 1248px\" \/><\/p>\n<\/div><\/div><div style=\"clear: both\"><\/div><div class=\"d-flex justify-content-center\"><button data-item=\"decouvrez_link\" data-group=\"website_links\" class=\"goto fw-bold rounded-pill btn btn-orange\" aria-label=\"Pobierz Liraluck\" >Pobierz Liraluck<\/button><\/div><div class=\"scrollable-content-wrap my-5\"><div class=\"scrollable-content-inner\"><h2>Aplikacje na Windows i macOS<\/h2>\n<p>Gracze mog\u0105 te\u017c uruchomi\u0107 nasz\u0105 aplikacj\u0119 na komputerach stacjonarnych i laptopach, \u017ceby zaoszcz\u0119dzi\u0107 sobie kilku krok\u00f3w i szybciej zacz\u0105\u0107 gra\u0107 w Liraluck Casino. Nasza platforma jest w pe\u0142ni zoptymalizowana pod k\u0105tem system\u00f3w Windows i macOS, co pozwala zainstalowa\u0107 niewielki skr\u00f3t, kt\u00f3ry natychmiast uruchamia kasyno w osobnym oknie. Gracze mog\u0105 jednak po prostu otworzy\u0107 Lira Luck Casino w przegl\u0105darce \u2013 to tylko kwestia wygody. Nasza aplikacja aktualizuje si\u0119 w tle, wi\u0119c zawsze grasz na najnowszej wersji platformy.<\/p>\n<p><img loading=\"lazy\" decoding=\"async\" class=\"alignnone size-full wp-image-1955\" src=\"https:\/\/liraluckplay.com\/wp-content\/uploads\/2026\/05\/Liraluck-Desktop.webp\" alt=\"Liraluck Desktop\" width=\"1248\" height=\"536\" srcset=\"https:\/\/liraluckplay.com\/wp-content\/uploads\/2026\/05\/Liraluck-Desktop.webp 1248w, https:\/\/liraluckplay.com\/wp-content\/uploads\/2026\/05\/Liraluck-Desktop-300x129.webp 300w, https:\/\/liraluckplay.com\/wp-content\/uploads\/2026\/05\/Liraluck-Desktop-1024x440.webp 1024w, https:\/\/liraluckplay.com\/wp-content\/uploads\/2026\/05\/Liraluck-Desktop-768x330.webp 768w\" sizes=\"(max-width: 1248px) 100vw, 1248px\" \/><\/p>\n<\/div><\/div><div style=\"clear: both\"><\/div><div class=\"d-flex justify-content-center\"><button data-item=\"decouvrez_link\" data-group=\"website_links\" class=\"goto fw-bold rounded-pill btn btn-orange\" aria-label=\"Pobierz aplikacj\u0119 Liraluck\" >Pobierz aplikacj\u0119 Liraluck<\/button><\/div><div class=\"scrollable-content-wrap my-5\"><div class=\"scrollable-content-inner\"><h2>FAQ<\/h2>\n<h3>Czy odinstalowanie aplikacji Lira Luck spowoduje usuni\u0119cie mojego konta?<\/h3>\n<p>Nie, Twoje konto jest ca\u0142kowicie bezpieczne i nie mo\u017cna go usun\u0105\u0107 wraz z aplikacj\u0105. Dane profilu s\u0105 przechowywane na serwerze, podczas gdy aplikacja jest instalowana bezpo\u015brednio na Twoim urz\u0105dzeniu. Nawet je\u015bli ponownie zainstalujesz aplikacj\u0119 lub uzyskasz do niej dost\u0119p przez przegl\u0105dark\u0119, b\u0119dziesz m\u00f3g\u0142 zalogowa\u0107 si\u0119 na swoje konto w Liraluck. Je\u015bli chcesz usun\u0105\u0107 sw\u00f3j profil, musisz skontaktowa\u0107 si\u0119 z naszym zespo\u0142em pomocy technicznej.<\/p>\n<h3>Czy istnieje r\u00f3\u017cnica mi\u0119dzy katalogiem gier na komputery stacjonarne a katalogiem gier mobilnych?<\/h3>\n<p>Nasza aplikacja odzwierciedla funkcjonalno\u015b\u0107 naszej strony internetowej, wi\u0119c masz dost\u0119p do pe\u0142nego katalogu gier na ka\u017cdym urz\u0105dzeniu. Nie ma r\u00f3\u017cnicy w tytu\u0142ach, a rozgrywka na urz\u0105dzeniach mobilnych jest r\u00f3wnie p\u0142ynna, poniewa\u017c aplikacja automatycznie dostosowuje si\u0119 do rozmiaru ekranu.<\/p>\n<h3>Czy aplikacja PWA b\u0119dzie dzia\u0142a\u0107 p\u0142ynnie na starszych urz\u0105dzeniach?<\/h3>\n<p>Progresywne aplikacje internetowe s\u0105 l\u017cejsze ni\u017c aplikacje natywne i dzia\u0142aj\u0105 p\u0142ynnie na wielu r\u00f3\u017cnych urz\u0105dzeniach. Aplikacja Liraluck Casino jest zoptymalizowana pod k\u0105tem stabilnej wydajno\u015bci i responsywnej rozgrywki przy minimalnym czasie \u0142adowania, nawet na starszych modelach.<\/p>\n<\/div><\/div><\/p>\n","protected":false},"excerpt":{"rendered":"<p>Platforma mobilna Liraluck Nie musisz czeka\u0107, a\u017c wr\u00f3cisz do domu i usi\u0105dziesz przy komputerze, \u017ceby zagra\u0107 w nasze automaty online lub inne gry. Dzi\u0119ki Liraluck app nasi polscy u\u017cytkownicy mog\u0105 gra\u0107, kiedy tylko chc\u0105, bez wzgl\u0119du na to, gdzie si\u0119 znajduj\u0105. Wystarczy telefon kom\u00f3rkowy i stabilne po\u0142\u0105czenie internetowe. Aplikacja dzia\u0142a p\u0142ynnie na systemach iOS i [&hellip;]<\/p>\n","protected":false},"author":1,"featured_media":0,"parent":0,"menu_order":0,"comment_status":"closed","ping_status":"closed","template":"template-builder.php","meta":{"_acf_changed":false,"inline_featured_image":false,"footnotes":""},"class_list":["post-1447","page","type-page","status-publish","hentry"],"acf":[],"yoast_head":"<!-- This site is optimized with the Yoast SEO plugin v24.4 - https:\/\/yoast.com\/wordpress\/plugins\/seo\/ -->\n<title>Liraluck app | Platformy iOS i Android<\/title>\n<meta name=\"description\" content=\"Aplikacja Liraluck zapewnia p\u0142ynn\u0105 rozgrywk\u0119 w kasynie na systemach Android, iOS, Windows i macOS, oferuj\u0105c zsynchronizowane konta, regularne aktualizacje i wbudowan\u0105 obs\u0142ug\u0119 klienta, co zapewnia komfortowe wra\u017cenia z gry.\" \/>\n<meta name=\"robots\" content=\"index, follow, max-snippet:-1, max-image-preview:large, max-video-preview:-1\" \/>\n<link rel=\"canonical\" href=\"https:\/\/liraluckplay.com\/pl\/aplikacja\/\" \/>\n<meta property=\"og:locale\" content=\"pl_PL\" \/>\n<meta property=\"og:type\" content=\"article\" \/>\n<meta property=\"og:title\" content=\"Liraluck app | Platformy iOS i Android\" \/>\n<meta property=\"og:description\" content=\"Aplikacja Liraluck zapewnia p\u0142ynn\u0105 rozgrywk\u0119 w kasynie na systemach Android, iOS, Windows i macOS, oferuj\u0105c zsynchronizowane konta, regularne aktualizacje i wbudowan\u0105 obs\u0142ug\u0119 klienta, co zapewnia komfortowe wra\u017cenia z gry.\" \/>\n<meta property=\"og:url\" content=\"https:\/\/liraluckplay.com\/pl\/aplikacja\/\" \/>\n<meta property=\"og:site_name\" content=\"liraluck\" \/>\n<meta property=\"article:modified_time\" content=\"2026-05-04T10:41:53+00:00\" \/>\n<meta name=\"twitter:card\" content=\"summary_large_image\" \/>\n<meta name=\"twitter:label1\" content=\"Est. reading time\" \/>\n\t<meta name=\"twitter:data1\" content=\"2 minutes\" \/>\n<script type=\"application\/ld+json\" class=\"yoast-schema-graph\">{\"@context\":\"https:\/\/schema.org\",\"@graph\":[{\"@type\":\"WebPage\",\"@id\":\"https:\/\/liraluckplay.com\/pl\/aplikacja\/\",\"url\":\"https:\/\/liraluckplay.com\/pl\/aplikacja\/\",\"name\":\"Liraluck app | Platformy iOS i Android\",\"isPartOf\":{\"@id\":\"https:\/\/liraluckplay.com\/pl\/#website\"},\"datePublished\":\"2026-01-20T12:08:23+00:00\",\"dateModified\":\"2026-05-04T10:41:53+00:00\",\"description\":\"Aplikacja Liraluck zapewnia p\u0142ynn\u0105 rozgrywk\u0119 w kasynie na systemach Android, iOS, Windows i macOS, oferuj\u0105c zsynchronizowane konta, regularne aktualizacje i wbudowan\u0105 obs\u0142ug\u0119 klienta, co zapewnia komfortowe wra\u017cenia z gry.\",\"breadcrumb\":{\"@id\":\"https:\/\/liraluckplay.com\/pl\/aplikacja\/#breadcrumb\"},\"inLanguage\":\"pl-PL\",\"potentialAction\":[{\"@type\":\"ReadAction\",\"target\":[\"https:\/\/liraluckplay.com\/pl\/aplikacja\/\"]}]},{\"@type\":\"BreadcrumbList\",\"@id\":\"https:\/\/liraluckplay.com\/pl\/aplikacja\/#breadcrumb\",\"itemListElement\":[{\"@type\":\"ListItem\",\"position\":1,\"name\":\"Liraluck\",\"item\":\"https:\/\/liraluckplay.com\/pl\/\"},{\"@type\":\"ListItem\",\"position\":2,\"name\":\"Aplikacja\"}]},{\"@type\":\"WebSite\",\"@id\":\"https:\/\/liraluckplay.com\/pl\/#website\",\"url\":\"https:\/\/liraluckplay.com\/pl\/\",\"name\":\"Liraluck\",\"description\":\"\",\"publisher\":{\"@id\":\"https:\/\/liraluckplay.com\/pl\/#organization\"},\"potentialAction\":[{\"@type\":\"SearchAction\",\"target\":{\"@type\":\"EntryPoint\",\"urlTemplate\":\"https:\/\/liraluckplay.com\/pl\/?s={search_term_string}\"},\"query-input\":{\"@type\":\"PropertyValueSpecification\",\"valueRequired\":true,\"valueName\":\"search_term_string\"}}],\"inLanguage\":\"pl-PL\"},{\"@type\":\"Organization\",\"@id\":\"https:\/\/liraluckplay.com\/pl\/#organization\",\"name\":\"Liraluck\",\"url\":\"https:\/\/liraluckplay.com\/pl\/\",\"logo\":{\"@type\":\"ImageObject\",\"inLanguage\":\"pl-PL\",\"@id\":\"https:\/\/liraluckplay.com\/pl\/#\/schema\/logo\/image\/\",\"url\":\"https:\/\/liraluckplay.com\/wp-content\/uploads\/2026\/05\/logo-liraluck.png\",\"contentUrl\":\"https:\/\/liraluckplay.com\/wp-content\/uploads\/2026\/05\/logo-liraluck.png\",\"width\":150,\"height\":47,\"caption\":\"Liraluck\"},\"image\":{\"@id\":\"https:\/\/liraluckplay.com\/pl\/#\/schema\/logo\/image\/\"}}]}<\/script>\n<!-- \/ Yoast SEO plugin. -->","yoast_head_json":{"title":"Liraluck app | Platformy iOS i Android","description":"Aplikacja Liraluck zapewnia p\u0142ynn\u0105 rozgrywk\u0119 w kasynie na systemach Android, iOS, Windows i macOS, oferuj\u0105c zsynchronizowane konta, regularne aktualizacje i wbudowan\u0105 obs\u0142ug\u0119 klienta, co zapewnia komfortowe wra\u017cenia z gry.","robots":{"index":"index","follow":"follow","max-snippet":"max-snippet:-1","max-image-preview":"max-image-preview:large","max-video-preview":"max-video-preview:-1"},"canonical":"https:\/\/liraluckplay.com\/pl\/aplikacja\/","og_locale":"pl_PL","og_type":"article","og_title":"Liraluck app | Platformy iOS i Android","og_description":"Aplikacja Liraluck zapewnia p\u0142ynn\u0105 rozgrywk\u0119 w kasynie na systemach Android, iOS, Windows i macOS, oferuj\u0105c zsynchronizowane konta, regularne aktualizacje i wbudowan\u0105 obs\u0142ug\u0119 klienta, co zapewnia komfortowe wra\u017cenia z gry.","og_url":"https:\/\/liraluckplay.com\/pl\/aplikacja\/","og_site_name":"liraluck","article_modified_time":"2026-05-04T10:41:53+00:00","twitter_card":"summary_large_image","twitter_misc":{"Est. reading time":"2 minutes"},"schema":{"@context":"https:\/\/schema.org","@graph":[{"@type":"WebPage","@id":"https:\/\/liraluckplay.com\/pl\/aplikacja\/","url":"https:\/\/liraluckplay.com\/pl\/aplikacja\/","name":"Liraluck app | Platformy iOS i Android","isPartOf":{"@id":"https:\/\/liraluckplay.com\/pl\/#website"},"datePublished":"2026-01-20T12:08:23+00:00","dateModified":"2026-05-04T10:41:53+00:00","description":"Aplikacja Liraluck zapewnia p\u0142ynn\u0105 rozgrywk\u0119 w kasynie na systemach Android, iOS, Windows i macOS, oferuj\u0105c zsynchronizowane konta, regularne aktualizacje i wbudowan\u0105 obs\u0142ug\u0119 klienta, co zapewnia komfortowe wra\u017cenia z gry.","breadcrumb":{"@id":"https:\/\/liraluckplay.com\/pl\/aplikacja\/#breadcrumb"},"inLanguage":"pl-PL","potentialAction":[{"@type":"ReadAction","target":["https:\/\/liraluckplay.com\/pl\/aplikacja\/"]}]},{"@type":"BreadcrumbList","@id":"https:\/\/liraluckplay.com\/pl\/aplikacja\/#breadcrumb","itemListElement":[{"@type":"ListItem","position":1,"name":"Liraluck","item":"https:\/\/liraluckplay.com\/pl\/"},{"@type":"ListItem","position":2,"name":"Aplikacja"}]},{"@type":"WebSite","@id":"https:\/\/liraluckplay.com\/pl\/#website","url":"https:\/\/liraluckplay.com\/pl\/","name":"Liraluck","description":"","publisher":{"@id":"https:\/\/liraluckplay.com\/pl\/#organization"},"potentialAction":[{"@type":"SearchAction","target":{"@type":"EntryPoint","urlTemplate":"https:\/\/liraluckplay.com\/pl\/?s={search_term_string}"},"query-input":{"@type":"PropertyValueSpecification","valueRequired":true,"valueName":"search_term_string"}}],"inLanguage":"pl-PL"},{"@type":"Organization","@id":"https:\/\/liraluckplay.com\/pl\/#organization","name":"Liraluck","url":"https:\/\/liraluckplay.com\/pl\/","logo":{"@type":"ImageObject","inLanguage":"pl-PL","@id":"https:\/\/liraluckplay.com\/pl\/#\/schema\/logo\/image\/","url":"https:\/\/liraluckplay.com\/wp-content\/uploads\/2026\/05\/logo-liraluck.png","contentUrl":"https:\/\/liraluckplay.com\/wp-content\/uploads\/2026\/05\/logo-liraluck.png","width":150,"height":47,"caption":"Liraluck"},"image":{"@id":"https:\/\/liraluckplay.com\/pl\/#\/schema\/logo\/image\/"}}]}},"_links":{"self":[{"href":"https:\/\/liraluckplay.com\/pl\/wp-json\/wp\/v2\/pages\/1447"}],"collection":[{"href":"https:\/\/liraluckplay.com\/pl\/wp-json\/wp\/v2\/pages"}],"about":[{"href":"https:\/\/liraluckplay.com\/pl\/wp-json\/wp\/v2\/types\/page"}],"author":[{"embeddable":true,"href":"https:\/\/liraluckplay.com\/pl\/wp-json\/wp\/v2\/users\/1"}],"replies":[{"embeddable":true,"href":"https:\/\/liraluckplay.com\/pl\/wp-json\/wp\/v2\/comments?post=1447"}],"version-history":[{"count":4,"href":"https:\/\/liraluckplay.com\/pl\/wp-json\/wp\/v2\/pages\/1447\/revisions"}],"predecessor-version":[{"id":2107,"href":"https:\/\/liraluckplay.com\/pl\/wp-json\/wp\/v2\/pages\/1447\/revisions\/2107"}],"wp:attachment":[{"href":"https:\/\/liraluckplay.com\/pl\/wp-json\/wp\/v2\/media?parent=1447"}],"curies":[{"name":"wp","href":"https:\/\/api.w.org\/{rel}","templated":true}]}}