{"id":1486,"date":"2026-01-20T12:11:11","date_gmt":"2026-01-20T12:11:11","guid":{"rendered":"https:\/\/bonuskongcasino.com\/login-and-registration\/"},"modified":"2026-05-04T11:43:07","modified_gmt":"2026-05-04T10:43:07","slug":"logowanie-i-rejestracja","status":"publish","type":"page","link":"https:\/\/liraluckplay.com\/pl\/logowanie-i-rejestracja\/","title":{"rendered":"Logowanie i rejestracja"},"content":{"rendered":"<h1>Logowanie i rejestracja na koncie Liraluck<\/h1>\n<p>Aby korzysta\u0107 ze wszystkich funkcji naszego kasyna online, zach\u0119camy naszych polskich graczy do zarejestrowania profilu. Wystarczy kilka prostych krok\u00f3w, aby wykorzysta\u0107 Liraluck login, zarz\u0105dza\u0107 swoim kontem i gra\u0107 w dowoln\u0105 gr\u0119 z naszej kolekcji na prawdziwe stawki i wygrane. Zarejestrowani u\u017cytkownicy otrzymuj\u0105 r\u00f3wnie\u017c dost\u0119p do naszych hojnych promocji, w tym pakietu powitalnego o warto\u015bci do 1 500 \u20ac oraz 250 darmowych spin\u00f3w.<\/p>\n<p><div class=\"banner-wrap\" aria-label=\"Banner\"><img src=\"https:\/\/liraluckplay.com\/wp-content\/uploads\/2026\/05\/Liraluck-banner-desktop.webp\" class=\"w-100 d-none d-lg-block img-pc main-banner-img\" alt=\"Liraluck banner desktop\" fetchpriority=\"high\" decoding=\"async\"><img src=\"https:\/\/liraluckplay.com\/wp-content\/uploads\/2026\/05\/liraluck-banner-mobile.png\" class=\"w-100 d-none d-md-block d-lg-none main-banner-img\" alt=\"liraluck banner mobile\" fetchpriority=\"high\" decoding=\"async\"><img src=\"https:\/\/liraluckplay.com\/wp-content\/uploads\/2026\/05\/liraluck-banner-mobile.png\" class=\"w-100 d-md-none\" alt=\"liraluck banner mobile\" fetchpriority=\"high\" decoding=\"async\"><div class=\"banner-description\">\n<div class=\"banner-title\">Bonusy powitalne<\/div>\n<p class=\"banner-header-title\">1500 \u20ac<\/p>\n<div class=\"banner-header-AdditionalText\">+ 250 Darmowe spiny<\/div>\n<button data-item=\"homepage_banner_link\" class=\"goto m-button m-gradient-border m-button--primary m-button--large banner-button btn-orange\">\n            <div class=\"m-button-content\">\n                <span>Zarejestruj si\u0119 teraz<\/span>\n                <span><\/span>\n            <\/div>\n        <\/button>\n<\/div>\n<div class=\"WelcomePack\">\n<p><img loading=\"lazy\" decoding=\"async\" class=\"alignnone size-full wp-image-1859\" src=\"https:\/\/liraluckplay.com\/wp-content\/uploads\/2026\/05\/welcome-crown.png\" alt=\"crown\" width=\"25\" height=\"26\" \/><\/p>\n<div class=\"WelcomePack-Info\">Cotygodniowy zwrot got\u00f3wki do 25%<\/div>\n<p><img loading=\"lazy\" decoding=\"async\" class=\"alignnone size-full wp-image-1859\" src=\"https:\/\/liraluckplay.com\/wp-content\/uploads\/2026\/05\/welcome-crown.png\" alt=\"crown\" width=\"25\" height=\"26\" \/><\/p>\n<\/div>\n<\/div><div class=\"scrollable-content-wrap my-5\"><div class=\"scrollable-content-inner\"><h2>Rejestracja nowego u\u017cytkownika w Lira Luck<\/h2>\n<p>Twoje bezpiecze\u0144stwo i dobre wra\u017cenia s\u0105 dla nas najwa\u017cniejsze. W kasynie Liraluck u\u017cywamy specjalnych system\u00f3w antybotowych i 256-bitowego szyfrowania AES, \u017ceby chroni\u0107 Twoje dane osobowe od momentu rejestracji. Gracze mog\u0105 mie\u0107 tylko jedno konto i musz\u0105 by\u0107 pe\u0142noletni, \u017ceby si\u0119 zarejestrowa\u0107.<\/p>\n<h3>Za\u0142\u00f3\u017c konto<\/h3>\n<p>Aby zarejestrowa\u0107 si\u0119 w Liraluck Casino, musisz znale\u017a\u0107 i klikn\u0105\u0107 przycisk \u201eZarejestruj si\u0119\u201d. Otworzy si\u0119 formularz, kt\u00f3ry musisz wype\u0142ni\u0107 swoimi danymi osobowymi i zaakceptowa\u0107 nasze warunki, aby zako\u0144czy\u0107 proces.<\/p>\n<p>Oto informacje, kt\u00f3re gracze musz\u0105 poda\u0107 podczas rejestracji.<\/p>\n<table>\n<tbody>\n<tr>\n<td>Wymagane dane<\/td>\n<td>Dane<\/td>\n<\/tr>\n<tr>\n<td>E-mail<\/td>\n<td>Musisz poda\u0107 sw\u00f3j aktywny adres e-mail, \u017ceby m\u00f3c si\u0119 p\u00f3\u017aniej zalogowa\u0107, otrzymywa\u0107 wiadomo\u015bci potwierdzaj\u0105ce oraz odzyska\u0107 dost\u0119p do konta w razie potrzeby.<\/td>\n<\/tr>\n<tr>\n<td>Has\u0142o<\/td>\n<td>Utw\u00f3rz silne has\u0142o, najlepiej takie, kt\u00f3rego nie u\u017cywa\u0142e\u015b na innych platformach. Musi mie\u0107 co najmniej 6 znak\u00f3w.<\/td>\n<\/tr>\n<tr>\n<td>Imi\u0119 i nazwisko oraz data urodzenia<\/td>\n<td>Potrzebujemy tych informacji, aby potwierdzi\u0107 Twoj\u0105 to\u017csamo\u015b\u0107 w ramach naszej polityki \u201ePoznaj swojego klienta\u201d oraz sprawdzi\u0107, czy jeste\u015b pe\u0142noletni. Upewnij si\u0119, \u017ce pisownia jest poprawna i zgadza si\u0119 z Twoimi dokumentami.<\/td>\n<\/tr>\n<tr>\n<td>Numer telefonu kom\u00f3rkowego i adres<\/td>\n<td>Te informacje pomog\u0105 nam r\u00f3wnie\u017c zweryfikowa\u0107 Twoj\u0105 to\u017csamo\u015b\u0107, aby zapewni\u0107 bezpiecze\u0144stwo Twojego profilu. Liraluck zach\u0119ca u\u017cytkownik\u00f3w do w\u0142\u0105czenia uwierzytelniania dwusk\u0142adnikowego (2FA) jako dodatkowego \u015brodka bezpiecze\u0144stwa.<\/td>\n<\/tr>\n<\/tbody>\n<\/table>\n<p>Po zako\u0144czeniu rejestracji mo\u017cesz u\u017cy\u0107 swoich danych logowania, aby zalogowa\u0107 si\u0119 za pomoc\u0105 formularza logowania Liraluck.<\/p>\n<p><img loading=\"lazy\" decoding=\"async\" class=\"alignnone size-full wp-image-1963\" src=\"https:\/\/liraluckplay.com\/wp-content\/uploads\/2026\/05\/Liraluck-Login.webp\" alt=\"Liraluck Login\" width=\"1248\" height=\"536\" srcset=\"https:\/\/liraluckplay.com\/wp-content\/uploads\/2026\/05\/Liraluck-Login.webp 1248w, https:\/\/liraluckplay.com\/wp-content\/uploads\/2026\/05\/Liraluck-Login-300x129.webp 300w, https:\/\/liraluckplay.com\/wp-content\/uploads\/2026\/05\/Liraluck-Login-1024x440.webp 1024w, https:\/\/liraluckplay.com\/wp-content\/uploads\/2026\/05\/Liraluck-Login-768x330.webp 768w\" sizes=\"(max-width: 1248px) 100vw, 1248px\" \/><\/p>\n<h2>Korzystanie z konta Liraluck<\/h2>\n<p>Gracze posiadaj\u0105cy konto w naszym kasynie online maj\u0105 dost\u0119p do wszystkich funkcji naszej platformy. Wystarczy zalogowa\u0107 si\u0119 za pomoc\u0105 formularza logowania Liraluck, a b\u0119dziesz m\u00f3g\u0142:<\/p>\n<ul>\n<li>Wp\u0142aca\u0107 \u015brodki i wyp\u0142aca\u0107 wygrane<\/li>\n<li>Ustawia\u0107 limity czasu sesji, transakcji finansowych i strat<\/li>\n<li>Tworzy\u0107 list\u0119 ulubionych gier<\/li>\n<li>Zwi\u0119kszy\u0107 bezpiecze\u0144stwo swojego konta dzi\u0119ki uwierzytelnianiu dwusk\u0142adnikowemu<\/li>\n<li>Edytowa\u0107 informacje w swoim profilu<\/li>\n<li>Aktywuj bonusy i promocje Liraluck<\/li>\n<li>Bierz udzia\u0142 w turniejach i awansuj swoje konto w rankingach<\/li>\n<li>Wykonuj codzienne misje, aby zdobywa\u0107 dodatkowe nagrody<\/li>\n<\/ul>\n<p>Chcemy, aby nasi gracze w pe\u0142ni cieszyli si\u0119 gr\u0105 w Lira Luck Casino. Dlatego udost\u0119pniamy narz\u0119dzia, kt\u00f3re pomog\u0105 Ci spersonalizowa\u0107 konto oraz zarz\u0105dza\u0107 czasem i bud\u017cetem.<\/p>\n<h2>Weryfikacja konta i bezpiecze\u0144stwo w Liraluck<\/h2>\n<p>Aby zapewni\u0107 bezpiecze\u0144stwo Twoich danych osobowych na platformie Liraluck Casino, stosujemy szyfrowanie TLS oraz system przetwarzania p\u0142atno\u015bci zgodny z norm\u0105 PCI-DSS. Ka\u017cdy gracz musi r\u00f3wnie\u017c przej\u015b\u0107 proces weryfikacji, zanim b\u0119dzie m\u00f3g\u0142 wyp\u0142aci\u0107 wygrane z konta. Dlatego prosimy u\u017cytkownik\u00f3w o podanie danych osobowych podczas rejestracji.<\/p>\n<p>Aby potwierdzi\u0107 swoj\u0105 to\u017csamo\u015b\u0107, mo\u017cesz przes\u0142a\u0107 nam sw\u00f3j dow\u00f3d osobisty lub prawo jazdy oraz potwierdzenie aktualnego adresu zamieszkania. Nasz zesp\u00f3\u0142 sprawdzi te dane w ci\u0105gu 48 godzin, po czym b\u0119dziesz m\u00f3g\u0142 zalogowa\u0107 si\u0119 do Liraluck i kontynuowa\u0107 transakcje finansowe.<\/p>\n<h2>Nie pami\u0119tasz has\u0142a?<\/h2>\n<p>Nie ma powodu, by si\u0119 tym przejmowa\u0107. U\u017cytkownicy zawsze mog\u0105 zresetowa\u0107 has\u0142o i uzyska\u0107 dost\u0119p do konta w kilku prostych krokach. Otw\u00f3rz formularz logowania do Liraluck i kliknij przycisk \u201eNie pami\u0119tasz has\u0142a?\u201d na dole strony. Nast\u0119pnie wpisz adres e-mail u\u017cyty podczas rejestracji, aby\u015bmy mogli wys\u0142a\u0107 Ci link do resetowania has\u0142a. Kliknij link w wiadomo\u015bci i post\u0119puj zgodnie z instrukcjami.<\/p>\n<p>Je\u015bli nie widzisz \u017cadnego e-maila w skrzynce odbiorczej, sprawd\u017a folder ze spamem. Aby potwierdzi\u0107 nowe has\u0142o, wr\u00f3\u0107 na stron\u0119 i u\u017cyj go, aby zako\u0144czy\u0107 proces logowania do Lira Luck. Je\u015bli masz jakiekolwiek trudno\u015bci, skontaktuj si\u0119 z naszym zespo\u0142em pomocy technicznej poprzez czat na \u017cywo na platformie.<\/p>\n<h2>FAQ<\/h2>\n<h3>Czy mog\u0119 udost\u0119pni\u0107 m\u00f3j profil w Liraluck Casino znajomemu?<\/h3>\n<p>Ze wzgl\u0119d\u00f3w bezpiecze\u0144stwa nie wolno udost\u0119pnia\u0107 swojego konta nikomu. Jest to sprzeczne z naszymi zasadami i procedurami bezpiecze\u0144stwa. Ka\u017cdy gracz przechodzi proces weryfikacji, wi\u0119c profil jest powi\u0105zany z jedn\u0105 zweryfikowan\u0105 osob\u0105. Stale monitorujemy platform\u0119 Liraluck Casino pod k\u0105tem podejrzanych dzia\u0142a\u0144 i mo\u017cemy po prostu zablokowa\u0107 lub zamkn\u0105\u0107 Twoje konto, je\u015bli zauwa\u017cymy jakiekolwiek nietypowe zachowania. Poza tym proces rejestracji w naszym kasynie online jest prosty, wi\u0119c mo\u017cesz poradzi\u0107 znajomemu, \u017ceby si\u0119 zarejestrowa\u0142 i korzysta\u0142 z w\u0142asnego konta do gry.<\/p>\n<h3>Czy mog\u0119 zosta\u0107 automatycznie wylogowany?<\/h3>\n<p>Tak, w ustawieniach konta mo\u017cesz ustawi\u0107 limity sesji. Aby to zrobi\u0107, otw\u00f3rz sw\u00f3j profil i znajd\u017a sekcj\u0119 \u201eLimity hazardowe\u201d. Tutaj mo\u017cesz wprowadzi\u0107 czas trwania sesji gry. Zostaniesz automatycznie wylogowany ze swojego profilu po osi\u0105gni\u0119ciu ustawionego limitu.<\/p>\n<h3>Czy historia logowa\u0144 jest dost\u0119pna do wgl\u0105du?<\/h3>\n<p>W profilu mo\u017cesz sprawdzi\u0107 histori\u0119 logowa\u0144, a tak\u017ce urz\u0105dzenie, z kt\u00f3rego jeste\u015b aktualnie zalogowany. Aby sprawdzi\u0107 swoje logi, musisz otworzy\u0107 ustawienia konta i przej\u015b\u0107 do sekcji \u201eBezpiecze\u0144stwo\u201d. Zobaczysz tam swoje aktywne i poprzednie sesje oraz urz\u0105dzenia, z kt\u00f3rych korzysta\u0142e\u015b.<\/p>\n<\/div><\/div><\/p>\n","protected":false},"excerpt":{"rendered":"<p>Logowanie i rejestracja na koncie Liraluck Aby korzysta\u0107 ze wszystkich funkcji naszego kasyna online, zach\u0119camy naszych polskich graczy do zarejestrowania profilu. Wystarczy kilka prostych krok\u00f3w, aby wykorzysta\u0107 Liraluck login, zarz\u0105dza\u0107 swoim kontem i gra\u0107 w dowoln\u0105 gr\u0119 z naszej kolekcji na prawdziwe stawki i wygrane. Zarejestrowani u\u017cytkownicy otrzymuj\u0105 r\u00f3wnie\u017c dost\u0119p do naszych hojnych promocji, w [&hellip;]<\/p>\n","protected":false},"author":1,"featured_media":0,"parent":0,"menu_order":0,"comment_status":"closed","ping_status":"closed","template":"template-builder.php","meta":{"_acf_changed":false,"inline_featured_image":false,"footnotes":""},"class_list":["post-1486","page","type-page","status-publish","hentry"],"acf":[],"yoast_head":"<!-- This site is optimized with the Yoast SEO plugin v24.4 - https:\/\/yoast.com\/wordpress\/plugins\/seo\/ -->\n<title>Liraluck Login i rejestracja w serwisie<\/title>\n<meta name=\"description\" content=\"Bez wysi\u0142ku tw\u00f3rz, zarz\u0105dzaj i weryfikuj swoje konto Liraluck. Ciesz si\u0119 szybk\u0105 rejestracj\u0105, \u0142atwym odzyskiwaniem konta i bezpiecznym zamkni\u0119ciem dzi\u0119ki Liraluck Login, zapewniaj\u0105c ochron\u0119 swojego konta przez ca\u0142\u0105 dob\u0119.\" \/>\n<meta name=\"robots\" content=\"index, follow, max-snippet:-1, max-image-preview:large, max-video-preview:-1\" \/>\n<link rel=\"canonical\" href=\"https:\/\/liraluckplay.com\/pl\/logowanie-i-rejestracja\/\" \/>\n<meta property=\"og:locale\" content=\"pl_PL\" \/>\n<meta property=\"og:type\" content=\"article\" \/>\n<meta property=\"og:title\" content=\"Liraluck Login i rejestracja w serwisie\" \/>\n<meta property=\"og:description\" content=\"Bez wysi\u0142ku tw\u00f3rz, zarz\u0105dzaj i weryfikuj swoje konto Liraluck. Ciesz si\u0119 szybk\u0105 rejestracj\u0105, \u0142atwym odzyskiwaniem konta i bezpiecznym zamkni\u0119ciem dzi\u0119ki Liraluck Login, zapewniaj\u0105c ochron\u0119 swojego konta przez ca\u0142\u0105 dob\u0119.\" \/>\n<meta property=\"og:url\" content=\"https:\/\/liraluckplay.com\/pl\/logowanie-i-rejestracja\/\" \/>\n<meta property=\"og:site_name\" content=\"liraluck\" \/>\n<meta property=\"article:modified_time\" content=\"2026-05-04T10:43:07+00:00\" \/>\n<meta name=\"twitter:card\" content=\"summary_large_image\" \/>\n<meta name=\"twitter:label1\" content=\"Est. reading time\" \/>\n\t<meta name=\"twitter:data1\" content=\"1 minute\" \/>\n<script type=\"application\/ld+json\" class=\"yoast-schema-graph\">{\"@context\":\"https:\/\/schema.org\",\"@graph\":[{\"@type\":\"WebPage\",\"@id\":\"https:\/\/liraluckplay.com\/pl\/logowanie-i-rejestracja\/\",\"url\":\"https:\/\/liraluckplay.com\/pl\/logowanie-i-rejestracja\/\",\"name\":\"Liraluck Login i rejestracja w serwisie\",\"isPartOf\":{\"@id\":\"https:\/\/liraluckplay.com\/pl\/#website\"},\"datePublished\":\"2026-01-20T12:11:11+00:00\",\"dateModified\":\"2026-05-04T10:43:07+00:00\",\"description\":\"Bez wysi\u0142ku tw\u00f3rz, zarz\u0105dzaj i weryfikuj swoje konto Liraluck. Ciesz si\u0119 szybk\u0105 rejestracj\u0105, \u0142atwym odzyskiwaniem konta i bezpiecznym zamkni\u0119ciem dzi\u0119ki Liraluck Login, zapewniaj\u0105c ochron\u0119 swojego konta przez ca\u0142\u0105 dob\u0119.\",\"breadcrumb\":{\"@id\":\"https:\/\/liraluckplay.com\/pl\/logowanie-i-rejestracja\/#breadcrumb\"},\"inLanguage\":\"pl-PL\",\"potentialAction\":[{\"@type\":\"ReadAction\",\"target\":[\"https:\/\/liraluckplay.com\/pl\/logowanie-i-rejestracja\/\"]}]},{\"@type\":\"BreadcrumbList\",\"@id\":\"https:\/\/liraluckplay.com\/pl\/logowanie-i-rejestracja\/#breadcrumb\",\"itemListElement\":[{\"@type\":\"ListItem\",\"position\":1,\"name\":\"Liraluck\",\"item\":\"https:\/\/liraluckplay.com\/pl\/\"},{\"@type\":\"ListItem\",\"position\":2,\"name\":\"Logowanie i rejestracja\"}]},{\"@type\":\"WebSite\",\"@id\":\"https:\/\/liraluckplay.com\/pl\/#website\",\"url\":\"https:\/\/liraluckplay.com\/pl\/\",\"name\":\"Liraluck\",\"description\":\"\",\"publisher\":{\"@id\":\"https:\/\/liraluckplay.com\/pl\/#organization\"},\"potentialAction\":[{\"@type\":\"SearchAction\",\"target\":{\"@type\":\"EntryPoint\",\"urlTemplate\":\"https:\/\/liraluckplay.com\/pl\/?s={search_term_string}\"},\"query-input\":{\"@type\":\"PropertyValueSpecification\",\"valueRequired\":true,\"valueName\":\"search_term_string\"}}],\"inLanguage\":\"pl-PL\"},{\"@type\":\"Organization\",\"@id\":\"https:\/\/liraluckplay.com\/pl\/#organization\",\"name\":\"Liraluck\",\"url\":\"https:\/\/liraluckplay.com\/pl\/\",\"logo\":{\"@type\":\"ImageObject\",\"inLanguage\":\"pl-PL\",\"@id\":\"https:\/\/liraluckplay.com\/pl\/#\/schema\/logo\/image\/\",\"url\":\"https:\/\/liraluckplay.com\/wp-content\/uploads\/2026\/05\/logo-liraluck.png\",\"contentUrl\":\"https:\/\/liraluckplay.com\/wp-content\/uploads\/2026\/05\/logo-liraluck.png\",\"width\":150,\"height\":47,\"caption\":\"Liraluck\"},\"image\":{\"@id\":\"https:\/\/liraluckplay.com\/pl\/#\/schema\/logo\/image\/\"}}]}<\/script>\n<!-- \/ Yoast SEO plugin. -->","yoast_head_json":{"title":"Liraluck Login i rejestracja w serwisie","description":"Bez wysi\u0142ku tw\u00f3rz, zarz\u0105dzaj i weryfikuj swoje konto Liraluck. Ciesz si\u0119 szybk\u0105 rejestracj\u0105, \u0142atwym odzyskiwaniem konta i bezpiecznym zamkni\u0119ciem dzi\u0119ki Liraluck Login, zapewniaj\u0105c ochron\u0119 swojego konta przez ca\u0142\u0105 dob\u0119.","robots":{"index":"index","follow":"follow","max-snippet":"max-snippet:-1","max-image-preview":"max-image-preview:large","max-video-preview":"max-video-preview:-1"},"canonical":"https:\/\/liraluckplay.com\/pl\/logowanie-i-rejestracja\/","og_locale":"pl_PL","og_type":"article","og_title":"Liraluck Login i rejestracja w serwisie","og_description":"Bez wysi\u0142ku tw\u00f3rz, zarz\u0105dzaj i weryfikuj swoje konto Liraluck. Ciesz si\u0119 szybk\u0105 rejestracj\u0105, \u0142atwym odzyskiwaniem konta i bezpiecznym zamkni\u0119ciem dzi\u0119ki Liraluck Login, zapewniaj\u0105c ochron\u0119 swojego konta przez ca\u0142\u0105 dob\u0119.","og_url":"https:\/\/liraluckplay.com\/pl\/logowanie-i-rejestracja\/","og_site_name":"liraluck","article_modified_time":"2026-05-04T10:43:07+00:00","twitter_card":"summary_large_image","twitter_misc":{"Est. reading time":"1 minute"},"schema":{"@context":"https:\/\/schema.org","@graph":[{"@type":"WebPage","@id":"https:\/\/liraluckplay.com\/pl\/logowanie-i-rejestracja\/","url":"https:\/\/liraluckplay.com\/pl\/logowanie-i-rejestracja\/","name":"Liraluck Login i rejestracja w serwisie","isPartOf":{"@id":"https:\/\/liraluckplay.com\/pl\/#website"},"datePublished":"2026-01-20T12:11:11+00:00","dateModified":"2026-05-04T10:43:07+00:00","description":"Bez wysi\u0142ku tw\u00f3rz, zarz\u0105dzaj i weryfikuj swoje konto Liraluck. Ciesz si\u0119 szybk\u0105 rejestracj\u0105, \u0142atwym odzyskiwaniem konta i bezpiecznym zamkni\u0119ciem dzi\u0119ki Liraluck Login, zapewniaj\u0105c ochron\u0119 swojego konta przez ca\u0142\u0105 dob\u0119.","breadcrumb":{"@id":"https:\/\/liraluckplay.com\/pl\/logowanie-i-rejestracja\/#breadcrumb"},"inLanguage":"pl-PL","potentialAction":[{"@type":"ReadAction","target":["https:\/\/liraluckplay.com\/pl\/logowanie-i-rejestracja\/"]}]},{"@type":"BreadcrumbList","@id":"https:\/\/liraluckplay.com\/pl\/logowanie-i-rejestracja\/#breadcrumb","itemListElement":[{"@type":"ListItem","position":1,"name":"Liraluck","item":"https:\/\/liraluckplay.com\/pl\/"},{"@type":"ListItem","position":2,"name":"Logowanie i rejestracja"}]},{"@type":"WebSite","@id":"https:\/\/liraluckplay.com\/pl\/#website","url":"https:\/\/liraluckplay.com\/pl\/","name":"Liraluck","description":"","publisher":{"@id":"https:\/\/liraluckplay.com\/pl\/#organization"},"potentialAction":[{"@type":"SearchAction","target":{"@type":"EntryPoint","urlTemplate":"https:\/\/liraluckplay.com\/pl\/?s={search_term_string}"},"query-input":{"@type":"PropertyValueSpecification","valueRequired":true,"valueName":"search_term_string"}}],"inLanguage":"pl-PL"},{"@type":"Organization","@id":"https:\/\/liraluckplay.com\/pl\/#organization","name":"Liraluck","url":"https:\/\/liraluckplay.com\/pl\/","logo":{"@type":"ImageObject","inLanguage":"pl-PL","@id":"https:\/\/liraluckplay.com\/pl\/#\/schema\/logo\/image\/","url":"https:\/\/liraluckplay.com\/wp-content\/uploads\/2026\/05\/logo-liraluck.png","contentUrl":"https:\/\/liraluckplay.com\/wp-content\/uploads\/2026\/05\/logo-liraluck.png","width":150,"height":47,"caption":"Liraluck"},"image":{"@id":"https:\/\/liraluckplay.com\/pl\/#\/schema\/logo\/image\/"}}]}},"_links":{"self":[{"href":"https:\/\/liraluckplay.com\/pl\/wp-json\/wp\/v2\/pages\/1486"}],"collection":[{"href":"https:\/\/liraluckplay.com\/pl\/wp-json\/wp\/v2\/pages"}],"about":[{"href":"https:\/\/liraluckplay.com\/pl\/wp-json\/wp\/v2\/types\/page"}],"author":[{"embeddable":true,"href":"https:\/\/liraluckplay.com\/pl\/wp-json\/wp\/v2\/users\/1"}],"replies":[{"embeddable":true,"href":"https:\/\/liraluckplay.com\/pl\/wp-json\/wp\/v2\/comments?post=1486"}],"version-history":[{"count":3,"href":"https:\/\/liraluckplay.com\/pl\/wp-json\/wp\/v2\/pages\/1486\/revisions"}],"predecessor-version":[{"id":2109,"href":"https:\/\/liraluckplay.com\/pl\/wp-json\/wp\/v2\/pages\/1486\/revisions\/2109"}],"wp:attachment":[{"href":"https:\/\/liraluckplay.com\/pl\/wp-json\/wp\/v2\/media?parent=1486"}],"curies":[{"name":"wp","href":"https:\/\/api.w.org\/{rel}","templated":true}]}}